{"id":639707,"date":"2025-03-22T04:02:55","date_gmt":"2025-03-22T03:02:55","guid":{"rendered":"https:\/\/shop.kustom.ch\/?post_type=product&#038;p=639707"},"modified":"2026-03-27T13:35:44","modified_gmt":"2026-03-27T12:35:44","slug":"rush-2-0-crop-tee-w","status":"publish","type":"product","link":"https:\/\/shop.kustom.ch\/fr\/produit\/rush-2-0-crop-tee-w\/","title":{"rendered":"Rush 2.0 Tee Crop W"},"content":{"rendered":"<p>Le Rush 2.0 Crop Tee est un t-shirt d'entra\u00eenement moulant \u00e0 la coupe raccourcie qui assure une \u00e9vacuation efficace de l'humidit\u00e9 et un refroidissement pour un confort optimal lors de la pratique de l'athl\u00e9tisme, de la gymnastique et d'autres activit\u00e9s similaires. Fabriqu\u00e9 en polyester recycl\u00e9, ce v\u00eatement fait partie de la nouvelle g\u00e9n\u00e9ration de v\u00eatements de sport \u00e0 l'empreinte \u00e9cologique r\u00e9duite. Le design \u00e9pur\u00e9 du t-shirt se pr\u00eate parfaitement au branding avec le logo du club, du sponsor ou de l'entreprise.<\/p>\n<p>- Fabriqu\u00e9 \u00e0 partir de polyester recycl\u00e9<br \/>\n- Mat\u00e9riau fonctionnel et \u00e9lastique<br \/>\n- Coupe courte et ajust\u00e9e<br \/>\n- Un design clair<\/p>\n<p>Mati\u00e8re : 72% polyester recycl\u00e9, 28% \u00e9lasthanne<\/p>","protected":false},"excerpt":{"rendered":"<p>Das Rush 2.0 Crop Tee ist ein eng anliegendes Trainings-T-Shirt mit verk\u00fcrzter Passform, das effizienten Feuchtigkeitstransport und K\u00fchlung f\u00fcr optimalen Komfort bei Leichtathletik, Gymnastik und \u00e4hnlichen Aktivit\u00e4ten gew\u00e4hrleistet. Dieses aus recyceltem Polyester gefertigte Kleidungsst\u00fcck geh\u00f6rt zur neuen Generation von Sportbekleidung mit einem geringeren \u00f6kologischen Fussabdruck. Das T-Shirt hat ein klares Design, das sich perfekt f\u00fcr [&hellip;]<\/p>\n","protected":false},"featured_media":478649,"template":"","meta":[],"product_brand":[],"product_cat":[4201],"product_tag":[],"class_list":{"0":"post-639707","1":"product","2":"type-product","3":"status-publish","4":"has-post-thumbnail","6":"product_cat-t-shirts","7":"pa_brand-craft-teamwear","8":"pa_brand-type-sportswear","9":"pa_filter-color-blau","10":"pa_filter-color-schwarz","12":"first","13":"instock","14":"sale","15":"taxable","16":"shipping-taxable","17":"purchasable","18":"product-type-variable","19":"add-to-wishlist-before_image"},"exclude_global_add_ons":[],"addons":[],"acf":[],"_links":{"self":[{"href":"https:\/\/shop.kustom.ch\/fr\/wp-json\/wp\/v2\/product\/639707"}],"collection":[{"href":"https:\/\/shop.kustom.ch\/fr\/wp-json\/wp\/v2\/product"}],"about":[{"href":"https:\/\/shop.kustom.ch\/fr\/wp-json\/wp\/v2\/types\/product"}],"wp:featuredmedia":[{"embeddable":true,"href":"https:\/\/shop.kustom.ch\/fr\/wp-json\/wp\/v2\/media\/478649"}],"wp:attachment":[{"href":"https:\/\/shop.kustom.ch\/fr\/wp-json\/wp\/v2\/media?parent=639707"}],"wp:term":[{"taxonomy":"product_brand","embeddable":true,"href":"https:\/\/shop.kustom.ch\/fr\/wp-json\/wp\/v2\/product_brand?post=639707"},{"taxonomy":"product_cat","embeddable":true,"href":"https:\/\/shop.kustom.ch\/fr\/wp-json\/wp\/v2\/product_cat?post=639707"},{"taxonomy":"product_tag","embeddable":true,"href":"https:\/\/shop.kustom.ch\/fr\/wp-json\/wp\/v2\/product_tag?post=639707"}],"curies":[{"name":"wp","href":"https:\/\/api.w.org\/{rel}","templated":true}]}}