{"id":639704,"date":"2025-03-22T04:02:55","date_gmt":"2025-03-22T03:02:55","guid":{"rendered":"https:\/\/shop.kustom.ch\/?post_type=product&#038;p=639704"},"modified":"2026-03-27T14:35:35","modified_gmt":"2026-03-27T13:35:35","slug":"rush-2-0-brief-w","status":"publish","type":"product","link":"https:\/\/shop.kustom.ch\/fr\/produit\/rush-2-0-brief-w\/","title":{"rendered":"Rush 2.0 Brief W"},"content":{"rendered":"<p>Les Rush 2.0 Briefs sont des slips de sport l\u00e9gers et \u00e9lastiques qui offrent une \u00e9vacuation efficace de l'humidit\u00e9 et une grande libert\u00e9 de mouvement lors d'activit\u00e9s physiques intenses comme l'athl\u00e9tisme, la gymnastique et la course \u00e0 pied.<\/p>\n<p>La version 2.0 a \u00e9t\u00e9 mise \u00e0 jour avec un nouveau tissu plus r\u00e9sistant et plus \u00e9lastique, qui offre plus de retrait et moins de transparence. Fabriqu\u00e9 \u00e0 partir de polyester recycl\u00e9, ce v\u00eatement repr\u00e9sente la nouvelle g\u00e9n\u00e9ration de v\u00eatements de sport con\u00e7us pour r\u00e9duire l'empreinte \u00e9cologique. Parfait pour le branding avec les logos des clubs, des sponsors ou des entreprises.<\/p>\n<p>- Fabriqu\u00e9 \u00e0 partir de polyester recycl\u00e9 et d'\u00e9lasthanne<br \/>\n- Mise \u00e0 jour avec un nouveau mat\u00e9riau plus solide et plus \u00e9lastique<br \/>\n- Grand effet de pullback et moins de transparence<br \/>\n- Large ceinture pour un confort optimal<br \/>\n- cordon de serrage \u00e0 la taille pour un ajustement optimal<br \/>\n- Un design clair<\/p>\n<p>Mat\u00e9riau : Corps : 77% polyester recycl\u00e9, 23% \u00e9lasthanne. Doublure : 85% polyester recycl\u00e9, 15% \u00e9lasthanne<\/p>","protected":false},"excerpt":{"rendered":"<p>Rush 2.0 Briefs sind leichte und elastische Sportslips, die einen effizienten Feuchtigkeitstransport und grosse Bewegungsfreiheit bei intensiven k\u00f6rperlichen Aktivit\u00e4ten wie Leichtathletik, Gymnastik und Laufen bieten. Die Version 2.0 wurde mit einem neuen, st\u00e4rkeren und elastischeren Material aktualisiert, das mehr R\u00fcckzug und weniger Transparenz bietet. Dieses aus recyceltem Polyester hergestellte Kleidungsst\u00fcck repr\u00e4sentiert die neue Generation von [&hellip;]<\/p>\n","protected":false},"featured_media":629678,"template":"","meta":[],"product_brand":[],"product_cat":[4198],"product_tag":[],"class_list":{"0":"post-639704","1":"product","2":"type-product","3":"status-publish","4":"has-post-thumbnail","6":"product_cat-shorts","7":"pa_brand-craft-teamwear","8":"pa_brand-type-sportswear","9":"pa_filter-color-blau","10":"pa_filter-color-schwarz","12":"first","13":"instock","14":"sale","15":"taxable","16":"shipping-taxable","17":"purchasable","18":"product-type-variable","19":"add-to-wishlist-before_image"},"exclude_global_add_ons":[],"addons":[],"acf":[],"_links":{"self":[{"href":"https:\/\/shop.kustom.ch\/fr\/wp-json\/wp\/v2\/product\/639704"}],"collection":[{"href":"https:\/\/shop.kustom.ch\/fr\/wp-json\/wp\/v2\/product"}],"about":[{"href":"https:\/\/shop.kustom.ch\/fr\/wp-json\/wp\/v2\/types\/product"}],"wp:featuredmedia":[{"embeddable":true,"href":"https:\/\/shop.kustom.ch\/fr\/wp-json\/wp\/v2\/media\/629678"}],"wp:attachment":[{"href":"https:\/\/shop.kustom.ch\/fr\/wp-json\/wp\/v2\/media?parent=639704"}],"wp:term":[{"taxonomy":"product_brand","embeddable":true,"href":"https:\/\/shop.kustom.ch\/fr\/wp-json\/wp\/v2\/product_brand?post=639704"},{"taxonomy":"product_cat","embeddable":true,"href":"https:\/\/shop.kustom.ch\/fr\/wp-json\/wp\/v2\/product_cat?post=639704"},{"taxonomy":"product_tag","embeddable":true,"href":"https:\/\/shop.kustom.ch\/fr\/wp-json\/wp\/v2\/product_tag?post=639704"}],"curies":[{"name":"wp","href":"https:\/\/api.w.org\/{rel}","templated":true}]}}