{"id":639661,"date":"2025-03-22T04:02:29","date_gmt":"2025-03-22T03:02:29","guid":{"rendered":"https:\/\/shop.kustom.ch\/?post_type=product&#038;p=639661"},"modified":"2026-03-27T14:15:30","modified_gmt":"2026-03-27T13:15:30","slug":"race-day-sport-top-w","status":"publish","type":"product","link":"https:\/\/shop.kustom.ch\/fr\/produit\/race-day-sport-top-w\/","title":{"rendered":"Race Day Sport Top W"},"content":{"rendered":"<p>Race Day Sport Top est un haut de course performant qui permet aux sportifs de haut niveau exigeants de d\u00e9passer leurs limites au plus haut niveau en course de fond.<\/p>\n<p>Con\u00e7u pour les marathons les plus prestigieux du monde, ce haut de sport professionnel est fabriqu\u00e9 dans un jersey hautement fonctionnel avec une grande zone de retrait qui offre une \u00e9vacuation exceptionnelle de l'humidit\u00e9 et un ajustement serr\u00e9 et s\u00fbr lors de la course intensive. Con\u00e7u pour les performances de haut niveau, le haut est \u00e9galement dot\u00e9 d'une construction en X perfor\u00e9e \u00e0 l'arri\u00e8re pour une meilleure ventilation et d'une fermeture \u00e0 crochets et \u0153illets r\u00e9glable pour un ajustement optimal. <\/p>\n<p>- Jersey fonctionnel en polyamide recycl\u00e9 et \u00e9lasthanne<br \/>\n- construction en X \u00e0 l'arri\u00e8re<br \/>\n- fermeture \u00e0 crochet et \u00e0 \u0153illet<br \/>\n- \u00c9lastique \u00e0 l'ourlet inf\u00e9rieur<\/p>\n<p>Mati\u00e8re : 74% polyamide recycl\u00e9, 26% \u00e9lasthanne<\/p>","protected":false},"excerpt":{"rendered":"<p>Race Day Sport Top ist ein leistungsstarkes Laufoberteil, das anspruchsvollen Spitzensportlern die M\u00f6glichkeit gibt, ihre Grenzen auf h\u00f6chstem Niveau im Langstreckenlauf zu \u00fcberschreiten. Dieses professionelle Sportoberteil wurde f\u00fcr die prestigetr\u00e4chtigsten Marathons der Welt konzipiert und besteht aus einem hochfunktionellen Jersey mit grossem R\u00fcckzugsbereich, der aussergew\u00f6hnlichen Feuchtigkeitstransport und eine enge, sichere Passform bei intensivem Laufen bietet. [&hellip;]<\/p>\n","protected":false},"featured_media":629664,"template":"","meta":[],"product_brand":[],"product_cat":[4202],"product_tag":[],"class_list":{"0":"post-639661","1":"product","2":"type-product","3":"status-publish","4":"has-post-thumbnail","6":"product_cat-tank-tops","7":"pa_brand-craft-retail-sportswear","8":"pa_brand-type-sportswear","9":"pa_filter-color-weiss","11":"first","12":"instock","13":"sale","14":"taxable","15":"shipping-taxable","16":"purchasable","17":"product-type-variable","18":"add-to-wishlist-before_image"},"exclude_global_add_ons":[],"addons":[],"acf":[],"_links":{"self":[{"href":"https:\/\/shop.kustom.ch\/fr\/wp-json\/wp\/v2\/product\/639661"}],"collection":[{"href":"https:\/\/shop.kustom.ch\/fr\/wp-json\/wp\/v2\/product"}],"about":[{"href":"https:\/\/shop.kustom.ch\/fr\/wp-json\/wp\/v2\/types\/product"}],"wp:featuredmedia":[{"embeddable":true,"href":"https:\/\/shop.kustom.ch\/fr\/wp-json\/wp\/v2\/media\/629664"}],"wp:attachment":[{"href":"https:\/\/shop.kustom.ch\/fr\/wp-json\/wp\/v2\/media?parent=639661"}],"wp:term":[{"taxonomy":"product_brand","embeddable":true,"href":"https:\/\/shop.kustom.ch\/fr\/wp-json\/wp\/v2\/product_brand?post=639661"},{"taxonomy":"product_cat","embeddable":true,"href":"https:\/\/shop.kustom.ch\/fr\/wp-json\/wp\/v2\/product_cat?post=639661"},{"taxonomy":"product_tag","embeddable":true,"href":"https:\/\/shop.kustom.ch\/fr\/wp-json\/wp\/v2\/product_tag?post=639661"}],"curies":[{"name":"wp","href":"https:\/\/api.w.org\/{rel}","templated":true}]}}