{"id":639659,"date":"2025-03-22T04:02:29","date_gmt":"2025-03-22T03:02:29","guid":{"rendered":"https:\/\/shop.kustom.ch\/?post_type=product&#038;p=639659"},"modified":"2026-03-27T15:17:15","modified_gmt":"2026-03-27T14:17:15","slug":"race-day-singlet-m","status":"publish","type":"product","link":"https:\/\/shop.kustom.ch\/fr\/produit\/race-day-singlet-m\/","title":{"rendered":"Maillot Race Day M"},"content":{"rendered":"<p>Race Day Singlet est un singlet de course performant qui permet aux sportifs de haut niveau exigeants de d\u00e9passer leurs limites au plus haut niveau en course de fond.<\/p>\n<p>Con\u00e7u pour les marathons les plus prestigieux du monde, ce maillot professionnel est fabriqu\u00e9 dans un jersey hautement fonctionnel avec des fentes \u00e9lastiques qui s'\u00e9tendent lorsque le tissu est \u00e9tir\u00e9, offrant ainsi une \u00e9vacuation exceptionnelle de l'humidit\u00e9 et une meilleure ventilation lors d'une course intensive. Con\u00e7u pour les performances de haut niveau, ce maillot de corps est \u00e9galement dot\u00e9 d'ourlets soud\u00e9s au niveau du cou et des poignets qui minimisent les frottements, vous permettant ainsi de vous concentrer sur votre rythme et votre forme.<\/p>\n<p>- Tissu jersey l\u00e9ger en polyester recycl\u00e9 et \u00e9lasthanne<br \/>\n- Les fentes d\u00e9coup\u00e9es au laser dans le tissu assurent une meilleure ventilation lorsqu'il est \u00e9tir\u00e9<br \/>\n- design racerback<br \/>\n- Trous de manches creus\u00e9s<br \/>\n- Ourlets soud\u00e9s au cou et aux emmanchures pour minimiser les frottements<br \/>\n- Ourlet scell\u00e9 en bas avec bande adh\u00e9sive visible au dos<br \/>\n- Fentes lat\u00e9rales<\/p>\n<p>Mati\u00e8re : 91% polyester recycl\u00e9, 9% \u00e9lasthanne<\/p>","protected":false},"excerpt":{"rendered":"<p>Race Day Singlet ist ein leistungsstarkes Lauf-Singlet, das anspruchsvollen Spitzensportlern die M\u00f6glichkeit gibt, ihre Grenzen auf h\u00f6chstem Niveau im Langstreckenlauf zu \u00fcberschreiten. Dieses professionelle Singlet wurde f\u00fcr die prestigetr\u00e4chtigsten Marathons der Welt konzipiert und besteht aus einem hochfunktionellen Jersey mit elastischen Schlitz\u00f6ffnungen, die sich ausdehnen, wenn der Stoff gedehnt wird, und so f\u00fcr aussergew\u00f6hnlichen Feuchtigkeitstransport [&hellip;]<\/p>\n","protected":false},"featured_media":629644,"template":"","meta":[],"product_brand":[],"product_cat":[4202],"product_tag":[],"class_list":{"0":"post-639659","1":"product","2":"type-product","3":"status-publish","4":"has-post-thumbnail","6":"product_cat-tank-tops","7":"pa_brand-craft-retail-sportswear","8":"pa_brand-type-sportswear","9":"pa_filter-color-weiss","11":"first","12":"instock","13":"sale","14":"taxable","15":"shipping-taxable","16":"purchasable","17":"product-type-variable","18":"add-to-wishlist-before_image"},"exclude_global_add_ons":[],"addons":[],"acf":[],"_links":{"self":[{"href":"https:\/\/shop.kustom.ch\/fr\/wp-json\/wp\/v2\/product\/639659"}],"collection":[{"href":"https:\/\/shop.kustom.ch\/fr\/wp-json\/wp\/v2\/product"}],"about":[{"href":"https:\/\/shop.kustom.ch\/fr\/wp-json\/wp\/v2\/types\/product"}],"wp:featuredmedia":[{"embeddable":true,"href":"https:\/\/shop.kustom.ch\/fr\/wp-json\/wp\/v2\/media\/629644"}],"wp:attachment":[{"href":"https:\/\/shop.kustom.ch\/fr\/wp-json\/wp\/v2\/media?parent=639659"}],"wp:term":[{"taxonomy":"product_brand","embeddable":true,"href":"https:\/\/shop.kustom.ch\/fr\/wp-json\/wp\/v2\/product_brand?post=639659"},{"taxonomy":"product_cat","embeddable":true,"href":"https:\/\/shop.kustom.ch\/fr\/wp-json\/wp\/v2\/product_cat?post=639659"},{"taxonomy":"product_tag","embeddable":true,"href":"https:\/\/shop.kustom.ch\/fr\/wp-json\/wp\/v2\/product_tag?post=639659"}],"curies":[{"name":"wp","href":"https:\/\/api.w.org\/{rel}","templated":true}]}}