{"id":639638,"date":"2025-03-22T04:02:21","date_gmt":"2025-03-22T03:02:21","guid":{"rendered":"https:\/\/shop.kustom.ch\/?post_type=product&#038;p=639638"},"modified":"2026-03-27T15:57:53","modified_gmt":"2026-03-27T14:57:53","slug":"pure-trail-x-w","status":"publish","type":"product","link":"https:\/\/shop.kustom.ch\/fr\/produit\/pure-trail-x-w\/","title":{"rendered":"Pure Trail X W"},"content":{"rendered":"<p>La Pure Trail X est une chaussure de trail running durable et stable, con\u00e7ue pour la performance longue distance sur diff\u00e9rents terrains.<\/p>\n<p>Cette chaussure de trail running performante est dot\u00e9e d'une semelle interm\u00e9diaire en Cr Foam\u2122 et offre un amorti exceptionnel, une stabilit\u00e9 et un retour d'\u00e9nergie explosif tout en \u00e9tant tr\u00e8s l\u00e9g\u00e8re. Synonyme de sobri\u00e9t\u00e9 avanc\u00e9e, la chaussure est dot\u00e9e d'une Rock Plate expos\u00e9e pour la protection contre les pierres et pour une stabilit\u00e9 accrue sous le m\u00e9tatarse et l'avant-pied. La semelle ext\u00e9rieure \u00e0 forte traction est con\u00e7ue pour une utilisation polyvalente sur le terrain, tandis que la tige est fabriqu\u00e9e en polyester ripstop et renforc\u00e9e dans les zones fortement sollicit\u00e9es par du TPU r\u00e9sistant, qui offre une excellente r\u00e9sistance \u00e0 la d\u00e9chirure.  Cette chaussure est un v\u00e9ritable exemple d'innovation et offre aux coureurs des performances et un confort de premier ordre.<\/p>\n<p>Cr Foam\u2122<br \/>\nCr Foam\u2122 est une mousse de semelle interm\u00e9diaire ultral\u00e9g\u00e8re fabriqu\u00e9e \u00e0 partir de mat\u00e9riaux privil\u00e9gi\u00e9s, qui offre un excellent retour d'\u00e9nergie et procure une sensation de course douce comme un coussin sur diff\u00e9rents terrains. La mousse est fabriqu\u00e9e \u00e0 l'aide d'une technologie avanc\u00e9e qui comprend un processus non toxique dans lequel aucun produit chimique n'est ajout\u00e9 aux mati\u00e8res premi\u00e8res. De plus, les \u00e9l\u00e9ments sont enti\u00e8rement int\u00e9gr\u00e9s \u00e0 haute temp\u00e9rature et haute pression, ce qui renforce les propri\u00e9t\u00e9s de la mousse et permet d'atteindre un niveau de performance plus \u00e9lev\u00e9. <\/p>\n<p>- Tissu ext\u00e9rieur en polyester ripstop fabriqu\u00e9 \u00e0 partir de 50 mat\u00e9riaux recycl\u00e9s %<br \/>\n- Semelle interm\u00e9diaire Cr-Foam\u2122 - ultra-l\u00e9g\u00e8re, rebond ultra-\u00e9lev\u00e9, proc\u00e9d\u00e9 supercritique<br \/>\n- La semelle d'usure en caoutchouc r\u00e9sistant et profil\u00e9 offre une traction et une adh\u00e9rence exceptionnelles sans ajouter de poids.<br \/>\n- Rock Plate expos\u00e9e sous le m\u00e9tatarse et l'avant-pied<br \/>\n- Lacets en mat\u00e9riau 100 % recycl\u00e9<br \/>\n- Poids : 280 g en taille UK5<br \/>\n- Talon 36 mm, avant-pied 30 mm, semelle int\u00e9rieure incluse<br \/>\n- Lamage 6 mm<\/p>\n<p>Mat\u00e9riau : Mi-semelle 100% EVA Foam, Semelle ext\u00e9rieure 100% Rubber, Tige 46% Polyester recycl\u00e9, 46% Polyester, 8% Polyur\u00e9thane<\/p>","protected":false},"excerpt":{"rendered":"<p>Pure Trail X ist ein langlebiger und stabiler Trailrunning-Schuh, der f\u00fcr Langstreckenleistung auf unterschiedlichem Gel\u00e4nde konzipiert ist. Dieser leistungsstarke Trailrunning-Schuh ist mit einer Zwischensohle aus Cr Foam\u2122 ausgestattet und bietet aussergew\u00f6hnliche D\u00e4mpfung, Stabilit\u00e4t und explosive Energier\u00fcckgabe bei gleichzeitig minimalem Gewicht. Der Schuh steht f\u00fcr fortschrittliche Schlichtheit und verf\u00fcgt \u00fcber eine freiliegende Rock Plate zum Schutz [&hellip;]<\/p>\n","protected":false},"featured_media":706500,"template":"","meta":[],"product_brand":[],"product_cat":[4197],"product_tag":[],"class_list":{"0":"post-639638","1":"product","2":"type-product","3":"status-publish","4":"has-post-thumbnail","6":"product_cat-schuhe-sandalen","7":"pa_brand-craft","8":"pa_brand-type-sportswear","9":"pa_filter-color-blau","10":"pa_filter-color-braun","11":"pa_filter-color-grau","12":"pa_filter-color-schwarz","13":"pa_filter-color-weiss","15":"first","16":"instock","17":"sale","18":"taxable","19":"shipping-taxable","20":"purchasable","21":"product-type-variable","22":"add-to-wishlist-before_image"},"exclude_global_add_ons":[],"addons":[],"acf":[],"_links":{"self":[{"href":"https:\/\/shop.kustom.ch\/fr\/wp-json\/wp\/v2\/product\/639638"}],"collection":[{"href":"https:\/\/shop.kustom.ch\/fr\/wp-json\/wp\/v2\/product"}],"about":[{"href":"https:\/\/shop.kustom.ch\/fr\/wp-json\/wp\/v2\/types\/product"}],"wp:featuredmedia":[{"embeddable":true,"href":"https:\/\/shop.kustom.ch\/fr\/wp-json\/wp\/v2\/media\/706500"}],"wp:attachment":[{"href":"https:\/\/shop.kustom.ch\/fr\/wp-json\/wp\/v2\/media?parent=639638"}],"wp:term":[{"taxonomy":"product_brand","embeddable":true,"href":"https:\/\/shop.kustom.ch\/fr\/wp-json\/wp\/v2\/product_brand?post=639638"},{"taxonomy":"product_cat","embeddable":true,"href":"https:\/\/shop.kustom.ch\/fr\/wp-json\/wp\/v2\/product_cat?post=639638"},{"taxonomy":"product_tag","embeddable":true,"href":"https:\/\/shop.kustom.ch\/fr\/wp-json\/wp\/v2\/product_tag?post=639638"}],"curies":[{"name":"wp","href":"https:\/\/api.w.org\/{rel}","templated":true}]}}