{"id":639597,"date":"2025-03-22T04:02:05","date_gmt":"2025-03-22T03:02:05","guid":{"rendered":"https:\/\/shop.kustom.ch\/?post_type=product&#038;p=639597"},"modified":"2026-03-27T15:57:13","modified_gmt":"2026-03-27T14:57:13","slug":"pure-trail-pro-w","status":"publish","type":"product","link":"https:\/\/shop.kustom.ch\/fr\/produit\/pure-trail-pro-w\/","title":{"rendered":"Pure Trail PRO W"},"content":{"rendered":"<p>La Pure Trail Pro est une chaussure de trail running performante avec une semelle ext\u00e9rieure Vittoria, con\u00e7ue pour les descentes \u00e0 grande vitesse et les terrains boueux exigeants dans les Alpes.<\/p>\n<p>Cette chaussure de trail running techniquement avanc\u00e9e est dot\u00e9e d'une semelle interm\u00e9diaire Cr-Foam Pro\u2122 avec 15 % PEBA, qui offre une excellente combinaison d'amorti, de stabilit\u00e9 et de rebond explosif. De plus, la semelle ext\u00e9rieure HyperGrip de la chaussure, tr\u00e8s adh\u00e9rente, a \u00e9t\u00e9 d\u00e9velopp\u00e9e en collaboration avec Vittoria et offre une excellente adh\u00e9rence sur tous les terrains. La chaussure est compos\u00e9e d'une tige ind\u00e9chirable en polyester ripstop, renforc\u00e9e par du TPU pour une plus grande long\u00e9vit\u00e9, et est destin\u00e9e \u00e0 tous ceux qui veulent conqu\u00e9rir les sentiers \u00e0 grande vitesse. Cette chaussure est id\u00e9ale pour les marathons alpins exigeants et convient parfaitement aux conditions pluvieuses, aux descentes rapides et \u00e0 la travers\u00e9e de rivi\u00e8res et de ruisseaux.<\/p>\n<p>Cr Foam Pro\u2122<br \/>\nCr Foam Pro\u2122 est une mousse de semelle interm\u00e9diaire ultral\u00e9g\u00e8re enrichie de super-mousse PEBA (15 %) pour garantir un excellent retour d'\u00e9nergie et une sensation exceptionnelle sur diff\u00e9rents terrains. La mousse est fabriqu\u00e9e \u00e0 l'aide d'une technologie de pointe, qui comprend un processus non toxique dans lequel aucun produit chimique n'est ajout\u00e9 aux mati\u00e8res premi\u00e8res. De plus, les \u00e9l\u00e9ments sont enti\u00e8rement int\u00e9gr\u00e9s sous haute temp\u00e9rature et haute pression, ce qui renforce les propri\u00e9t\u00e9s de la mousse et permet d'atteindre un niveau de performance plus \u00e9lev\u00e9. Le r\u00e9sultat est une mousse de semelle interm\u00e9diaire professionnelle qui permet des performances de pointe.<\/p>\n<p>Semelle ext\u00e9rieure Vittoria inspir\u00e9e de Syerra<br \/>\nCette semelle ext\u00e9rieure high-tech dispose d'un profil espac\u00e9, fa\u00e7onn\u00e9 et stri\u00e9 de mani\u00e8re \u00e0 adh\u00e9rer aux mont\u00e9es, aux rochers et aux racines, et offre une adh\u00e9rence exceptionnelle sur les terrains exigeants et dans les descentes \u00e0 grande vitesse. D\u00e9velopp\u00e9 en collaboration avec le fabricant de pneus v\u00e9lo de classe mondiale Vittoria et inspir\u00e9 du pneu de course renforc\u00e9 Syerra.<\/p>\n<p>- Dessus en polyester ripstop r\u00e9sistant<br \/>\n- Semelle interm\u00e9diaire Cr-Foam Pro\u2122 avec 15 % PEBA pour un amorti r\u00e9actif<br \/>\n- Semelle ext\u00e9rieure Vittoria \u00e0 haute traction, inspir\u00e9e du pneu Syerra<br \/>\n- Semelle int\u00e9rieure Ortholite\u2122 \u00e0 haute r\u00e9silience en 30 % de mat\u00e9riaux recycl\u00e9s<br \/>\n- Renforts en TPU dans les zones critiques<br \/>\n- Coupe normale Craft<br \/>\n- Poids : 254 g en taille UK5<br \/>\n- Talon 36 mm, avant-pied 30 mm, semelle int\u00e9rieure incluse<br \/>\n- Lamage : 6 mm<\/p>\n<p>Mat\u00e9riau : Tige : 100% ur\u00e9thane thermoplastique. Semelle intercalaire : 100% EVA mousse supercritique. Semelle ext\u00e9rieure : 100% caoutchouc. Semelle int\u00e9rieure : Polyester 20%, Polyester recycl\u00e9 80%<\/p>","protected":false},"excerpt":{"rendered":"<p>Der Pure Trail Pro ist ein leistungsstarker Trailrunning-Schuh mit einer Vittoria-Aussensohle, der f\u00fcr Hochgeschwindigkeitsabfahrten und anspruchsvolles, schlammiges Gel\u00e4nde in den Alpen konzipiert ist. Dieser technisch fortschrittliche Trailrunning-Schuh verf\u00fcgt \u00fcber eine Cr-Foam Pro\u2122-Zwischensohle mit 15 % PEBA, die eine hervorragende Kombination aus D\u00e4mpfung, Stabilit\u00e4t und explosiver R\u00fcckfederung bietet. Dar\u00fcber hinaus wurde die griffige HyperGrip-Aussensohle des Schuhs [&hellip;]<\/p>\n","protected":false},"featured_media":706511,"template":"","meta":[],"product_brand":[],"product_cat":[4197],"product_tag":[],"class_list":{"0":"post-639597","1":"product","2":"type-product","3":"status-publish","4":"has-post-thumbnail","6":"product_cat-schuhe-sandalen","7":"pa_brand-craft","8":"pa_brand-type-sportswear","9":"pa_filter-color-blau","10":"pa_filter-color-braun","11":"pa_filter-color-rot","12":"pa_filter-color-schwarz","14":"first","15":"instock","16":"sale","17":"taxable","18":"shipping-taxable","19":"purchasable","20":"product-type-variable","21":"add-to-wishlist-before_image"},"exclude_global_add_ons":[],"addons":[],"acf":[],"_links":{"self":[{"href":"https:\/\/shop.kustom.ch\/fr\/wp-json\/wp\/v2\/product\/639597"}],"collection":[{"href":"https:\/\/shop.kustom.ch\/fr\/wp-json\/wp\/v2\/product"}],"about":[{"href":"https:\/\/shop.kustom.ch\/fr\/wp-json\/wp\/v2\/types\/product"}],"wp:featuredmedia":[{"embeddable":true,"href":"https:\/\/shop.kustom.ch\/fr\/wp-json\/wp\/v2\/media\/706511"}],"wp:attachment":[{"href":"https:\/\/shop.kustom.ch\/fr\/wp-json\/wp\/v2\/media?parent=639597"}],"wp:term":[{"taxonomy":"product_brand","embeddable":true,"href":"https:\/\/shop.kustom.ch\/fr\/wp-json\/wp\/v2\/product_brand?post=639597"},{"taxonomy":"product_cat","embeddable":true,"href":"https:\/\/shop.kustom.ch\/fr\/wp-json\/wp\/v2\/product_cat?post=639597"},{"taxonomy":"product_tag","embeddable":true,"href":"https:\/\/shop.kustom.ch\/fr\/wp-json\/wp\/v2\/product_tag?post=639597"}],"curies":[{"name":"wp","href":"https:\/\/api.w.org\/{rel}","templated":true}]}}