{"id":639551,"date":"2025-03-22T04:01:50","date_gmt":"2025-03-22T03:01:50","guid":{"rendered":"https:\/\/shop.kustom.ch\/?post_type=product&#038;p=639551"},"modified":"2026-03-27T16:02:57","modified_gmt":"2026-03-27T15:02:57","slug":"pure-trail-hydro-m","status":"publish","type":"product","link":"https:\/\/shop.kustom.ch\/fr\/produit\/pure-trail-hydro-m\/","title":{"rendered":"Pure Trail Hydro M"},"content":{"rendered":"<p>Pure Trail Hydro est une chaussure de trail imperm\u00e9able, con\u00e7ue pour la randonn\u00e9e et pour une utilisation quotidienne dans des conditions humides et difficiles. <\/p>\n<p>Cette chaussure r\u00e9sistante est dot\u00e9e d'une membrane imperm\u00e9able dans la tige qui offre une protection contre la boue et l'eau, ce qui en fait le choix id\u00e9al pour une grande vari\u00e9t\u00e9 d'activit\u00e9s quotidiennes. Elle est \u00e9quip\u00e9e d'une semelle interm\u00e9diaire Cr-Foam\u2122 sur toute la longueur, qui offre un amorti, une stabilit\u00e9 et un retour d'\u00e9nergie exceptionnels, tout en r\u00e9duisant le poids au minimum. La chaussure est synonyme de sobri\u00e9t\u00e9 avanc\u00e9e et dispose d'une Rock Plate expos\u00e9e pour la protection contre les pierres et pour une meilleure stabilit\u00e9 sous le m\u00e9tatarse et l'avant-pied. De plus, la semelle ext\u00e9rieure \u00e0 traction totale offre une adh\u00e9rence exceptionnelle dans les environnements exigeants. De plus, la tige est en polyamide ripstop pour une excellente r\u00e9sistance \u00e0 la d\u00e9chirure et est renforc\u00e9e par du TPU r\u00e9sistant dans les zones fortement sollicit\u00e9es. Un must polyvalent pour toute garde-robe.<\/p>\n<p>Cr Foam\u2122<br \/>\nCr Foam\u2122 est une mousse de semelle interm\u00e9diaire ultral\u00e9g\u00e8re fabriqu\u00e9e \u00e0 partir de mat\u00e9riaux privil\u00e9gi\u00e9s, qui offre un excellent retour d'\u00e9nergie et procure une sensation de course douce comme un coussin sur diff\u00e9rents terrains. La mousse est fabriqu\u00e9e \u00e0 l'aide d'une technologie avanc\u00e9e qui comprend un processus non toxique dans lequel aucun produit chimique n'est ajout\u00e9 aux mati\u00e8res premi\u00e8res. De plus, les \u00e9l\u00e9ments sont enti\u00e8rement int\u00e9gr\u00e9s \u00e0 haute temp\u00e9rature et haute pression, ce qui renforce les propri\u00e9t\u00e9s de la mousse et permet d'atteindre un niveau de performance plus \u00e9lev\u00e9. <\/p>\n<p>- Tissu ext\u00e9rieur en polyamide ripstop avec membrane imperm\u00e9able, fabriqu\u00e9 \u00e0 partir de 50 mat\u00e9riaux recycl\u00e9s %<br \/>\n- Semelle interm\u00e9diaire Cr-Foam\u2122 - ultra-l\u00e9g\u00e8re, rebond ultra-\u00e9lev\u00e9, proc\u00e9d\u00e9 supercritique<br \/>\n- La semelle d'usure en caoutchouc r\u00e9sistant et profil\u00e9 offre une traction et une adh\u00e9rence exceptionnelles sans ajouter de poids.<br \/>\n- Rock Plate expos\u00e9e sous le m\u00e9tatarse et l'avant-pied<br \/>\n- Lacets en mat\u00e9riau 100 % recycl\u00e9<br \/>\n- Coupe relativement \u00e9troite<br \/>\n- Poids : 385 g en taille UK8<br \/>\n- Talon 36 mm, avant-pied 30 mm, semelle int\u00e9rieure incluse<br \/>\n- Lamage 6 mm<\/p>\n<p>Mat\u00e9riau : Tige 92% polyester,8% polyur\u00e9thane, Semelle interm\u00e9diaire 100% EVA Foam, Semelle ext\u00e9rieure 100% caoutchouc<\/p>","protected":false},"excerpt":{"rendered":"<p>Pure Trail Hydro ist ein wasserdichter Trailschuh, der zum Wandern und f\u00fcr den t\u00e4glichen Gebrauch unter nassen und rauen Bedingungen entwickelt wurde. Dieser strapazierf\u00e4hige Schuh verf\u00fcgt \u00fcber eine wasserdichte Membran im Obermaterial, die Schutz vor Schlamm und Wasser bietet und ihn zur idealen Wahl f\u00fcr eine Vielzahl von Alltagsaktivit\u00e4ten macht. Es ist mit einer durchgehenden [&hellip;]<\/p>\n","protected":false},"featured_media":706516,"template":"","meta":[],"product_brand":[],"product_cat":[4197],"product_tag":[],"class_list":{"0":"post-639551","1":"product","2":"type-product","3":"status-publish","4":"has-post-thumbnail","6":"product_cat-schuhe-sandalen","7":"pa_brand-craft","8":"pa_brand-type-sportswear","9":"pa_filter-color-schwarz","11":"first","12":"instock","13":"sale","14":"taxable","15":"shipping-taxable","16":"purchasable","17":"product-type-variable","18":"add-to-wishlist-before_image"},"exclude_global_add_ons":[],"addons":[],"acf":[],"_links":{"self":[{"href":"https:\/\/shop.kustom.ch\/fr\/wp-json\/wp\/v2\/product\/639551"}],"collection":[{"href":"https:\/\/shop.kustom.ch\/fr\/wp-json\/wp\/v2\/product"}],"about":[{"href":"https:\/\/shop.kustom.ch\/fr\/wp-json\/wp\/v2\/types\/product"}],"wp:featuredmedia":[{"embeddable":true,"href":"https:\/\/shop.kustom.ch\/fr\/wp-json\/wp\/v2\/media\/706516"}],"wp:attachment":[{"href":"https:\/\/shop.kustom.ch\/fr\/wp-json\/wp\/v2\/media?parent=639551"}],"wp:term":[{"taxonomy":"product_brand","embeddable":true,"href":"https:\/\/shop.kustom.ch\/fr\/wp-json\/wp\/v2\/product_brand?post=639551"},{"taxonomy":"product_cat","embeddable":true,"href":"https:\/\/shop.kustom.ch\/fr\/wp-json\/wp\/v2\/product_cat?post=639551"},{"taxonomy":"product_tag","embeddable":true,"href":"https:\/\/shop.kustom.ch\/fr\/wp-json\/wp\/v2\/product_tag?post=639551"}],"curies":[{"name":"wp","href":"https:\/\/api.w.org\/{rel}","templated":true}]}}