{"id":639544,"date":"2025-03-22T04:01:10","date_gmt":"2025-03-22T03:01:10","guid":{"rendered":"https:\/\/shop.kustom.ch\/?post_type=product&#038;p=639544"},"modified":"2026-03-27T14:07:29","modified_gmt":"2026-03-27T13:07:29","slug":"progress-handball-gk-2-0-sweatpants-w","status":"publish","type":"product","link":"https:\/\/shop.kustom.ch\/fr\/produit\/progress-handball-gk-2-0-sweatpants-w\/","title":{"rendered":"Progress Handball GK 2.0 Sweatpants W"},"content":{"rendered":"<p>Les sweatpants Progress Handball GK 2.0 sont des pantalons de gardien de but de handball am\u00e9lior\u00e9s, avec des jambes droites et une coupe ample pour une plus grande libert\u00e9 de mouvement. Le pantalon est compos\u00e9 d'un m\u00e9lange doux de coton bio et de polyester recycl\u00e9, qui garantit un grand confort et une \u00e9vacuation efficace de l'humidit\u00e9. De plus, ce pantalon de gardien de but orient\u00e9 vers la performance ne poss\u00e8de pas de fermetures \u00e9clair ou de poches, afin d'\u00e9viter que les doigts ne se coincent dans les situations de jeu d\u00e9cisives.<\/p>\n<p>- Tissu doux en coton bio et polyester recycl\u00e9<br \/>\n- Jambes droites<br \/>\n- Pas de poches ou de fermetures \u00e9clair<br \/>\n- Un design clair<br \/>\n- Coupe d\u00e9contract\u00e9e<\/p>\n<p>Mati\u00e8re : coton biologique 70%, polyester recycl\u00e9 30%<\/p>","protected":false},"excerpt":{"rendered":"<p>Die Progress Handball GK 2.0 Sweatpants sind verbesserte Handball-Torwarthosen mit geradem Bein und lockerer Passform f\u00fcr mehr Bewegungsfreiheit. Die Hose besteht aus einer weichen Mischung aus Bio-Baumwolle und recyceltem Polyester, die hohen Tragekomfort und effizienten Feuchtigkeitstransport gew\u00e4hrleistet. Ausserdem hat diese leistungsorientierte Torwarthose keine Reissverschl\u00fcsse oder Taschen, damit in entscheidenden Spielsituationen keine Finger h\u00e4ngen bleiben. \u2022 [&hellip;]<\/p>\n","protected":false},"featured_media":479614,"template":"","meta":[],"product_brand":[],"product_cat":[4185],"product_tag":[],"class_list":{"0":"post-639544","1":"product","2":"type-product","3":"status-publish","4":"has-post-thumbnail","6":"product_cat-hosen","7":"pa_brand-craft-teamwear","8":"pa_brand-type-sportswear","9":"pa_filter-color-schwarz","11":"first","12":"instock","13":"sale","14":"taxable","15":"shipping-taxable","16":"purchasable","17":"product-type-variable","18":"add-to-wishlist-before_image"},"exclude_global_add_ons":[],"addons":[],"acf":[],"_links":{"self":[{"href":"https:\/\/shop.kustom.ch\/fr\/wp-json\/wp\/v2\/product\/639544"}],"collection":[{"href":"https:\/\/shop.kustom.ch\/fr\/wp-json\/wp\/v2\/product"}],"about":[{"href":"https:\/\/shop.kustom.ch\/fr\/wp-json\/wp\/v2\/types\/product"}],"wp:featuredmedia":[{"embeddable":true,"href":"https:\/\/shop.kustom.ch\/fr\/wp-json\/wp\/v2\/media\/479614"}],"wp:attachment":[{"href":"https:\/\/shop.kustom.ch\/fr\/wp-json\/wp\/v2\/media?parent=639544"}],"wp:term":[{"taxonomy":"product_brand","embeddable":true,"href":"https:\/\/shop.kustom.ch\/fr\/wp-json\/wp\/v2\/product_brand?post=639544"},{"taxonomy":"product_cat","embeddable":true,"href":"https:\/\/shop.kustom.ch\/fr\/wp-json\/wp\/v2\/product_cat?post=639544"},{"taxonomy":"product_tag","embeddable":true,"href":"https:\/\/shop.kustom.ch\/fr\/wp-json\/wp\/v2\/product_tag?post=639544"}],"curies":[{"name":"wp","href":"https:\/\/api.w.org\/{rel}","templated":true}]}}