{"id":639533,"date":"2025-03-22T04:00:35","date_gmt":"2025-03-22T03:00:35","guid":{"rendered":"https:\/\/shop.kustom.ch\/?post_type=product&#038;p=639533"},"modified":"2026-03-27T13:32:33","modified_gmt":"2026-03-27T12:32:33","slug":"progress-2-0-contrast-sock-w-o-foot","status":"publish","type":"product","link":"https:\/\/shop.kustom.ch\/fr\/produit\/progress-2-0-contrast-sock-w-o-foot\/","title":{"rendered":"Progress 2.0 Contrast Sock W-O Foot"},"content":{"rendered":"<p>La Progress 2.0 Contrast Sock sans pied est une chaussette de jeu et d'entra\u00eenement sans pied, con\u00e7ue pour vous faire passer au niveau sup\u00e9rieur, vous et vos co\u00e9quipiers. Fabriqu\u00e9e dans un tissu fonctionnel, r\u00e9sistant et extensible, cette chaussette offre un excellent ajustement et garde vos pieds au sec pendant les activit\u00e9s intenses. Elle dispose \u00e9galement d'inserts tricot\u00e9s strat\u00e9giquement plac\u00e9s pour maintenir les prot\u00e8ge-tibias en place et de poignets c\u00f4tel\u00e9s rabattables.<\/p>\n<p>Mati\u00e8re : 80% polyester recycl\u00e9, 20% \u00e9lasthanne<\/p>","protected":false},"excerpt":{"rendered":"<p>Die Progress 2.0 Contrast Sock ohne Fuss ist eine fusslose Spiel- und Trainingssocke, die Sie und Ihre Teamkollegen auf die n\u00e4chste Stufe bringen soll. Hergestellt aus einem funktionalen, strapazierf\u00e4higen und dehnbaren Stoff, bietet die Socke eine hervorragende Passform und h\u00e4lt Ihre F\u00fcsse w\u00e4hrend intensiver Aktivit\u00e4ten trocken. Sie verf\u00fcgt auch \u00fcber strategisch platzierte gestrickte Eins\u00e4tze, die [&hellip;]<\/p>\n","protected":false},"featured_media":629432,"template":"","meta":[],"product_brand":[],"product_cat":[4199],"product_tag":[],"class_list":{"0":"post-639533","1":"product","2":"type-product","3":"status-publish","4":"has-post-thumbnail","6":"product_cat-socken","7":"pa_brand-craft-teamwear","8":"pa_brand-type-sportswear","9":"pa_filter-color-blau","10":"pa_filter-color-gruen","11":"pa_filter-color-orange","12":"pa_filter-color-rot","13":"pa_filter-color-schwarz","14":"pa_filter-color-weiss","16":"first","17":"instock","18":"sale","19":"taxable","20":"shipping-taxable","21":"purchasable","22":"product-type-variable","23":"add-to-wishlist-before_image"},"exclude_global_add_ons":[],"addons":[],"acf":[],"_links":{"self":[{"href":"https:\/\/shop.kustom.ch\/fr\/wp-json\/wp\/v2\/product\/639533"}],"collection":[{"href":"https:\/\/shop.kustom.ch\/fr\/wp-json\/wp\/v2\/product"}],"about":[{"href":"https:\/\/shop.kustom.ch\/fr\/wp-json\/wp\/v2\/types\/product"}],"wp:featuredmedia":[{"embeddable":true,"href":"https:\/\/shop.kustom.ch\/fr\/wp-json\/wp\/v2\/media\/629432"}],"wp:attachment":[{"href":"https:\/\/shop.kustom.ch\/fr\/wp-json\/wp\/v2\/media?parent=639533"}],"wp:term":[{"taxonomy":"product_brand","embeddable":true,"href":"https:\/\/shop.kustom.ch\/fr\/wp-json\/wp\/v2\/product_brand?post=639533"},{"taxonomy":"product_cat","embeddable":true,"href":"https:\/\/shop.kustom.ch\/fr\/wp-json\/wp\/v2\/product_cat?post=639533"},{"taxonomy":"product_tag","embeddable":true,"href":"https:\/\/shop.kustom.ch\/fr\/wp-json\/wp\/v2\/product_tag?post=639533"}],"curies":[{"name":"wp","href":"https:\/\/api.w.org\/{rel}","templated":true}]}}