{"id":639519,"date":"2025-03-22T04:00:21","date_gmt":"2025-03-22T03:00:21","guid":{"rendered":"https:\/\/shop.kustom.ch\/?post_type=product&#038;p=639519"},"modified":"2026-03-27T13:45:42","modified_gmt":"2026-03-27T12:45:42","slug":"pro-wool-merino-pant-m","status":"publish","type":"product","link":"https:\/\/shop.kustom.ch\/fr\/produit\/pro-wool-merino-pant-m\/","title":{"rendered":"Pantalon PRO Wool Merino M"},"content":{"rendered":"<p>Long baselayer-pantalon pour avanc\u00e9s en doux m\u00e9lange de laine m\u00e9rino\/polyamide\/polyester, garde le corps au chaud et au sec toute la journ\u00e9e.<br \/>\n- Coupe ajust\u00e9e<br \/>\n-La laine est une mati\u00e8re naturelle et reste s\u00e8che m\u00eame lorsqu'elle est humide.<br \/>\n-Laine m\u00e9rinos sans mules<br \/>\n-La laine de m\u00e9rinos est naturellement inodore<\/p>\n<p>Mati\u00e8re : 77% laine m\u00e9rinos, 23% polyester<\/p>","protected":false},"excerpt":{"rendered":"<p>Lange Baselayer-Pants f\u00fcr Fortgeschrittene aus weichem Merinowolle-\/Polyamid-\/Polyester-Gemisch, h\u00e4lt den K\u00f6rper den ganzen Tag lang warm und trocken. \u2022 Enge Passform \u2022Wolle ist ein nat\u00fcrliches Material und h\u00e4lt auch trocken, wenn sie feucht ist \u2022Mulesingfreie Merinowolle \u2022Merinowolle ist von Natur aus geruchlos Material: 77% Merinowolle, 23% Polyester<\/p>","protected":false},"featured_media":629417,"template":"","meta":[],"product_brand":[],"product_cat":[4190,4206],"product_tag":[],"class_list":{"0":"post-639519","1":"product","2":"type-product","3":"status-publish","4":"has-post-thumbnail","6":"product_cat-leggings","7":"product_cat-underwear","8":"pa_brand-craft-retail-sportswear","9":"pa_brand-type-sportswear","10":"pa_filter-color-schwarz","12":"first","13":"instock","14":"sale","15":"taxable","16":"shipping-taxable","17":"purchasable","18":"product-type-variable","19":"add-to-wishlist-before_image"},"exclude_global_add_ons":[],"addons":[],"acf":[],"_links":{"self":[{"href":"https:\/\/shop.kustom.ch\/fr\/wp-json\/wp\/v2\/product\/639519"}],"collection":[{"href":"https:\/\/shop.kustom.ch\/fr\/wp-json\/wp\/v2\/product"}],"about":[{"href":"https:\/\/shop.kustom.ch\/fr\/wp-json\/wp\/v2\/types\/product"}],"wp:featuredmedia":[{"embeddable":true,"href":"https:\/\/shop.kustom.ch\/fr\/wp-json\/wp\/v2\/media\/629417"}],"wp:attachment":[{"href":"https:\/\/shop.kustom.ch\/fr\/wp-json\/wp\/v2\/media?parent=639519"}],"wp:term":[{"taxonomy":"product_brand","embeddable":true,"href":"https:\/\/shop.kustom.ch\/fr\/wp-json\/wp\/v2\/product_brand?post=639519"},{"taxonomy":"product_cat","embeddable":true,"href":"https:\/\/shop.kustom.ch\/fr\/wp-json\/wp\/v2\/product_cat?post=639519"},{"taxonomy":"product_tag","embeddable":true,"href":"https:\/\/shop.kustom.ch\/fr\/wp-json\/wp\/v2\/product_tag?post=639519"}],"curies":[{"name":"wp","href":"https:\/\/api.w.org\/{rel}","templated":true}]}}