{"id":639460,"date":"2025-03-22T03:59:44","date_gmt":"2025-03-22T02:59:44","guid":{"rendered":"https:\/\/shop.kustom.ch\/?post_type=product&#038;p=639460"},"modified":"2026-03-27T15:18:15","modified_gmt":"2026-03-27T14:18:15","slug":"pro-trail-singlet-2-m","status":"publish","type":"product","link":"https:\/\/shop.kustom.ch\/fr\/produit\/pro-trail-singlet-2-m\/","title":{"rendered":"PRO Trail Singlet 2 M"},"content":{"rendered":"<p>Le PRO Trail Singlet 2 est un singlet de course professionnel con\u00e7u pour le trail running de haute intensit\u00e9.<\/p>\n<p>Ce singlet de course performant est fabriqu\u00e9 dans un tissu jersey tr\u00e8s l\u00e9ger \u00e0 structure jacquard qui offre une excellente ventilation. Ce maillot de corps est \u00e9galement dot\u00e9 de fentes lat\u00e9rales pour une plus grande libert\u00e9 de mouvement et d'un ourlet soud\u00e9 \u00e0 l'encolure pour \u00e9viter les frottements. <\/p>\n<p>- Tissu jersey l\u00e9ger \u00e0 structure jacquard en polyester recycl\u00e9 et \u00e9lasthanne<br \/>\n- Ourlets soud\u00e9s \u00e0 l'encolure, aux ouvertures des manches et \u00e0 l'ourlet inf\u00e9rieur<br \/>\n- Fentes lat\u00e9rales<br \/>\n- Coupe normale<\/p>\n<p>Mati\u00e8re : polyester recycl\u00e9 86%, \u00e9lasthanne 14%<\/p>","protected":false},"excerpt":{"rendered":"<p>PRO Trail Singlet 2 ist ein professionelles Lauf-Singlet, das f\u00fcr hochintensives Trailrunning entwickelt wurde. Dieses leistungsstarke Lauf-Singlet besteht aus einem sehr leichten Jersey-Stoff mit Jacquardstruktur, der eine hervorragende Bel\u00fcftung bietet. Das Unterhemd hat ausserdem Seitenschlitze f\u00fcr mehr Bewegungsfreiheit und einen verschweissten Saum am Halsausschnitt, um Scheuern zu vermeiden. \u2022 Leichter Jerseystoff mit Jacquardstruktur aus recyceltem [&hellip;]<\/p>\n","protected":false},"featured_media":629350,"template":"","meta":[],"product_brand":[],"product_cat":[4202],"product_tag":[],"class_list":{"0":"post-639460","1":"product","2":"type-product","3":"status-publish","4":"has-post-thumbnail","6":"product_cat-tank-tops","7":"pa_brand-craft-retail-sportswear","8":"pa_brand-type-sportswear","9":"pa_filter-color-beige","10":"pa_filter-color-blau","12":"first","13":"instock","14":"sale","15":"taxable","16":"shipping-taxable","17":"purchasable","18":"product-type-variable","19":"add-to-wishlist-before_image"},"exclude_global_add_ons":[],"addons":[],"acf":[],"_links":{"self":[{"href":"https:\/\/shop.kustom.ch\/fr\/wp-json\/wp\/v2\/product\/639460"}],"collection":[{"href":"https:\/\/shop.kustom.ch\/fr\/wp-json\/wp\/v2\/product"}],"about":[{"href":"https:\/\/shop.kustom.ch\/fr\/wp-json\/wp\/v2\/types\/product"}],"wp:featuredmedia":[{"embeddable":true,"href":"https:\/\/shop.kustom.ch\/fr\/wp-json\/wp\/v2\/media\/629350"}],"wp:attachment":[{"href":"https:\/\/shop.kustom.ch\/fr\/wp-json\/wp\/v2\/media?parent=639460"}],"wp:term":[{"taxonomy":"product_brand","embeddable":true,"href":"https:\/\/shop.kustom.ch\/fr\/wp-json\/wp\/v2\/product_brand?post=639460"},{"taxonomy":"product_cat","embeddable":true,"href":"https:\/\/shop.kustom.ch\/fr\/wp-json\/wp\/v2\/product_cat?post=639460"},{"taxonomy":"product_tag","embeddable":true,"href":"https:\/\/shop.kustom.ch\/fr\/wp-json\/wp\/v2\/product_tag?post=639460"}],"curies":[{"name":"wp","href":"https:\/\/api.w.org\/{rel}","templated":true}]}}