{"id":639411,"date":"2025-03-22T03:58:57","date_gmt":"2025-03-22T02:58:57","guid":{"rendered":"https:\/\/shop.kustom.ch\/?post_type=product&#038;p=639411"},"modified":"2026-03-27T15:12:56","modified_gmt":"2026-03-27T14:12:56","slug":"pro-hypervent-pants-2-m","status":"publish","type":"product","link":"https:\/\/shop.kustom.ch\/fr\/produit\/pro-hypervent-pants-2-m\/","title":{"rendered":"PRO Hypervent Pants 2 M"},"content":{"rendered":"<p>Ce pantalon de course techniquement avanc\u00e9 est fabriqu\u00e9 en jersey de polyamide doux, l\u00e9ger et recycl\u00e9, qui assure une \u00e9vacuation efficace de l'humidit\u00e9 lors des courses intensives. Les perforations au bas de la jambe am\u00e9liorent la respirabilit\u00e9, tandis qu'un cordon de serrage r\u00e9glable \u00e0 la taille garantit un ajustement parfait. Le pantalon est ample et a une jambe cun\u00e9iforme.<\/p>\n<p>- Jersey en polyamide recycl\u00e9<br \/>\n- Perforations au bas de la jambe pour une meilleure ventilation et un meilleur confort<br \/>\n- Jambe sup\u00e9rieure d\u00e9contract\u00e9e et fusel\u00e9e<br \/>\n- Ceinture \u00e9lastique avec cordon de serrage r\u00e9glable<br \/>\n- Poches lat\u00e9rales zipp\u00e9es pour un rangement s\u00fbr<\/p>\n<p>Mati\u00e8re : 74% polyamide, 26% \u00e9lasthanne<\/p>","protected":false},"excerpt":{"rendered":"<p>Diese technisch ausgereifte Laufhose ist aus weichem, leichtem und recyceltem Polyamid-Jersey hergestellt, der f\u00fcr einen effizienten Feuchtigkeitstransport bei intensiven L\u00e4ufen sorgt. Perforierungen am unteren Bein sorgen f\u00fcr eine verbesserte Atmungsaktivit\u00e4t, w\u00e4hrend ein verstellbarer Kordelzug in der Taille einen perfekten Sitz garantiert. Die Hose ist locker sitzend und hat ein keilf\u00f6rmig geschnittenes Bein. \u2022 Jersey aus [&hellip;]<\/p>\n","protected":false},"featured_media":629136,"template":"","meta":[],"product_brand":[],"product_cat":[4185],"product_tag":[],"class_list":{"0":"post-639411","1":"product","2":"type-product","3":"status-publish","4":"has-post-thumbnail","6":"product_cat-hosen","7":"pa_brand-craft-retail-sportswear","8":"pa_brand-type-sportswear","9":"pa_filter-color-blau","10":"pa_filter-color-schwarz","12":"first","13":"instock","14":"sale","15":"taxable","16":"shipping-taxable","17":"purchasable","18":"product-type-variable","19":"add-to-wishlist-before_image"},"exclude_global_add_ons":[],"addons":[],"acf":[],"_links":{"self":[{"href":"https:\/\/shop.kustom.ch\/fr\/wp-json\/wp\/v2\/product\/639411"}],"collection":[{"href":"https:\/\/shop.kustom.ch\/fr\/wp-json\/wp\/v2\/product"}],"about":[{"href":"https:\/\/shop.kustom.ch\/fr\/wp-json\/wp\/v2\/types\/product"}],"wp:featuredmedia":[{"embeddable":true,"href":"https:\/\/shop.kustom.ch\/fr\/wp-json\/wp\/v2\/media\/629136"}],"wp:attachment":[{"href":"https:\/\/shop.kustom.ch\/fr\/wp-json\/wp\/v2\/media?parent=639411"}],"wp:term":[{"taxonomy":"product_brand","embeddable":true,"href":"https:\/\/shop.kustom.ch\/fr\/wp-json\/wp\/v2\/product_brand?post=639411"},{"taxonomy":"product_cat","embeddable":true,"href":"https:\/\/shop.kustom.ch\/fr\/wp-json\/wp\/v2\/product_cat?post=639411"},{"taxonomy":"product_tag","embeddable":true,"href":"https:\/\/shop.kustom.ch\/fr\/wp-json\/wp\/v2\/product_tag?post=639411"}],"curies":[{"name":"wp","href":"https:\/\/api.w.org\/{rel}","templated":true}]}}