{"id":639409,"date":"2025-03-22T03:58:57","date_gmt":"2025-03-22T02:58:57","guid":{"rendered":"https:\/\/shop.kustom.ch\/?post_type=product&#038;p=639409"},"modified":"2026-03-27T15:21:26","modified_gmt":"2026-03-27T14:21:26","slug":"pro-hypervent-ls-wind-top-2-m","status":"publish","type":"product","link":"https:\/\/shop.kustom.ch\/fr\/produit\/pro-hypervent-ls-wind-top-2-m\/","title":{"rendered":"Top \u00e0 vent PRO Hypervent LS 2 M"},"content":{"rendered":"<p>Le PRO Hypervent LS Wind Top 2 est un maillot de course professionnel \u00e0 manches longues avec une face avant coupe-vent et une face arri\u00e8re perm\u00e9able \u00e0 l'air pour un entra\u00eenement de haute intensit\u00e9 par temps venteux. <\/p>\n<p>- Polyester stretch perfor\u00e9 et prot\u00e9g\u00e9 du vent sur le devant et les manches<br \/>\n- jersey polyester doux dans le dos et sous les manches pour une meilleure ventilation<br \/>\n- Poign\u00e9e de pouce<br \/>\n- poche zipp\u00e9e sur l'\u00e9paule gauche pour un rangement s\u00fbr<br \/>\n- Coupe normale<\/p>\n<p>Mat\u00e9riau : Corps avant : 90% polyester recycl\u00e9, 10% \u00e9lasthanne. Dos : 90% polyester recycl\u00e9, 10% \u00e9lasthanne<\/p>","protected":false},"excerpt":{"rendered":"<p>Das PRO Hypervent LS Wind Top 2 ist ein professionelles lang\u00e4rmeliges Laufshirt mit winddichte Vorderseite und luftdurchl\u00e4ssiger R\u00fcckseite f\u00fcr hochintensives Training bei windigem Wetter. \u2022 Windgesch\u00fctzter und perforierter Stretch-Polyester vorne und an den \u00c4rmeln \u2022 Weiches Polyester-Jersey am R\u00fccken und unter den \u00c4rmeln f\u00fcr verbesserte Bel\u00fcftung \u2022 Daumengriff \u2022 Reissverschlusstasche an der linken Schulter zur [&hellip;]<\/p>\n","protected":false},"featured_media":629120,"template":"","meta":[],"product_brand":[],"product_cat":[4186,4201],"product_tag":[],"class_list":{"0":"post-639409","1":"product","2":"type-product","3":"status-publish","4":"has-post-thumbnail","6":"product_cat-jacken","7":"product_cat-t-shirts","8":"pa_brand-craft-retail-sportswear","9":"pa_brand-type-sportswear","10":"pa_filter-color-beige","12":"first","13":"instock","14":"sale","15":"taxable","16":"shipping-taxable","17":"purchasable","18":"product-type-variable","19":"add-to-wishlist-before_image"},"exclude_global_add_ons":[],"addons":[],"acf":[],"_links":{"self":[{"href":"https:\/\/shop.kustom.ch\/fr\/wp-json\/wp\/v2\/product\/639409"}],"collection":[{"href":"https:\/\/shop.kustom.ch\/fr\/wp-json\/wp\/v2\/product"}],"about":[{"href":"https:\/\/shop.kustom.ch\/fr\/wp-json\/wp\/v2\/types\/product"}],"wp:featuredmedia":[{"embeddable":true,"href":"https:\/\/shop.kustom.ch\/fr\/wp-json\/wp\/v2\/media\/629120"}],"wp:attachment":[{"href":"https:\/\/shop.kustom.ch\/fr\/wp-json\/wp\/v2\/media?parent=639409"}],"wp:term":[{"taxonomy":"product_brand","embeddable":true,"href":"https:\/\/shop.kustom.ch\/fr\/wp-json\/wp\/v2\/product_brand?post=639409"},{"taxonomy":"product_cat","embeddable":true,"href":"https:\/\/shop.kustom.ch\/fr\/wp-json\/wp\/v2\/product_cat?post=639409"},{"taxonomy":"product_tag","embeddable":true,"href":"https:\/\/shop.kustom.ch\/fr\/wp-json\/wp\/v2\/product_tag?post=639409"}],"curies":[{"name":"wp","href":"https:\/\/api.w.org\/{rel}","templated":true}]}}