{"id":639395,"date":"2025-03-22T03:58:41","date_gmt":"2025-03-22T02:58:41","guid":{"rendered":"https:\/\/shop.kustom.ch\/?post_type=product&#038;p=639395"},"modified":"2026-03-27T14:22:26","modified_gmt":"2026-03-27T13:22:26","slug":"pro-hydro-lumen-jacket-3-m","status":"publish","type":"product","link":"https:\/\/shop.kustom.ch\/fr\/produit\/pro-hydro-lumen-jacket-3-m\/","title":{"rendered":"Veste PRO Hydro Lumen 3 M"},"content":{"rendered":"<p>La PRO Hydro Lumen Jacket 3 est une veste de course performante et prot\u00e9g\u00e9e contre les intemp\u00e9ries, avec un aspect r\u00e9fl\u00e9chissant et accrocheur, con\u00e7ue pour les entra\u00eenements intensifs par temps humide.<br \/>\nCette veste de course \u00e0 pied techniquement avanc\u00e9e est fabriqu\u00e9e dans un tissu iridescent \u00e0 3 couches, imperm\u00e9able au vent et \u00e0 l'eau, et est dot\u00e9e de coutures scell\u00e9es aux endroits expos\u00e9s pour une protection optimale contre les intemp\u00e9ries. Le tissu ext\u00e9rieur iridescent est capable de refl\u00e9ter la lumi\u00e8re et offre une s\u00e9curit\u00e9 suppl\u00e9mentaire pendant vos entra\u00eenements, en particulier dans des conditions de faible luminosit\u00e9. Le v\u00eatement dispose \u00e9galement d'ouvertures d'a\u00e9ration \u00e0 l'avant et dans le dos afin de garantir une r\u00e9gulation efficace de la temp\u00e9rature corporelle. En outre, la veste est \u00e9quip\u00e9e d'une capuche imperm\u00e9able, d'un cordon de serrage \u00e9lastique \u00e0 l'ourlet et de deux poches zipp\u00e9es \u00e0 l'avant pour ranger en toute s\u00e9curit\u00e9 des objets importants tels que des cl\u00e9s, des barres \u00e9nerg\u00e9tiques, etc.<\/p>\n<p>- Tissu ext\u00e9rieur iridescent et r\u00e9fl\u00e9chissant<br \/>\n- Tissu Ventair\u00ae 3 couches \u00e9tanche au vent et \u00e0 l'eau (WP 15.000\/MVP 10.000)<br \/>\n- Doublure en mesh sur le joug<br \/>\n- Coutures thermocoll\u00e9es aux endroits expos\u00e9s<br \/>\n- ouvertures d'a\u00e9ration \u00e0 l'avant et sur l'arceau dorsal<br \/>\n- Capuche r\u00e9glable avec boucle \u00e9lastique au cou<br \/>\n- Cordon de serrage \u00e9lastique r\u00e9glable \u00e0 l'ourlet<br \/>\n- \u00c9lastique aux extr\u00e9mit\u00e9s des manches<br \/>\n- Deux poches zipp\u00e9es dissimul\u00e9es \u00e0 l'avant<br \/>\n- D\u00e9tails r\u00e9fl\u00e9chissants sur le devant, les manches et le dos<br \/>\n- Coupe r\u00e9guli\u00e8re<\/p>\n<p>Mat\u00e9riau : Avant : 100% polyester recycl\u00e9. Milieu : 100% polyur\u00e9thane. Dos : 100% polyester recycl\u00e9. Doublure : 90% polyester recycl\u00e9, 10% \u00e9lasthanne.<\/p>","protected":false},"excerpt":{"rendered":"<p>PRO Hydro Lumen Jacket 3 ist eine wettergesch\u00fctzte, leistungsstarke Laufjacke mit reflektierendem, auff\u00e4lligem Erscheinungsbild, entwickelt f\u00fcr intensive Workouts bei nassem Wetter. Diese technisch fortschrittliche Laufjacke besteht aus einem irideszenten, wind- und wasserdichten 3-Lagen-Gewebe und ist mit getapten N\u00e4hten an exponierten Stellen f\u00fcr optimalen Wetterschutz ausgestattet. Das irideszente Aussengewebe ist in der Lage, Licht zu reflektieren [&hellip;]<\/p>\n","protected":false},"featured_media":480247,"template":"","meta":[],"product_brand":[],"product_cat":[4186],"product_tag":[],"class_list":{"0":"post-639395","1":"product","2":"type-product","3":"status-publish","4":"has-post-thumbnail","6":"product_cat-jacken","7":"pa_brand-craft-retail-sportswear","8":"pa_brand-type-sportswear","9":"pa_filter-color-schwarz","11":"first","12":"instock","13":"sale","14":"taxable","15":"shipping-taxable","16":"purchasable","17":"product-type-variable","18":"add-to-wishlist-before_image"},"exclude_global_add_ons":[],"addons":[],"acf":[],"_links":{"self":[{"href":"https:\/\/shop.kustom.ch\/fr\/wp-json\/wp\/v2\/product\/639395"}],"collection":[{"href":"https:\/\/shop.kustom.ch\/fr\/wp-json\/wp\/v2\/product"}],"about":[{"href":"https:\/\/shop.kustom.ch\/fr\/wp-json\/wp\/v2\/types\/product"}],"wp:featuredmedia":[{"embeddable":true,"href":"https:\/\/shop.kustom.ch\/fr\/wp-json\/wp\/v2\/media\/480247"}],"wp:attachment":[{"href":"https:\/\/shop.kustom.ch\/fr\/wp-json\/wp\/v2\/media?parent=639395"}],"wp:term":[{"taxonomy":"product_brand","embeddable":true,"href":"https:\/\/shop.kustom.ch\/fr\/wp-json\/wp\/v2\/product_brand?post=639395"},{"taxonomy":"product_cat","embeddable":true,"href":"https:\/\/shop.kustom.ch\/fr\/wp-json\/wp\/v2\/product_cat?post=639395"},{"taxonomy":"product_tag","embeddable":true,"href":"https:\/\/shop.kustom.ch\/fr\/wp-json\/wp\/v2\/product_tag?post=639395"}],"curies":[{"name":"wp","href":"https:\/\/api.w.org\/{rel}","templated":true}]}}