{"id":639357,"date":"2025-03-22T03:58:14","date_gmt":"2025-03-22T02:58:14","guid":{"rendered":"https:\/\/shop.kustom.ch\/?post_type=product&#038;p=639357"},"modified":"2026-03-27T14:25:36","modified_gmt":"2026-03-27T13:25:36","slug":"pro-hydro-lightweight-jacket-m","status":"publish","type":"product","link":"https:\/\/shop.kustom.ch\/fr\/produit\/pro-hydro-lightweight-jacket-m\/","title":{"rendered":"Veste l\u00e9g\u00e8re PRO Hydro M"},"content":{"rendered":"<p>La veste PRO Hydro Lightweight est con\u00e7ue pour aider les coureurs exigeants \u00e0 d\u00e9passer leurs limites dans toutes les conditions, tout en offrant une excellente protection contre les intemp\u00e9ries dans un ensemble exceptionnellement l\u00e9ger.<br \/>\nCette veste de course \u00e0 pied avec capuche est fabriqu\u00e9e dans un tissu 2 couches fin et extensible qui offre une protection exceptionnelle contre les intemp\u00e9ries tout en garantissant une respirabilit\u00e9 maximale. Son design l\u00e9ger et minimaliste offre une grande libert\u00e9 de mouvement, ce qui la rend id\u00e9ale pour les entra\u00eenements de haute intensit\u00e9 par temps humide. De plus, la veste est dot\u00e9e d'ouvertures d'a\u00e9ration au niveau de la culotte dorsale, qui laissent s'\u00e9chapper l'exc\u00e8s de chaleur et d'humidit\u00e9 et garantissent que vous restiez au frais et au sec pendant votre course. La veste est \u00e9galement con\u00e7ue pour se ranger facilement dans une taille compacte, ce qui vous permet de l'emporter sans effort pendant vos s\u00e9ances d'entra\u00eenement.<\/p>\n<p>- Tissu 2 couches ultral\u00e9ger, \u00e9lastique, coupe-vent et imperm\u00e9able (42 g\/m\u00b2) (WP 10.000\/MVP 10.000)<br \/>\n- Coutures tapiss\u00e9es<br \/>\n- Ouverture d'a\u00e9ration sur l'arceau dorsal<br \/>\n- fermeture \u00e9clair frontale \u00e9tanche<br \/>\n- Cordon de serrage \u00e9lastique r\u00e9glable \u00e0 l'ourlet<br \/>\n- Capuche imperm\u00e9able avec gu\u00eatres \u00e9lastiques qui prot\u00e8gent du vent et de l'eau<\/p>\n<p>Mati\u00e8re : 100% polyester recycl\u00e9<\/p>","protected":false},"excerpt":{"rendered":"<p>PRO Hydro Lightweight Jacket ist konzipiert, um anspruchsvolle L\u00e4ufer dabei zu unterst\u00fctzen, ihre Grenzen unter allen Bedingungen zu \u00fcberschreiten und bietet dabei hervorragenden Wetterschutz in einem aussergew\u00f6hnlich leichten Paket. Diese Laufjacke mit Kapuze ist aus d\u00fcnnem und dehnbarem 2-Lagen-Stoff gefertigt, der aussergew\u00f6hnlichen Wetterschutz bietet und gleichzeitig maximale Atmungsaktivit\u00e4t gew\u00e4hrleistet. Ihr leichtes und minimalistisches Design sorgt [&hellip;]<\/p>\n","protected":false},"featured_media":480170,"template":"","meta":[],"product_brand":[],"product_cat":[4186],"product_tag":[],"class_list":{"0":"post-639357","1":"product","2":"type-product","3":"status-publish","4":"has-post-thumbnail","6":"product_cat-jacken","7":"pa_brand-craft-retail-sportswear","8":"pa_brand-type-sportswear","9":"pa_filter-color-schwarz","11":"first","12":"instock","13":"sale","14":"taxable","15":"shipping-taxable","16":"purchasable","17":"product-type-variable","18":"add-to-wishlist-before_image"},"exclude_global_add_ons":[],"addons":[],"acf":[],"_links":{"self":[{"href":"https:\/\/shop.kustom.ch\/fr\/wp-json\/wp\/v2\/product\/639357"}],"collection":[{"href":"https:\/\/shop.kustom.ch\/fr\/wp-json\/wp\/v2\/product"}],"about":[{"href":"https:\/\/shop.kustom.ch\/fr\/wp-json\/wp\/v2\/types\/product"}],"wp:featuredmedia":[{"embeddable":true,"href":"https:\/\/shop.kustom.ch\/fr\/wp-json\/wp\/v2\/media\/480170"}],"wp:attachment":[{"href":"https:\/\/shop.kustom.ch\/fr\/wp-json\/wp\/v2\/media?parent=639357"}],"wp:term":[{"taxonomy":"product_brand","embeddable":true,"href":"https:\/\/shop.kustom.ch\/fr\/wp-json\/wp\/v2\/product_brand?post=639357"},{"taxonomy":"product_cat","embeddable":true,"href":"https:\/\/shop.kustom.ch\/fr\/wp-json\/wp\/v2\/product_cat?post=639357"},{"taxonomy":"product_tag","embeddable":true,"href":"https:\/\/shop.kustom.ch\/fr\/wp-json\/wp\/v2\/product_tag?post=639357"}],"curies":[{"name":"wp","href":"https:\/\/api.w.org\/{rel}","templated":true}]}}