{"id":639355,"date":"2025-03-22T03:58:14","date_gmt":"2025-03-22T02:58:14","guid":{"rendered":"https:\/\/shop.kustom.ch\/?post_type=product&#038;p=639355"},"modified":"2026-04-16T10:25:35","modified_gmt":"2026-04-16T09:25:35","slug":"pro-hydro-jacket-3-m","status":"publish","type":"product","link":"https:\/\/shop.kustom.ch\/fr\/produit\/pro-hydro-jacket-3-m\/","title":{"rendered":"Veste PRO Hydro 3 M"},"content":{"rendered":"<p>La PRO Hydro Jacket 3 est une veste de course performante et r\u00e9sistante aux intemp\u00e9ries, con\u00e7ue pour les entra\u00eenements intensifs sous la pluie.<\/p>\n<p>Cette veste de course professionnelle est fabriqu\u00e9e en tissu Ventair\u00ae 3 couches imperm\u00e9able et respirant et est dot\u00e9e de coutures scell\u00e9es aux endroits expos\u00e9s pour une protection optimale contre les intemp\u00e9ries. Des ouvertures d'a\u00e9ration \u00e0 l'avant et au dos assurent en outre un meilleur refroidissement et une r\u00e9gulation optimale de la temp\u00e9rature corporelle pendant les courses intensives. La veste dispose \u00e9galement d'une capuche imperm\u00e9able, d'un cordon de serrage \u00e9lastique \u00e0 l'ourlet et de deux poches zipp\u00e9es cach\u00e9es \u00e0 l'avant pour ranger en toute s\u00e9curit\u00e9 des cl\u00e9s, des barres \u00e9nerg\u00e9tiques, etc.<\/p>\n<p>- Tissu Ventair\u00ae 3 couches \u00e9tanche au vent et \u00e0 l'eau (WP 15.000\/MVP 10.000)<br \/>\n- Doublure en mesh sur le joug<br \/>\n- Coutures thermocoll\u00e9es aux endroits expos\u00e9s<br \/>\n- Ouvertures d'a\u00e9ration sur le joug avant et arri\u00e8re<br \/>\n- Capuche r\u00e9glable avec boucle \u00e9lastique au cou<br \/>\n- Cordon de serrage \u00e9lastique r\u00e9glable \u00e0 l'ourlet<br \/>\n- \u00c9lastique aux extr\u00e9mit\u00e9s des manches<br \/>\n- Deux poches zipp\u00e9es dissimul\u00e9es \u00e0 l'avant<br \/>\n- D\u00e9tails r\u00e9fl\u00e9chissants<br \/>\n- Coupe r\u00e9guli\u00e8re<\/p>\n<p>Mat\u00e9riau : Avant : 100% polyester recycl\u00e9. Milieu : 100% polyur\u00e9thane. Dos : 100% polyester recycl\u00e9. Doublure : 90% polyester recycl\u00e9, 10% \u00e9lasthanne.<\/p>","protected":false},"excerpt":{"rendered":"<p>Die PRO Hydro Jacket 3 ist eine wetterfeste, leistungsstarke Laufjacke, die f\u00fcr intensive Trainingseinheiten bei Regen konzipiert wurde. Diese professionelle Laufjacke besteht aus wasserdichtem und atmungsaktivem 3-Lagen-Ventair\u00ae-Gewebe und ist an exponierten Stellen mit getapten N\u00e4hten f\u00fcr optimalen Wetterschutz ausgestattet. Bel\u00fcftungs\u00f6ffnungen vorne und am R\u00fccken sorgen zudem f\u00fcr eine verbesserte K\u00fchlung und optimale Regulation der K\u00f6rpertemperatur [&hellip;]<\/p>\n","protected":false},"featured_media":480193,"template":"","meta":[],"product_brand":[],"product_cat":[4186],"product_tag":[],"class_list":{"0":"post-639355","1":"product","2":"type-product","3":"status-publish","4":"has-post-thumbnail","6":"product_cat-jacken","7":"pa_brand-craft-retail-sportswear","8":"pa_brand-type-sportswear","9":"pa_filter-color-grau","10":"pa_filter-color-rot","12":"first","13":"instock","14":"sale","15":"taxable","16":"shipping-taxable","17":"purchasable","18":"product-type-variable","19":"add-to-wishlist-before_image"},"exclude_global_add_ons":[],"addons":[],"acf":[],"_links":{"self":[{"href":"https:\/\/shop.kustom.ch\/fr\/wp-json\/wp\/v2\/product\/639355"}],"collection":[{"href":"https:\/\/shop.kustom.ch\/fr\/wp-json\/wp\/v2\/product"}],"about":[{"href":"https:\/\/shop.kustom.ch\/fr\/wp-json\/wp\/v2\/types\/product"}],"wp:featuredmedia":[{"embeddable":true,"href":"https:\/\/shop.kustom.ch\/fr\/wp-json\/wp\/v2\/media\/480193"}],"wp:attachment":[{"href":"https:\/\/shop.kustom.ch\/fr\/wp-json\/wp\/v2\/media?parent=639355"}],"wp:term":[{"taxonomy":"product_brand","embeddable":true,"href":"https:\/\/shop.kustom.ch\/fr\/wp-json\/wp\/v2\/product_brand?post=639355"},{"taxonomy":"product_cat","embeddable":true,"href":"https:\/\/shop.kustom.ch\/fr\/wp-json\/wp\/v2\/product_cat?post=639355"},{"taxonomy":"product_tag","embeddable":true,"href":"https:\/\/shop.kustom.ch\/fr\/wp-json\/wp\/v2\/product_tag?post=639355"}],"curies":[{"name":"wp","href":"https:\/\/api.w.org\/{rel}","templated":true}]}}