{"id":639342,"date":"2025-03-22T03:58:03","date_gmt":"2025-03-22T02:58:03","guid":{"rendered":"https:\/\/shop.kustom.ch\/?post_type=product&#038;p=639342"},"modified":"2026-03-27T14:14:56","modified_gmt":"2026-03-27T13:14:56","slug":"pro-gravel-bib-shorts-m","status":"publish","type":"product","link":"https:\/\/shop.kustom.ch\/fr\/produit\/pro-gravel-bib-shorts-m\/","title":{"rendered":"PRO Gravel Bib Short M"},"content":{"rendered":"<p>Short \u00e0 bretelles pour professionnels en mati\u00e8re \u00e9lastique et r\u00e9sistante Lycra\u00ae Sport Energy pour le gravel bike intensif. Poches sur les c\u00f4t\u00e9s des jambes et dans le dos. \u00c9quip\u00e9 de notre meilleur pad C1\/\/\/<br \/>\n- Mesh \u00e0 l'arri\u00e8re du syst\u00e8me de support pour une respirabilit\u00e9 maximale<br \/>\n-Poches sur les deux jambes avec ouverture extensible pour ranger des objets en toute s\u00e9curit\u00e9<br \/>\n-Poche arri\u00e8re en maille<br \/>\n-Infinity C1 Pad Men<\/p>\n<p>Mati\u00e8re : Ext\u00e9rieur bas : 78% polyamide 22% \u00e9lasthanne Ext\u00e9rieur c\u00f4t\u00e9s bas : 88% polyamide 12% \u00e9lasthanne Ext\u00e9rieur haut : 95% polyester recycl\u00e9 5% \u00e9lasthanne<\/p>","protected":false},"excerpt":{"rendered":"<p>Tr\u00e4ger-Shorts f\u00fcr Profis aus elastischem und strapazierf\u00e4higem Lycra\u00ae Sport Energy Material f\u00fcr intensives Gravelbiken. Taschen an den Beinseiten und am R\u00fccken. Mit unserem besten C1 Pad ausgestattet\/\/\/ \u2022 Mesh auf der R\u00fcckseite des Tr\u00e4gersystems f\u00fcr h\u00f6chste Atmungsaktivit\u00e4t \u2022Taschen an beiden Beinen mit Stretch\u00f6ffnung zur sicheren Aufbewahrung von Gegenst\u00e4nden \u2022Mesh-Tasche hinten \u2022Infinity C1 Pad Men Material: [&hellip;]<\/p>\n","protected":false},"featured_media":628974,"template":"","meta":[],"product_brand":[],"product_cat":[4198],"product_tag":[],"class_list":{"0":"post-639342","1":"product","2":"type-product","3":"status-publish","4":"has-post-thumbnail","6":"product_cat-shorts","7":"pa_brand-craft-retail-sportswear","8":"pa_brand-type-sportswear","9":"pa_filter-color-schwarz","11":"first","12":"instock","13":"sale","14":"taxable","15":"shipping-taxable","16":"purchasable","17":"product-type-variable","18":"add-to-wishlist-before_image"},"exclude_global_add_ons":[],"addons":[],"acf":[],"_links":{"self":[{"href":"https:\/\/shop.kustom.ch\/fr\/wp-json\/wp\/v2\/product\/639342"}],"collection":[{"href":"https:\/\/shop.kustom.ch\/fr\/wp-json\/wp\/v2\/product"}],"about":[{"href":"https:\/\/shop.kustom.ch\/fr\/wp-json\/wp\/v2\/types\/product"}],"wp:featuredmedia":[{"embeddable":true,"href":"https:\/\/shop.kustom.ch\/fr\/wp-json\/wp\/v2\/media\/628974"}],"wp:attachment":[{"href":"https:\/\/shop.kustom.ch\/fr\/wp-json\/wp\/v2\/media?parent=639342"}],"wp:term":[{"taxonomy":"product_brand","embeddable":true,"href":"https:\/\/shop.kustom.ch\/fr\/wp-json\/wp\/v2\/product_brand?post=639342"},{"taxonomy":"product_cat","embeddable":true,"href":"https:\/\/shop.kustom.ch\/fr\/wp-json\/wp\/v2\/product_cat?post=639342"},{"taxonomy":"product_tag","embeddable":true,"href":"https:\/\/shop.kustom.ch\/fr\/wp-json\/wp\/v2\/product_tag?post=639342"}],"curies":[{"name":"wp","href":"https:\/\/api.w.org\/{rel}","templated":true}]}}