{"id":639307,"date":"2025-03-22T03:57:01","date_gmt":"2025-03-22T02:57:01","guid":{"rendered":"https:\/\/shop.kustom.ch\/?post_type=product&#038;p=639307"},"modified":"2026-03-27T14:22:12","modified_gmt":"2026-03-27T13:22:12","slug":"pro-aerolight-jersey-m","status":"publish","type":"product","link":"https:\/\/shop.kustom.ch\/fr\/produit\/pro-aerolight-jersey-m\/","title":{"rendered":"PRO Aerolight Jersey M"},"content":{"rendered":"<p>Ce maillot de cyclisme de qualit\u00e9 professionnelle est fabriqu\u00e9 dans des tissus fins et exceptionnellement l\u00e9gers et est dot\u00e9 d'un mesh \u00e9lastique qui assure une excellente ventilation et un bon refroidissement lors des sorties intensives par temps chaud. En outre, le maillot est dot\u00e9 de points de silicone aux extr\u00e9mit\u00e9s des manches pour le maintenir en place et de quatre poches arri\u00e8re (dont une zipp\u00e9e) pour un rangement efficace. Lorsque nous d\u00e9veloppons des maillots de cyclisme super fins avec une ventilation sup\u00e9rieure, il y a toujours un \u00e9quilibre entre \u00e9paisseur et transparence. Pour la version de cette ann\u00e9e, nous avons utilis\u00e9 de nouveaux mat\u00e9riaux qui sont moins transparents, mais qui restent exceptionnellement fins et l\u00e9gers.<\/p>\n<p>- 100 % polyester recycl\u00e9<br \/>\n- Manches en mesh \u00e9lastique pour une respirabilit\u00e9 maximale<br \/>\n- Finitions des manches avec bord coup\u00e9 non travaill\u00e9<br \/>\n- Points de silicone aux extr\u00e9mit\u00e9s des manches pour un bon maintien<br \/>\n- Quatre poches arri\u00e8re (dont une avec fermeture \u00e0 glissi\u00e8re)<br \/>\n- L'\u00e9lastique \u00e0 l'ourlet arri\u00e8re maintient le maillot en place<br \/>\n- Coupe ajust\u00e9e0<\/p>\n<p>Mat\u00e9riau : Partie avant : 94% polyester recycl\u00e9, 6% \u00e9lasthanne. Dos : 100% polyester recycl\u00e9. Manches : 86% polyester, 14% \u00e9lasthanne<\/p>","protected":false},"excerpt":{"rendered":"<p>Dieses Fahrradtrikot in Profiqualit\u00e4t besteht aus d\u00fcnnen und aussergew\u00f6hnlich leichten Stoffen und ist mit elastischem Mesh ausgestattet, das bei intensiven Fahrten an heissen Tagen f\u00fcr eine hervorragende Bel\u00fcftung und K\u00fchlung sorgt. Dar\u00fcber hinaus verf\u00fcgt das Trikot \u00fcber Silikonpunkte an den \u00c4rmelenden, um es an Ort und Stelle zu halten, und vier Ges\u00e4sstaschen (eine mit Reissverschluss) [&hellip;]<\/p>\n","protected":false},"featured_media":628942,"template":"","meta":[],"product_brand":[],"product_cat":[4201],"product_tag":[],"class_list":{"0":"post-639307","1":"product","2":"type-product","3":"status-publish","4":"has-post-thumbnail","6":"product_cat-t-shirts","7":"pa_brand-craft-retail-sportswear","8":"pa_brand-type-sportswear","9":"pa_filter-color-blau","10":"pa_filter-color-schwarz","12":"first","13":"instock","14":"sale","15":"taxable","16":"shipping-taxable","17":"purchasable","18":"product-type-variable","19":"add-to-wishlist-before_image"},"exclude_global_add_ons":[],"addons":[],"acf":[],"_links":{"self":[{"href":"https:\/\/shop.kustom.ch\/fr\/wp-json\/wp\/v2\/product\/639307"}],"collection":[{"href":"https:\/\/shop.kustom.ch\/fr\/wp-json\/wp\/v2\/product"}],"about":[{"href":"https:\/\/shop.kustom.ch\/fr\/wp-json\/wp\/v2\/types\/product"}],"wp:featuredmedia":[{"embeddable":true,"href":"https:\/\/shop.kustom.ch\/fr\/wp-json\/wp\/v2\/media\/628942"}],"wp:attachment":[{"href":"https:\/\/shop.kustom.ch\/fr\/wp-json\/wp\/v2\/media?parent=639307"}],"wp:term":[{"taxonomy":"product_brand","embeddable":true,"href":"https:\/\/shop.kustom.ch\/fr\/wp-json\/wp\/v2\/product_brand?post=639307"},{"taxonomy":"product_cat","embeddable":true,"href":"https:\/\/shop.kustom.ch\/fr\/wp-json\/wp\/v2\/product_cat?post=639307"},{"taxonomy":"product_tag","embeddable":true,"href":"https:\/\/shop.kustom.ch\/fr\/wp-json\/wp\/v2\/product_tag?post=639307"}],"curies":[{"name":"wp","href":"https:\/\/api.w.org\/{rel}","templated":true}]}}