{"id":639295,"date":"2025-03-22T03:56:50","date_gmt":"2025-03-22T02:56:50","guid":{"rendered":"https:\/\/shop.kustom.ch\/?post_type=product&#038;p=639295"},"modified":"2026-03-27T13:27:18","modified_gmt":"2026-03-27T12:27:18","slug":"premier-grip-socks","status":"publish","type":"product","link":"https:\/\/shop.kustom.ch\/fr\/produit\/premier-grip-socks\/","title":{"rendered":"Chaussettes Premier Grip"},"content":{"rendered":"<p>Les chaussettes Premier Grip sont des chaussettes de sport haut de gamme dot\u00e9es de picots en silicone qui offrent une adh\u00e9rence exceptionnelle pour un maintien s\u00fbr dans la chaussure.<\/p>\n<p>\u2022 Adh\u00e9rence exceptionnelle<br \/>\n- Tissu r\u00e9sistant et \u00e9lastique<br \/>\n- Maintient les pieds au sec et \u00e0 l'aise<br \/>\n\u2022 Points en silicone sur le dessous<br \/>\n- Construction \u00e9lastique \u00e0 nervures au niveau du pied pour un maintien ferme et s\u00fbr<\/p>\n<p>Mat\u00e9riau : polyamide recycl\u00e9 35%, coton biologique 35%, polyamide 25%, \u00e9lasthanne 5%<\/p>","protected":false},"excerpt":{"rendered":"<p>Premier Grip Socks sind Premium-Sportsocken mit Silikonpunkten, die aussergew\u00f6hnlichen Halt f\u00fcr einen sicheren Sitz im Schuh bieten. \u2022 Aussergew\u00f6hnlicher Grip \u2022 Strapazierf\u00e4higes und elastisches Gewebe \u2022 H\u00e4lt die F\u00fcsse trocken und angenehm \u2022 Silikonpunkte unten \u2022 Elastische Rippenkonstruktion im Fussbereich f\u00fcr einen festen, sicheren Sitz Material: 35% Recycling-Polyamid, 35% Bio-Baumwolle, 25% Polyamid, 5% Elasthan<\/p>","protected":false},"featured_media":482143,"template":"","meta":[],"product_brand":[],"product_cat":[4199],"product_tag":[],"class_list":{"0":"post-639295","1":"product","2":"type-product","3":"status-publish","4":"has-post-thumbnail","6":"product_cat-socken","7":"pa_brand-craft-teamwear","8":"pa_brand-type-sportswear","9":"pa_filter-color-schwarz","10":"pa_filter-color-weiss","12":"first","13":"instock","14":"sale","15":"taxable","16":"shipping-taxable","17":"purchasable","18":"product-type-variable","19":"add-to-wishlist-before_image"},"exclude_global_add_ons":[],"addons":[],"acf":[],"_links":{"self":[{"href":"https:\/\/shop.kustom.ch\/fr\/wp-json\/wp\/v2\/product\/639295"}],"collection":[{"href":"https:\/\/shop.kustom.ch\/fr\/wp-json\/wp\/v2\/product"}],"about":[{"href":"https:\/\/shop.kustom.ch\/fr\/wp-json\/wp\/v2\/types\/product"}],"wp:featuredmedia":[{"embeddable":true,"href":"https:\/\/shop.kustom.ch\/fr\/wp-json\/wp\/v2\/media\/482143"}],"wp:attachment":[{"href":"https:\/\/shop.kustom.ch\/fr\/wp-json\/wp\/v2\/media?parent=639295"}],"wp:term":[{"taxonomy":"product_brand","embeddable":true,"href":"https:\/\/shop.kustom.ch\/fr\/wp-json\/wp\/v2\/product_brand?post=639295"},{"taxonomy":"product_cat","embeddable":true,"href":"https:\/\/shop.kustom.ch\/fr\/wp-json\/wp\/v2\/product_cat?post=639295"},{"taxonomy":"product_tag","embeddable":true,"href":"https:\/\/shop.kustom.ch\/fr\/wp-json\/wp\/v2\/product_tag?post=639295"}],"curies":[{"name":"wp","href":"https:\/\/api.w.org\/{rel}","templated":true}]}}