{"id":639272,"date":"2025-03-22T03:56:38","date_gmt":"2025-03-22T02:56:38","guid":{"rendered":"https:\/\/shop.kustom.ch\/?post_type=product&#038;p=639272"},"modified":"2026-03-27T13:30:53","modified_gmt":"2026-03-27T12:30:53","slug":"premier-athlete-socks-w-o-foot","status":"publish","type":"product","link":"https:\/\/shop.kustom.ch\/fr\/produit\/premier-athlete-socks-w-o-foot\/","title":{"rendered":"Premier Athlete Socks W-O Foot"},"content":{"rendered":"<p>Premier Athlete Socks without Foot sont des chaussettes de football sans pied qui garantissent un grand confort et des performances pendant les matchs et les entra\u00eenements.<\/p>\n<p>- Tissu r\u00e9sistant et \u00e9lastique<br \/>\n- Structure tricot\u00e9e ouverte au niveau des mollets pour une coupe confortable<br \/>\n- Longueur au-dessus du genou<br \/>\n- bord roul\u00e9 en haut pour un poignet retrouss\u00e9 et lisse<br \/>\n- bord-c\u00f4te \u00e9lastique en bas<\/p>\n<p>Mati\u00e8re : 89% polyamide recycl\u00e9, 6% polyamide, 5% \u00e9lasthanne<\/p>","protected":false},"excerpt":{"rendered":"<p>Premier Athlete Socks without Foot sind Fussballsocken ohne Fuss, die w\u00e4hrend des Spiels und Trainings grossen Komfort und Leistung gew\u00e4hrleisten. \u2022 Strapazierf\u00e4higes und elastisches Gewebe \u2022 Offene Strickstruktur an den Waden f\u00fcr eine bequeme Passform \u2022 \u00dcberknielang \u2022 Rollrand oben f\u00fcr ein glattes, umgeschlagenes B\u00fcndchen \u2022 Elastisches Rippb\u00fcndchen unten Material: 89% Recycling-Polyamid, 6% Polyamid, 5% [&hellip;]<\/p>\n","protected":false},"featured_media":628913,"template":"","meta":[],"product_brand":[],"product_cat":[4199],"product_tag":[],"class_list":{"0":"post-639272","1":"product","2":"type-product","3":"status-publish","4":"has-post-thumbnail","6":"product_cat-socken","7":"pa_brand-craft-teamwear","8":"pa_brand-type-sportswear","9":"pa_filter-color-blau","10":"pa_filter-color-gelb","11":"pa_filter-color-gruen","12":"pa_filter-color-rot","13":"pa_filter-color-schwarz","14":"pa_filter-color-weiss","16":"first","17":"instock","18":"sale","19":"taxable","20":"shipping-taxable","21":"purchasable","22":"product-type-variable","23":"add-to-wishlist-before_image"},"exclude_global_add_ons":[],"addons":[],"acf":[],"_links":{"self":[{"href":"https:\/\/shop.kustom.ch\/fr\/wp-json\/wp\/v2\/product\/639272"}],"collection":[{"href":"https:\/\/shop.kustom.ch\/fr\/wp-json\/wp\/v2\/product"}],"about":[{"href":"https:\/\/shop.kustom.ch\/fr\/wp-json\/wp\/v2\/types\/product"}],"wp:featuredmedia":[{"embeddable":true,"href":"https:\/\/shop.kustom.ch\/fr\/wp-json\/wp\/v2\/media\/628913"}],"wp:attachment":[{"href":"https:\/\/shop.kustom.ch\/fr\/wp-json\/wp\/v2\/media?parent=639272"}],"wp:term":[{"taxonomy":"product_brand","embeddable":true,"href":"https:\/\/shop.kustom.ch\/fr\/wp-json\/wp\/v2\/product_brand?post=639272"},{"taxonomy":"product_cat","embeddable":true,"href":"https:\/\/shop.kustom.ch\/fr\/wp-json\/wp\/v2\/product_cat?post=639272"},{"taxonomy":"product_tag","embeddable":true,"href":"https:\/\/shop.kustom.ch\/fr\/wp-json\/wp\/v2\/product_tag?post=639272"}],"curies":[{"name":"wp","href":"https:\/\/api.w.org\/{rel}","templated":true}]}}