{"id":639253,"date":"2025-03-22T03:56:27","date_gmt":"2025-03-22T02:56:27","guid":{"rendered":"https:\/\/shop.kustom.ch\/?post_type=product&#038;p=639253"},"modified":"2026-03-27T13:29:10","modified_gmt":"2026-03-27T12:29:10","slug":"premier-athlete-socks","status":"publish","type":"product","link":"https:\/\/shop.kustom.ch\/fr\/produit\/premier-athlete-socks\/","title":{"rendered":"Chaussettes Premier Athlete"},"content":{"rendered":"<p>Les Premier Athlete Socks sont des chaussettes de football haut de gamme qui garantissent un confort et des performances exceptionnels pendant les matchs et les entra\u00eenements.<\/p>\n<p>- Tissu r\u00e9sistant et \u00e9lastique<br \/>\n- Maintient les pieds au sec et \u00e0 l'aise<br \/>\n- Structure tricot\u00e9e ouverte au niveau des mollets pour une coupe confortable<br \/>\n- Longueur au-dessus du genou<br \/>\n- bord roul\u00e9 en haut pour un poignet retrouss\u00e9 et lisse<br \/>\n- bord-c\u00f4te \u00e9lastique en bas<br \/>\n- Construction \u00e9lastique \u00e0 nervures au niveau du pied pour un maintien ferme et s\u00fbr<\/p>\n<p>Mati\u00e8re : 70% polyamide recycl\u00e9, 22% coton, 3% polyamide, 5% \u00e9lasthanne<\/p>","protected":false},"excerpt":{"rendered":"<p>Premier Athlete Socks sind Premium-Fussballsocken, die w\u00e4hrend des Spiels und Trainings grossartigen Komfort und Leistung gew\u00e4hrleisten. \u2022 Strapazierf\u00e4higes und elastisches Gewebe \u2022 H\u00e4lt die F\u00fcsse trocken und angenehm \u2022 Offene Strickstruktur an den Waden f\u00fcr eine bequeme Passform \u2022 \u00dcberknielang \u2022 Rollrand oben f\u00fcr ein glattes, umgeschlagenes B\u00fcndchen \u2022 Elastisches Rippb\u00fcndchen unten \u2022 Elastische Rippenkonstruktion [&hellip;]<\/p>\n","protected":false},"featured_media":482170,"template":"","meta":[],"product_brand":[],"product_cat":[4199],"product_tag":[],"class_list":{"0":"post-639253","1":"product","2":"type-product","3":"status-publish","4":"has-post-thumbnail","6":"product_cat-socken","7":"pa_brand-craft-teamwear","8":"pa_brand-type-sportswear","9":"pa_filter-color-blau","10":"pa_filter-color-gelb","11":"pa_filter-color-gruen","12":"pa_filter-color-rot","13":"pa_filter-color-schwarz","14":"pa_filter-color-weiss","16":"first","17":"instock","18":"sale","19":"taxable","20":"shipping-taxable","21":"purchasable","22":"product-type-variable","23":"add-to-wishlist-before_image"},"exclude_global_add_ons":[],"addons":[],"acf":[],"_links":{"self":[{"href":"https:\/\/shop.kustom.ch\/fr\/wp-json\/wp\/v2\/product\/639253"}],"collection":[{"href":"https:\/\/shop.kustom.ch\/fr\/wp-json\/wp\/v2\/product"}],"about":[{"href":"https:\/\/shop.kustom.ch\/fr\/wp-json\/wp\/v2\/types\/product"}],"wp:featuredmedia":[{"embeddable":true,"href":"https:\/\/shop.kustom.ch\/fr\/wp-json\/wp\/v2\/media\/482170"}],"wp:attachment":[{"href":"https:\/\/shop.kustom.ch\/fr\/wp-json\/wp\/v2\/media?parent=639253"}],"wp:term":[{"taxonomy":"product_brand","embeddable":true,"href":"https:\/\/shop.kustom.ch\/fr\/wp-json\/wp\/v2\/product_brand?post=639253"},{"taxonomy":"product_cat","embeddable":true,"href":"https:\/\/shop.kustom.ch\/fr\/wp-json\/wp\/v2\/product_cat?post=639253"},{"taxonomy":"product_tag","embeddable":true,"href":"https:\/\/shop.kustom.ch\/fr\/wp-json\/wp\/v2\/product_tag?post=639253"}],"curies":[{"name":"wp","href":"https:\/\/api.w.org\/{rel}","templated":true}]}}