{"id":639029,"date":"2025-03-22T03:55:38","date_gmt":"2025-03-22T02:55:38","guid":{"rendered":"https:\/\/shop.kustom.ch\/?post_type=product&#038;p=639029"},"modified":"2026-03-27T16:05:15","modified_gmt":"2026-03-27T15:05:15","slug":"pacer-m","status":"publish","type":"product","link":"https:\/\/shop.kustom.ch\/fr\/produit\/pacer-m\/","title":{"rendered":"Pacer M"},"content":{"rendered":"<p>La Pacer est notre chaussure de course \u00e0 pied performante la plus confortable. Elle offre un rebond et une stabilit\u00e9 exceptionnels pour une course douce et rapide. Elle est donc id\u00e9ale pour la course quotidienne et l'entra\u00eenement de r\u00e9cup\u00e9ration.<\/p>\n<p>La Pacer est une chaussure de course aux performances avanc\u00e9es qui int\u00e8gre dans sa semelle interm\u00e9diaire une version plus souple de la c\u00e9l\u00e8bre Px Foam\u2122, offrant une sensation de course stable, r\u00e9active et extr\u00eamement confortable. Sa construction l\u00e9g\u00e8re offre une exp\u00e9rience de course rebondissante et \u00e9nergique qui vous propulse en avant \u00e0 chaque pas, tandis que sa semelle ext\u00e9rieure minimaliste \u00e0 motif de crampons hexagonaux offre une excellente traction sur la route pour une adh\u00e9rence s\u00fbre sur diff\u00e9rents types de surfaces. De plus, la tige est fabriqu\u00e9e dans un mat\u00e9riau l\u00e9ger et respirant qui assure un ajustement confortable et stable. Un design \u00e9pur\u00e9 et une sensation de l\u00e9g\u00e8ret\u00e9 font de la Pacer le choix id\u00e9al pour les coureurs qui recherchent une chaussure de course rapide et maniable pour tous les jours. <\/p>\n<p>Xx Foam\u2122<br \/>\nPx Foam\u2122 est un mat\u00e9riau de semelle interm\u00e9diaire ultral\u00e9ger qui se caract\u00e9rise par un excellent retour d'\u00e9nergie, un amortissement des chocs et une grande flexibilit\u00e9. Ce mat\u00e9riau innovant est fabriqu\u00e9 avec un seul agent moussant naturel et ne contient aucun agent de r\u00e9ticulation chimique, ce qui garantit un processus non toxique. En outre, les mat\u00e9riaux bruts et finis sont enti\u00e8rement r\u00e9utilisables. La mousse haute performance a une densit\u00e9 extr\u00eamement faible, ce qui la rend jusqu'\u00e0 20 % plus l\u00e9g\u00e8re que l'EVA traditionnel. Ce poids r\u00e9duit, combin\u00e9 \u00e0 un retour \u00e9lastique explosif, rend Px Foam\u2122 parfait pour chaque course.<\/p>\n<p>- Tige en une seule pi\u00e8ce en maille, fabriqu\u00e9e \u00e0 partir de mat\u00e9riaux recycl\u00e9s 50%<br \/>\n- Semelle interm\u00e9diaire Px-Foam\u2122 : restitution d'\u00e9nergie sup\u00e9rieure<br \/>\n- Design profil\u00e9 pour un poids r\u00e9duit et un confort de premi\u00e8re classe<br \/>\n- Poids : 240 g en taille UK8<br \/>\n- Talon 39 mm, avant-pied 31 mm, semelle int\u00e9rieure incluse<br \/>\n- Lamage : 8 mm<\/p>\n<p>Mat\u00e9riaux : Upper 49% Polyester Recycl\u00e9, 38% Polyester, 12% TPU, 1% Spandex, Padding 100% Polyur\u00e9thane, Doublure 100% Polyester Recycl\u00e9, Lacets 100% Polyester Recycl\u00e9, Semelle int\u00e9rieure 100% Polyester, Semelle int\u00e9rieure 95% Polyur\u00e9thane, 5% Polyester recycl\u00e9, Semelle interm\u00e9diaire 100% EVA Foam Super Critical, Insert de semelle interm\u00e9diaire 100% Nylon, Semelle ext\u00e9rieure 100% Rubber<\/p>","protected":false},"excerpt":{"rendered":"<p>Der Pacer ist unser bequemster Performance-Laufschuh. Er bietet aussergew\u00f6hnliche Sprungkraft und Stabilit\u00e4t f\u00fcr ein sanftes, schnelles Laufgef\u00fchl und ist somit ideal f\u00fcr das t\u00e4gliche Laufen und Erholungstraining. Der Pacer ist ein Laufschuh f\u00fcr fortschrittliche Leistung, der in der Zwischensohle eine weichere Version des erfolgreichen Px Foam\u2122 aufweist und ein stabiles, reaktionsschnelles und \u00e4usserst komfortables Laufgef\u00fchl [&hellip;]<\/p>\n","protected":false},"featured_media":706418,"template":"","meta":[],"product_brand":[],"product_cat":[4197],"product_tag":[],"class_list":{"0":"post-639029","1":"product","2":"type-product","3":"status-publish","4":"has-post-thumbnail","6":"product_cat-schuhe-sandalen","7":"pa_brand-craft","8":"pa_brand-type-sportswear","9":"pa_filter-color-blau","10":"pa_filter-color-rot","11":"pa_filter-color-schwarz","12":"pa_filter-color-weiss","14":"first","15":"instock","16":"sale","17":"taxable","18":"shipping-taxable","19":"purchasable","20":"product-type-variable","21":"add-to-wishlist-before_image"},"exclude_global_add_ons":[],"addons":[],"acf":[],"_links":{"self":[{"href":"https:\/\/shop.kustom.ch\/fr\/wp-json\/wp\/v2\/product\/639029"}],"collection":[{"href":"https:\/\/shop.kustom.ch\/fr\/wp-json\/wp\/v2\/product"}],"about":[{"href":"https:\/\/shop.kustom.ch\/fr\/wp-json\/wp\/v2\/types\/product"}],"wp:featuredmedia":[{"embeddable":true,"href":"https:\/\/shop.kustom.ch\/fr\/wp-json\/wp\/v2\/media\/706418"}],"wp:attachment":[{"href":"https:\/\/shop.kustom.ch\/fr\/wp-json\/wp\/v2\/media?parent=639029"}],"wp:term":[{"taxonomy":"product_brand","embeddable":true,"href":"https:\/\/shop.kustom.ch\/fr\/wp-json\/wp\/v2\/product_brand?post=639029"},{"taxonomy":"product_cat","embeddable":true,"href":"https:\/\/shop.kustom.ch\/fr\/wp-json\/wp\/v2\/product_cat?post=639029"},{"taxonomy":"product_tag","embeddable":true,"href":"https:\/\/shop.kustom.ch\/fr\/wp-json\/wp\/v2\/product_tag?post=639029"}],"curies":[{"name":"wp","href":"https:\/\/api.w.org\/{rel}","templated":true}]}}