{"id":638942,"date":"2025-03-22T03:55:06","date_gmt":"2025-03-22T02:55:06","guid":{"rendered":"https:\/\/shop.kustom.ch\/?post_type=product&#038;p=638942"},"modified":"2026-03-27T16:03:14","modified_gmt":"2026-03-27T15:03:14","slug":"nordlite-ultra-2-m","status":"publish","type":"product","link":"https:\/\/shop.kustom.ch\/fr\/produit\/nordlite-ultra-2-m\/","title":{"rendered":"Nordlite Ultra 2 M"},"content":{"rendered":"<p>La Nordlite Ultra 2 est une chaussure de course extr\u00eamement polyvalente pour la route et le trail, avec une tige renforc\u00e9e en TPU qui am\u00e9liore l'exp\u00e9rience de la course \u00e0 pied longue distance, tant pour les athl\u00e8tes de haut niveau que pour les amateurs. <\/p>\n<p>Cette chaussure de course innovante est dot\u00e9e d'une semelle interm\u00e9diaire Cr-Foam\u2122 sur toute la longueur, qui offre un amorti et une stabilit\u00e9 tout en r\u00e9duisant le poids et en assurant un rebond explosif. La mousse est fabriqu\u00e9e \u00e0 l'aide d'un proc\u00e9d\u00e9 supercritique, une injection unique qui offre des caract\u00e9ristiques de performance accrues dans un mat\u00e9riau de semelle interm\u00e9diaire non toxique et r\u00e9utilisable. La chaussure est dot\u00e9e d'une semelle de traction HyperGrip, con\u00e7ue pour une utilisation sur route et sur les sentiers l\u00e9gers. Les coureurs b\u00e9n\u00e9ficient ainsi d'une performance de premier ordre et d'un grand confort. De plus, la tige est compos\u00e9e d'une maille l\u00e9g\u00e8re, confortable et durable \u00e0 une seule couche, renforc\u00e9e par un rev\u00eatement en TPU. De plus, cette nouvelle version dispose d'un talon plus souple pour plus de confort, d'un maintien plus s\u00fbr dans la tige et d'une durabilit\u00e9 globale accrue.<\/p>\n<p>Cr Foam\u2122<br \/>\nCr Foam\u2122 est une mousse de semelle interm\u00e9diaire ultral\u00e9g\u00e8re fabriqu\u00e9e \u00e0 partir de mat\u00e9riaux privil\u00e9gi\u00e9s, qui offre un excellent retour d'\u00e9nergie et procure une sensation de course douce comme un coussin sur diff\u00e9rents terrains. La mousse est fabriqu\u00e9e \u00e0 l'aide d'une technologie avanc\u00e9e qui comprend un processus non toxique dans lequel aucun produit chimique n'est ajout\u00e9 aux mati\u00e8res premi\u00e8res. De plus, les \u00e9l\u00e9ments sont enti\u00e8rement int\u00e9gr\u00e9s \u00e0 haute temp\u00e9rature et haute pression, ce qui renforce les propri\u00e9t\u00e9s de la mousse et permet d'atteindre un niveau de performance plus \u00e9lev\u00e9. <\/p>\n<p>Craft Endurance Fit\u00ae<br \/>\nLa forme Craft Endurance Fit\u00ae dispose d'un contrefort \u00e9troit au talon, d'un pont de soutien au milieu du pied et d'une zone spacieuse \u00e0 l'avant-pied. Le talon \u00e9troit assure un bon maintien sans glisser et une stabilit\u00e9 in\u00e9gal\u00e9e sur tous les terrains. Le pont m\u00e9tatarsien offre un ajustement s\u00fbr qui renforce la confiance \u00e0 chaque pas. L'avant-pied spacieux permet un mouvement naturel des orteils et des m\u00e9tatarsiens, ce qui offre encore plus de confort.<\/p>\n<p>- Dessus en maille technique en polyester recycl\u00e9 50 %<br \/>\n- Tige renforc\u00e9e en TPU<br \/>\n- Semelle interm\u00e9diaire Cr-Foam\u2122 l\u00e9g\u00e8re et extr\u00eamement r\u00e9active<br \/>\n- Semelle ext\u00e9rieure HyperGrip \u00e0 haute traction<br \/>\n- Semelle int\u00e9rieure Ortholite\u2122 \u00e0 haute r\u00e9silience en 30 % de mousse recycl\u00e9e<br \/>\n- Lacets fabriqu\u00e9s \u00e0 partir de 50 % de mat\u00e9riaux recycl\u00e9s<br \/>\nCraft Endurance Fit\u00ae<br \/>\n- Poids : 321 g en taille UK8<br \/>\n- Talon 40 mm, avant-pied 34 mm, semelle int\u00e9rieure incluse<br \/>\n- Lamage 6 mm<\/p>\n<p>Mat\u00e9riaux : Dessus 45% polyester recycl\u00e9, 43% polyester, 11% TPU, 1% spandex, rembourrage 100% polyur\u00e9thane, doublure 100% polyester recycl\u00e9, semelle int\u00e9rieure 100% polyester, semelle int\u00e9rieure 95% polyur\u00e9thane, 5% polyester recycl\u00e9, semelle interm\u00e9diaire 100% EVA Foam Super Critical, insert semelle interm\u00e9diaire, 100% nylon, semelle ext\u00e9rieure 100% caoutchouc<\/p>","protected":false},"excerpt":{"rendered":"<p>Der Nordlite Ultra 2 ist ein \u00e4usserst vielseitiger Laufschuh f\u00fcr die Strasse und den Trail mit einem TPU-verst\u00e4rkten Obermaterial, das das Erlebnis beim Langstreckenlauf sowohl f\u00fcr Spitzensportler als auch f\u00fcr Hobbysportler verbessert. Dieser innovative Laufschuh verf\u00fcgt \u00fcber eine durchgehende Cr-Foam\u2122-Zwischensohle, die D\u00e4mpfung und Stabilit\u00e4t bei reduziertem Gewicht und explosiver R\u00fcckfederung bietet. Der Schaumstoff wird mittels [&hellip;]<\/p>\n","protected":false},"featured_media":705815,"template":"","meta":[],"product_brand":[],"product_cat":[4197],"product_tag":[],"class_list":{"0":"post-638942","1":"product","2":"type-product","3":"status-publish","4":"has-post-thumbnail","6":"product_cat-schuhe-sandalen","7":"pa_brand-craft","8":"pa_brand-type-sportswear","9":"pa_filter-color-beige","10":"pa_filter-color-blau","11":"pa_filter-color-grau","12":"pa_filter-color-orange","13":"pa_filter-color-schwarz","14":"pa_filter-color-weiss","16":"first","17":"instock","18":"sale","19":"taxable","20":"shipping-taxable","21":"purchasable","22":"product-type-variable","23":"add-to-wishlist-before_image"},"exclude_global_add_ons":[],"addons":[],"acf":[],"_links":{"self":[{"href":"https:\/\/shop.kustom.ch\/fr\/wp-json\/wp\/v2\/product\/638942"}],"collection":[{"href":"https:\/\/shop.kustom.ch\/fr\/wp-json\/wp\/v2\/product"}],"about":[{"href":"https:\/\/shop.kustom.ch\/fr\/wp-json\/wp\/v2\/types\/product"}],"wp:featuredmedia":[{"embeddable":true,"href":"https:\/\/shop.kustom.ch\/fr\/wp-json\/wp\/v2\/media\/705815"}],"wp:attachment":[{"href":"https:\/\/shop.kustom.ch\/fr\/wp-json\/wp\/v2\/media?parent=638942"}],"wp:term":[{"taxonomy":"product_brand","embeddable":true,"href":"https:\/\/shop.kustom.ch\/fr\/wp-json\/wp\/v2\/product_brand?post=638942"},{"taxonomy":"product_cat","embeddable":true,"href":"https:\/\/shop.kustom.ch\/fr\/wp-json\/wp\/v2\/product_cat?post=638942"},{"taxonomy":"product_tag","embeddable":true,"href":"https:\/\/shop.kustom.ch\/fr\/wp-json\/wp\/v2\/product_tag?post=638942"}],"curies":[{"name":"wp","href":"https:\/\/api.w.org\/{rel}","templated":true}]}}