{"id":638878,"date":"2025-03-22T03:54:45","date_gmt":"2025-03-22T02:54:45","guid":{"rendered":"https:\/\/shop.kustom.ch\/?post_type=product&#038;p=638878"},"modified":"2026-03-27T16:04:55","modified_gmt":"2026-03-27T15:04:55","slug":"nordlite-tempo-m","status":"publish","type":"product","link":"https:\/\/shop.kustom.ch\/fr\/produit\/nordlite-tempo-m\/","title":{"rendered":"Nordlite Tempo M"},"content":{"rendered":"<p>Le Nordlite Tempo offre un amorti et un retour \u00e9lastique exceptionnels, ce qui en fait le choix id\u00e9al pour les athl\u00e8tes de haut niveau et les coureurs quotidiens lors des s\u00e9ances \u00e0 grande vitesse. Son design soigneusement \u00e9tudi\u00e9 contribue en outre \u00e0 r\u00e9duire la charge sur les genoux et les articulations.<\/p>\n<p>Cette chaussure de course \u00e0 pied techniquement avanc\u00e9e est dot\u00e9e d'une semelle interm\u00e9diaire Cr-Foam Pro\u2122 avec 25 % PEBA, qui offre une excellente combinaison d'amorti, de stabilit\u00e9 et de rebond explosif. La construction souple, l\u00e9g\u00e8re et stable de la chaussure est con\u00e7ue pour les coureurs qui effectuent des s\u00e9ances d'entra\u00eenement de haute intensit\u00e9 sans faire de compromis sur le confort articulaire. De plus, la semelle ext\u00e9rieure \u00e0 haute traction offre une excellente adh\u00e9rence sur les surfaces routi\u00e8res, tandis que la tige tiss\u00e9e \u00e0 une seule couche avec des renforts en TPU assure durabilit\u00e9 et confort.<\/p>\n<p>Cr Foam Pro\u2122<br \/>\nCr Foam Pro\u2122 est une mousse de semelle interm\u00e9diaire ultral\u00e9g\u00e8re enrichie de super-mousse PEBA (25 %) pour garantir un excellent retour d'\u00e9nergie et une sensation exceptionnelle sur diff\u00e9rents terrains. La mousse est fabriqu\u00e9e \u00e0 l'aide d'une technologie de pointe, qui comprend un processus non toxique dans lequel aucun produit chimique n'est ajout\u00e9 aux mati\u00e8res premi\u00e8res. De plus, les \u00e9l\u00e9ments sont enti\u00e8rement int\u00e9gr\u00e9s sous haute temp\u00e9rature et haute pression, ce qui renforce les propri\u00e9t\u00e9s de la mousse et permet d'atteindre un niveau de performance plus \u00e9lev\u00e9. Le r\u00e9sultat est une mousse de semelle interm\u00e9diaire professionnelle qui permet des performances de pointe.<\/p>\n<p>Craft Endurance Fit\u00ae<br \/>\nLa forme Craft Endurance Fit\u00ae dispose d'un contrefort \u00e9troit au talon, d'un pont de soutien au milieu du pied et d'une zone spacieuse \u00e0 l'avant-pied. Le talon \u00e9troit assure un bon maintien sans glisser et une stabilit\u00e9 in\u00e9gal\u00e9e sur tous les terrains. Le pont m\u00e9tatarsien offre un ajustement s\u00fbr qui renforce la confiance \u00e0 chaque pas. L'avant-pied spacieux permet un mouvement naturel des orteils et des m\u00e9tatarsiens, ce qui offre encore plus de confort.<\/p>\n<p>- Dessus en maille tiss\u00e9e l\u00e9g\u00e8re, 50 % de polyester recycl\u00e9<br \/>\n- Semelle interm\u00e9diaire Cr-Foam Pro\u2122 avec 25 % PEBA pour un amorti r\u00e9actif<br \/>\n- Renforts en TPU dans les zones critiques<br \/>\n- Lacets en polyester recycl\u00e9 100 %<br \/>\n- Mousse de la semelle int\u00e9rieure compos\u00e9e de 50 % de mat\u00e9riaux recycl\u00e9s<br \/>\n- Semelle ext\u00e9rieure \u00e0 haute traction, assurant une excellente adh\u00e9rence sur les surfaces routi\u00e8res<br \/>\nCraft Endurance Fit\u00ae<br \/>\n- Poids : 287 g en taille UK8<br \/>\n- Talon 40 mm, avant-pied 34 mm, semelle int\u00e9rieure incluse<br \/>\n- Lamage : 6 mm<\/p>\n<p>Mat\u00e9riaux : Dessus 43% polyester, 32% polyester recycl\u00e9, 12% ur\u00e9thanes thermoplastiques, 13% nylon, rembourrage 100% polyester, doublure 100% polyester, semelle int\u00e9rieure 75% polyester recycl\u00e9, semelle int\u00e9rieure 25% polyester, lacets 100% polyester recycl\u00e9, semelle interm\u00e9diaire 75% EVA Foam, 25% EVA Supercritical Foam, semelle ext\u00e9rieure 100% caoutchouc<\/p>","protected":false},"excerpt":{"rendered":"<p>Nordlite Tempo bietet hervorragende D\u00e4mpfung und R\u00fcckfederung und ist damit die ideale Wahl f\u00fcr Spitzensportler und Alltagsl\u00e4ufer bei Hochgeschwindigkeitseinheiten. Sein sorgf\u00e4ltig ausgearbeitetes Design tr\u00e4gt ausserdem dazu bei, die Belastung von Knien und Gelenken zu reduzieren. Dieser technisch fortschrittliche Laufschuh verf\u00fcgt \u00fcber eine Cr-Foam Pro\u2122-Zwischensohle mit 25 % PEBA, die eine hervorragende Kombination aus D\u00e4mpfung, Stabilit\u00e4t [&hellip;]<\/p>\n","protected":false},"featured_media":706131,"template":"","meta":[],"product_brand":[],"product_cat":[4197],"product_tag":[],"class_list":{"0":"post-638878","1":"product","2":"type-product","3":"status-publish","4":"has-post-thumbnail","6":"product_cat-schuhe-sandalen","7":"pa_brand-craft","8":"pa_brand-type-sportswear","9":"pa_filter-color-blau","10":"pa_filter-color-gelb","11":"pa_filter-color-grau","12":"pa_filter-color-gruen","13":"pa_filter-color-orange","14":"pa_filter-color-schwarz","15":"pa_filter-color-weiss","17":"first","18":"instock","19":"sale","20":"taxable","21":"shipping-taxable","22":"purchasable","23":"product-type-variable","24":"add-to-wishlist-before_image"},"exclude_global_add_ons":[],"addons":[],"acf":[],"_links":{"self":[{"href":"https:\/\/shop.kustom.ch\/fr\/wp-json\/wp\/v2\/product\/638878"}],"collection":[{"href":"https:\/\/shop.kustom.ch\/fr\/wp-json\/wp\/v2\/product"}],"about":[{"href":"https:\/\/shop.kustom.ch\/fr\/wp-json\/wp\/v2\/types\/product"}],"wp:featuredmedia":[{"embeddable":true,"href":"https:\/\/shop.kustom.ch\/fr\/wp-json\/wp\/v2\/media\/706131"}],"wp:attachment":[{"href":"https:\/\/shop.kustom.ch\/fr\/wp-json\/wp\/v2\/media?parent=638878"}],"wp:term":[{"taxonomy":"product_brand","embeddable":true,"href":"https:\/\/shop.kustom.ch\/fr\/wp-json\/wp\/v2\/product_brand?post=638878"},{"taxonomy":"product_cat","embeddable":true,"href":"https:\/\/shop.kustom.ch\/fr\/wp-json\/wp\/v2\/product_cat?post=638878"},{"taxonomy":"product_tag","embeddable":true,"href":"https:\/\/shop.kustom.ch\/fr\/wp-json\/wp\/v2\/product_tag?post=638878"}],"curies":[{"name":"wp","href":"https:\/\/api.w.org\/{rel}","templated":true}]}}