{"id":638848,"date":"2025-03-22T03:54:31","date_gmt":"2025-03-22T02:54:31","guid":{"rendered":"https:\/\/shop.kustom.ch\/?post_type=product&#038;p=638848"},"modified":"2026-03-27T15:59:00","modified_gmt":"2026-03-27T14:59:00","slug":"nordic-trail-2-w","status":"publish","type":"product","link":"https:\/\/shop.kustom.ch\/fr\/produit\/nordic-trail-2-w\/","title":{"rendered":"Nordic Trail 2 W"},"content":{"rendered":"<p>La Nordic Trail 2 est une chaussure de trail running l\u00e9g\u00e8re et r\u00e9sistante qui convient parfaitement \u00e0 la course \u00e0 pied et au speed hiking.<\/p>\n<p>Cette chaussure de trail running techniquement avanc\u00e9e est dot\u00e9e de notre semelle interm\u00e9diaire Ar-Foam\u2122 am\u00e9lior\u00e9e, qui offre une sensation de course r\u00e9active et un grand confort sur diff\u00e9rentes surfaces de terrain. L'empeigne en maille de la chaussure est fabriqu\u00e9e en polyamide recycl\u00e9 et comporte des renforts en TPU dans les zones critiques pour une respirabilit\u00e9 et une protection exceptionnelles. Elle dispose \u00e9galement d'une semelle ext\u00e9rieure r\u00e9sistante avec un profil structur\u00e9 organiquement pour une traction optimale sur diff\u00e9rentes surfaces de terrain. Que vous soyez sur des sentiers escarp\u00e9s ou des routes glissantes, cette chaussure offre la flexibilit\u00e9 et la protection l\u00e9g\u00e8re dont vous avez besoin pour votre voyage.<\/p>\n<p>- Dessus en maille r\u00e9sistante en polyamide recycl\u00e9 80 %<br \/>\n- Semelle interm\u00e9diaire Ar-Foam\u2122 l\u00e9g\u00e8re et durable<br \/>\n- Profil de la semelle ext\u00e9rieure \u00e0 structure organique pour une traction optimale<br \/>\n- protection des orteils en TPU<br \/>\n- Lacets en mat\u00e9riau 100 % recycl\u00e9<br \/>\n- Mousse de la semelle int\u00e9rieure compos\u00e9e de 50 % de mat\u00e9riaux recycl\u00e9s<br \/>\n- Poids : 245 g en taille UK5<br \/>\n- Talon 28 mm, avant-pied 19,5 mm, semelle int\u00e9rieure incluse<br \/>\n- Lamage : 8,5 mm<\/p>\n<p>Mat\u00e9riaux : Dessus 53% polyester recycl\u00e9, 24% polyester, 23% ur\u00e9thanes thermoplastiques, rembourrage 100% polyester, doublure 100% polyester recycl\u00e9, semelle int\u00e9rieure 75% polyester recycl\u00e9, 25% polyester, semelle int\u00e9rieure 100% polyester, lacets 100% polyester recycl\u00e9, semelle interm\u00e9diaire 100% mousse EVA, semelle ext\u00e9rieure 100% caoutchouc<\/p>","protected":false},"excerpt":{"rendered":"<p>Der Nordic Trail 2 ist ein leichter und strapazierf\u00e4higer Trailrunning-Schuh, der sich sowohl zum Laufen als auch zum Speed Hiking hervorragend eignet. Der technisch fortschrittliche Trailrunning-Schuh verf\u00fcgt \u00fcber unsere verbesserte Ar-Foam\u2122-Zwischensohle, die ein reaktionsschnelles Laufgef\u00fchl und hohen Komfort auf verschiedenen Gel\u00e4ndeoberfl\u00e4chen bietet. Das Netzgewebe-Obermaterial des Schuhs besteht aus recyceltem Polyamid und verf\u00fcgt \u00fcber TPU-Verst\u00e4rkungen in [&hellip;]<\/p>\n","protected":false},"featured_media":705547,"template":"","meta":[],"product_brand":[],"product_cat":[4197],"product_tag":[],"class_list":{"0":"post-638848","1":"product","2":"type-product","3":"status-publish","4":"has-post-thumbnail","6":"product_cat-schuhe-sandalen","7":"pa_brand-craft","8":"pa_brand-type-sportswear","9":"pa_filter-color-beige","10":"pa_filter-color-blau","11":"pa_filter-color-grau","12":"pa_filter-color-orange","13":"pa_filter-color-schwarz","15":"first","16":"instock","17":"sale","18":"taxable","19":"shipping-taxable","20":"purchasable","21":"product-type-variable","22":"add-to-wishlist-before_image"},"exclude_global_add_ons":[],"addons":[],"acf":[],"_links":{"self":[{"href":"https:\/\/shop.kustom.ch\/fr\/wp-json\/wp\/v2\/product\/638848"}],"collection":[{"href":"https:\/\/shop.kustom.ch\/fr\/wp-json\/wp\/v2\/product"}],"about":[{"href":"https:\/\/shop.kustom.ch\/fr\/wp-json\/wp\/v2\/types\/product"}],"wp:featuredmedia":[{"embeddable":true,"href":"https:\/\/shop.kustom.ch\/fr\/wp-json\/wp\/v2\/media\/705547"}],"wp:attachment":[{"href":"https:\/\/shop.kustom.ch\/fr\/wp-json\/wp\/v2\/media?parent=638848"}],"wp:term":[{"taxonomy":"product_brand","embeddable":true,"href":"https:\/\/shop.kustom.ch\/fr\/wp-json\/wp\/v2\/product_brand?post=638848"},{"taxonomy":"product_cat","embeddable":true,"href":"https:\/\/shop.kustom.ch\/fr\/wp-json\/wp\/v2\/product_cat?post=638848"},{"taxonomy":"product_tag","embeddable":true,"href":"https:\/\/shop.kustom.ch\/fr\/wp-json\/wp\/v2\/product_tag?post=638848"}],"curies":[{"name":"wp","href":"https:\/\/api.w.org\/{rel}","templated":true}]}}