{"id":638779,"date":"2025-03-22T03:53:16","date_gmt":"2025-03-22T02:53:16","guid":{"rendered":"https:\/\/shop.kustom.ch\/?post_type=product&#038;p=638779"},"modified":"2026-03-27T13:50:20","modified_gmt":"2026-03-27T12:50:20","slug":"evolve-2-0-structured-jersey-jr","status":"publish","type":"product","link":"https:\/\/shop.kustom.ch\/fr\/produit\/evolve-2-0-structured-jersey-jr\/","title":{"rendered":"Evolve 2.0 Maillot structur\u00e9 JR"},"content":{"rendered":"<p>Le maillot Evolve 2.0 Structured Indoor est un maillot de comp\u00e9tition am\u00e9lior\u00e9 qui assure une excellente \u00e9vacuation de l'humidit\u00e9 pour une performance maximale. Le maillot est fabriqu\u00e9 dans un tissu l\u00e9ger, extensible et r\u00e9sistant, ce qui le rend id\u00e9al pour le handball et d'autres sports de contact aussi durs et intenses. Afin de r\u00e9duire l'empreinte \u00e9cologique, le tissu est fabriqu\u00e9 \u00e0 partir de polyester recycl\u00e9.<\/p>\n<p>- Tissu jersey l\u00e9ger, \u00e9lastique et r\u00e9sistant en polyester recycl\u00e9<br \/>\n- Id\u00e9al pour le handball et les sports de contact intensifs<br \/>\n- Coupe normale<\/p>\n<p>Mati\u00e8re : 100% polyester recycl\u00e9<\/p>","protected":false},"excerpt":{"rendered":"<p>Das Evolve 2.0 Structured Indoor Jersey ist ein verbessertes Wettkampf-Trikot, das einen hervorragenden Feuchtigkeitstransport f\u00fcr maximale Leistung gew\u00e4hrleistet. Das Trikot besteht aus einem leichten, dehnbaren und strapazierf\u00e4higen Stoff, wodurch es sich hervorragend f\u00fcr Handball und \u00e4hnlich harte und intensive Kontaktsportarten eignet. Um den \u00f6kologischen Fussabdruck zu verringern, wird der Stoff aus recyceltem Polyester hergestellt. \u2022 [&hellip;]<\/p>\n","protected":false},"featured_media":482354,"template":"","meta":[],"product_brand":[],"product_cat":[4201],"product_tag":[],"class_list":{"0":"post-638779","1":"product","2":"type-product","3":"status-publish","4":"has-post-thumbnail","6":"product_cat-t-shirts","7":"pa_brand-craft-teamwear","8":"pa_brand-type-sportswear","9":"pa_filter-color-blau","10":"pa_filter-color-gruen","11":"pa_filter-color-orange","12":"pa_filter-color-rot","13":"pa_filter-color-schwarz","14":"pa_filter-color-weiss","16":"first","17":"instock","18":"sale","19":"taxable","20":"shipping-taxable","21":"purchasable","22":"product-type-variable","23":"add-to-wishlist-before_image"},"exclude_global_add_ons":[],"addons":[],"acf":[],"_links":{"self":[{"href":"https:\/\/shop.kustom.ch\/fr\/wp-json\/wp\/v2\/product\/638779"}],"collection":[{"href":"https:\/\/shop.kustom.ch\/fr\/wp-json\/wp\/v2\/product"}],"about":[{"href":"https:\/\/shop.kustom.ch\/fr\/wp-json\/wp\/v2\/types\/product"}],"wp:featuredmedia":[{"embeddable":true,"href":"https:\/\/shop.kustom.ch\/fr\/wp-json\/wp\/v2\/media\/482354"}],"wp:attachment":[{"href":"https:\/\/shop.kustom.ch\/fr\/wp-json\/wp\/v2\/media?parent=638779"}],"wp:term":[{"taxonomy":"product_brand","embeddable":true,"href":"https:\/\/shop.kustom.ch\/fr\/wp-json\/wp\/v2\/product_brand?post=638779"},{"taxonomy":"product_cat","embeddable":true,"href":"https:\/\/shop.kustom.ch\/fr\/wp-json\/wp\/v2\/product_cat?post=638779"},{"taxonomy":"product_tag","embeddable":true,"href":"https:\/\/shop.kustom.ch\/fr\/wp-json\/wp\/v2\/product_tag?post=638779"}],"curies":[{"name":"wp","href":"https:\/\/api.w.org\/{rel}","templated":true}]}}