{"id":638661,"date":"2025-03-22T03:52:30","date_gmt":"2025-03-22T02:52:30","guid":{"rendered":"https:\/\/shop.kustom.ch\/?post_type=product&#038;p=638661"},"modified":"2026-03-27T13:58:30","modified_gmt":"2026-03-27T12:58:30","slug":"evolve-2-0-structured-graphic-jersey-jr","status":"publish","type":"product","link":"https:\/\/shop.kustom.ch\/fr\/produit\/evolve-2-0-structured-graphic-jersey-jr\/","title":{"rendered":"Evolve 2.0 Structured Graphic Jersey JR"},"content":{"rendered":"<p>Le maillot Evolve 2.0 Structured Graphic Jersey est un maillot de comp\u00e9tition avanc\u00e9 fabriqu\u00e9 dans un tissu l\u00e9ger et \u00e9lastique qui assure une excellente r\u00e9gulation de l'humidit\u00e9 et une performance maximale. Le tissu robuste offre une durabilit\u00e9 et une \u00e9lasticit\u00e9 exceptionnelles et est compos\u00e9 de polyester recycl\u00e9. Ce maillot est donc un choix parfait pour le handball et d'autres sports de contact intenses. Il est dot\u00e9 d'un motif graphique sur le devant et d'une couleur unie au dos.<\/p>\n<p>Mati\u00e8re : 100% polyester recycl\u00e9<\/p>","protected":false},"excerpt":{"rendered":"<p>Das Evolve 2.0 Structured Graphic Jersey ist ein fortschrittliches Wettkampftrikot aus leichtem und elastischem Material, das f\u00fcr eine hervorragende Feuchtigkeitsregulierung und maximale Leistung sorgt. Das robuste Gewebe bietet aussergew\u00f6hnliche Haltbarkeit und Elastizit\u00e4t und besteht aus recyceltem Polyester. Damit ist das Trikot eine perfekte Wahl f\u00fcr Handball und andere intensive Kontaktsportarten. Es hat ein grafisches Muster [&hellip;]<\/p>\n","protected":false},"featured_media":482480,"template":"","meta":[],"product_brand":[],"product_cat":[4201],"product_tag":[],"class_list":{"0":"post-638661","1":"product","2":"type-product","3":"status-publish","4":"has-post-thumbnail","6":"product_cat-t-shirts","7":"pa_brand-craft-teamwear","8":"pa_brand-type-sportswear","9":"pa_filter-color-blau","10":"pa_filter-color-grau","11":"pa_filter-color-rot","12":"pa_filter-color-schwarz","14":"first","15":"instock","16":"sale","17":"taxable","18":"shipping-taxable","19":"purchasable","20":"product-type-variable","21":"add-to-wishlist-before_image"},"exclude_global_add_ons":[],"addons":[],"acf":[],"_links":{"self":[{"href":"https:\/\/shop.kustom.ch\/fr\/wp-json\/wp\/v2\/product\/638661"}],"collection":[{"href":"https:\/\/shop.kustom.ch\/fr\/wp-json\/wp\/v2\/product"}],"about":[{"href":"https:\/\/shop.kustom.ch\/fr\/wp-json\/wp\/v2\/types\/product"}],"wp:featuredmedia":[{"embeddable":true,"href":"https:\/\/shop.kustom.ch\/fr\/wp-json\/wp\/v2\/media\/482480"}],"wp:attachment":[{"href":"https:\/\/shop.kustom.ch\/fr\/wp-json\/wp\/v2\/media?parent=638661"}],"wp:term":[{"taxonomy":"product_brand","embeddable":true,"href":"https:\/\/shop.kustom.ch\/fr\/wp-json\/wp\/v2\/product_brand?post=638661"},{"taxonomy":"product_cat","embeddable":true,"href":"https:\/\/shop.kustom.ch\/fr\/wp-json\/wp\/v2\/product_cat?post=638661"},{"taxonomy":"product_tag","embeddable":true,"href":"https:\/\/shop.kustom.ch\/fr\/wp-json\/wp\/v2\/product_tag?post=638661"}],"curies":[{"name":"wp","href":"https:\/\/api.w.org\/{rel}","templated":true}]}}