{"id":638600,"date":"2025-03-22T03:52:09","date_gmt":"2025-03-22T02:52:09","guid":{"rendered":"https:\/\/shop.kustom.ch\/?post_type=product&#038;p=638600"},"modified":"2026-03-27T13:59:41","modified_gmt":"2026-03-27T12:59:41","slug":"evolve-2-0-pants-jr","status":"publish","type":"product","link":"https:\/\/shop.kustom.ch\/fr\/produit\/evolve-2-0-pants-jr\/","title":{"rendered":"Evolve 2.0 Pantalon JR"},"content":{"rendered":"<p>Les pantalons Evolve 2.0 sont des pantalons d'entra\u00eenement r\u00e9sistants en mati\u00e8re stretch qui offrent une excellente \u00e9vacuation de l'humidit\u00e9 lors d'un entra\u00eenement intensif. Les pantalons sont fabriqu\u00e9s \u00e0 partir de mat\u00e9riaux recycl\u00e9s afin de r\u00e9duire notre empreinte \u00e9cologique. La ceinture \u00e9lastique avec cordon de serrage assure un maintien optimal. Fermeture \u00e0 glissi\u00e8re aux extr\u00e9mit\u00e9s des jambes pour faciliter l'enfilage et le retrait. Poches lat\u00e9rales avec fermeture \u00e9clair.<\/p>\n<p>Mati\u00e8re : 100% polyester recycl\u00e9<\/p>","protected":false},"excerpt":{"rendered":"<p>Evolve 2.0 Pants sind strapazierf\u00e4hige Trainingpants aus Stretchmaterial, die bei intensivem Training einen hervorragenden Feuchtigkeitstransport bieten. Die Pants sind aus Recycling-Materialien hergestellt, um unseren \u00f6kologischen Fussabdruck zu verringern. Der elastische H\u00fcftbund mit Kordelzug sorgt f\u00fcr einen optimalen Sitz. Reissverschluss an den Beinenden f\u00fcr einfaches An- und Ausziehen. Seitentaschen mit Reissverschluss. Material: 100% Recycling-Polyester<\/p>","protected":false},"featured_media":479601,"template":"","meta":[],"product_brand":[],"product_cat":[4185],"product_tag":[],"class_list":{"0":"post-638600","1":"product","2":"type-product","3":"status-publish","4":"has-post-thumbnail","6":"product_cat-hosen","7":"pa_brand-craft-teamwear","8":"pa_brand-type-sportswear","9":"pa_filter-color-blau","10":"pa_filter-color-schwarz","12":"first","13":"instock","14":"sale","15":"taxable","16":"shipping-taxable","17":"purchasable","18":"product-type-variable","19":"add-to-wishlist-before_image"},"exclude_global_add_ons":[],"addons":[],"acf":[],"_links":{"self":[{"href":"https:\/\/shop.kustom.ch\/fr\/wp-json\/wp\/v2\/product\/638600"}],"collection":[{"href":"https:\/\/shop.kustom.ch\/fr\/wp-json\/wp\/v2\/product"}],"about":[{"href":"https:\/\/shop.kustom.ch\/fr\/wp-json\/wp\/v2\/types\/product"}],"wp:featuredmedia":[{"embeddable":true,"href":"https:\/\/shop.kustom.ch\/fr\/wp-json\/wp\/v2\/media\/479601"}],"wp:attachment":[{"href":"https:\/\/shop.kustom.ch\/fr\/wp-json\/wp\/v2\/media?parent=638600"}],"wp:term":[{"taxonomy":"product_brand","embeddable":true,"href":"https:\/\/shop.kustom.ch\/fr\/wp-json\/wp\/v2\/product_brand?post=638600"},{"taxonomy":"product_cat","embeddable":true,"href":"https:\/\/shop.kustom.ch\/fr\/wp-json\/wp\/v2\/product_cat?post=638600"},{"taxonomy":"product_tag","embeddable":true,"href":"https:\/\/shop.kustom.ch\/fr\/wp-json\/wp\/v2\/product_tag?post=638600"}],"curies":[{"name":"wp","href":"https:\/\/api.w.org\/{rel}","templated":true}]}}