{"id":638481,"date":"2025-03-22T03:51:22","date_gmt":"2025-03-22T02:51:22","guid":{"rendered":"https:\/\/shop.kustom.ch\/?post_type=product&#038;p=638481"},"modified":"2026-04-16T08:27:36","modified_gmt":"2026-04-16T07:27:36","slug":"evolve-2-0-full-zip-jacket-w","status":"publish","type":"product","link":"https:\/\/shop.kustom.ch\/fr\/produit\/evolve-2-0-full-zip-jacket-w\/","title":{"rendered":"Veste Evolve 2.0 Full Zip W"},"content":{"rendered":"<p>Evolve 2.0 Full Zip est une veste mid-layer r\u00e9sistante en mati\u00e8re stretch qui offre une excellente \u00e9vacuation de l'humidit\u00e9 lors d'un entra\u00eenement intensif. Cette veste zipp\u00e9e est fabriqu\u00e9e \u00e0 partir de mat\u00e9riaux recycl\u00e9s afin de r\u00e9duire notre empreinte \u00e9cologique.<\/p>\n<p>Mati\u00e8re : 100% polyester recycl\u00e9<\/p>","protected":false},"excerpt":{"rendered":"<p>Evolve 2.0 Full Zip ist eine strapazierf\u00e4hige Mid-Layer-Jacke aus Stretchmaterial, die bei intensivem Training einen hervorragenden Feuchtigkeitstransport bietet. Die Jacke mit Reissverschluss ist aus Recycling-Materialien hergestellt, um unseren \u00f6kologischen Fussabdruck zu verringern. Material: 100% Recycling-Polyester<\/p>","protected":false},"featured_media":479469,"template":"","meta":[],"product_brand":[],"product_cat":[4186],"product_tag":[],"class_list":{"0":"post-638481","1":"product","2":"type-product","3":"status-publish","4":"has-post-thumbnail","6":"product_cat-jacken","7":"pa_brand-craft-teamwear","8":"pa_brand-type-sportswear","9":"pa_filter-color-blau","10":"pa_filter-color-gruen","11":"pa_filter-color-rot","12":"pa_filter-color-schwarz","14":"first","15":"instock","16":"sale","17":"taxable","18":"shipping-taxable","19":"purchasable","20":"product-type-variable","21":"add-to-wishlist-before_image"},"exclude_global_add_ons":[],"addons":[],"acf":[],"_links":{"self":[{"href":"https:\/\/shop.kustom.ch\/fr\/wp-json\/wp\/v2\/product\/638481"}],"collection":[{"href":"https:\/\/shop.kustom.ch\/fr\/wp-json\/wp\/v2\/product"}],"about":[{"href":"https:\/\/shop.kustom.ch\/fr\/wp-json\/wp\/v2\/types\/product"}],"wp:featuredmedia":[{"embeddable":true,"href":"https:\/\/shop.kustom.ch\/fr\/wp-json\/wp\/v2\/media\/479469"}],"wp:attachment":[{"href":"https:\/\/shop.kustom.ch\/fr\/wp-json\/wp\/v2\/media?parent=638481"}],"wp:term":[{"taxonomy":"product_brand","embeddable":true,"href":"https:\/\/shop.kustom.ch\/fr\/wp-json\/wp\/v2\/product_brand?post=638481"},{"taxonomy":"product_cat","embeddable":true,"href":"https:\/\/shop.kustom.ch\/fr\/wp-json\/wp\/v2\/product_cat?post=638481"},{"taxonomy":"product_tag","embeddable":true,"href":"https:\/\/shop.kustom.ch\/fr\/wp-json\/wp\/v2\/product_tag?post=638481"}],"curies":[{"name":"wp","href":"https:\/\/api.w.org\/{rel}","templated":true}]}}