{"id":638420,"date":"2025-03-22T03:50:54","date_gmt":"2025-03-22T02:50:54","guid":{"rendered":"https:\/\/shop.kustom.ch\/?post_type=product&#038;p=638420"},"modified":"2026-04-20T12:10:29","modified_gmt":"2026-04-20T11:10:29","slug":"evolve-2-0-crewneck-m","status":"publish","type":"product","link":"https:\/\/shop.kustom.ch\/fr\/produit\/evolve-2-0-crewneck-m\/","title":{"rendered":"Evolve 2.0 Tricot M"},"content":{"rendered":"<p>L'Evolve 2.0 Crewneck est un maillot midlayer extensible et r\u00e9sistant qui assure une excellente \u00e9vacuation de l'humidit\u00e9, m\u00eame lors d'un entra\u00eenement intensif. Fabriqu\u00e9 en polyester recycl\u00e9, ce v\u00eatement fait partie de la nouvelle g\u00e9n\u00e9ration de v\u00eatements de sport \u00e0 l'empreinte \u00e9cologique r\u00e9duite. En plus d'un nouveau mat\u00e9riau, le maillot \u00e0 col rond a \u00e9t\u00e9 mis \u00e0 jour avec un nouveau design \u00e9pur\u00e9 au style intemporel et un espace g\u00e9n\u00e9reux pour les \u00e9cussons et les logos.<\/p>\n<p>- Tissu extensible et r\u00e9sistant en polyester recycl\u00e9<br \/>\n- Parfait pour le branding avec le logo de l'association et du sponsor<br \/>\n- Coupe normale<\/p>\n<p>Mati\u00e8re : 100% polyester recycl\u00e9<\/p>","protected":false},"excerpt":{"rendered":"<p>Das Evolve 2.0 Crewneck ist ein dehnbares und strapazierf\u00e4higes Midlayer-Trikot, das auch bei intensivem Training einen hervorragenden Feuchtigkeitstransport gew\u00e4hrleistet. Dieses aus recyceltem Polyester gefertigte Kleidungsst\u00fcck geh\u00f6rt zur neuen Generation von Sportbekleidung mit einem geringeren \u00f6kologischen Fussabdruck. Neben einem neuen Material wurde das Trikot mit Rundhalsausschnitt auch durch ein neues, klares Design mit zeitlosem Stil und [&hellip;]<\/p>\n","protected":false},"featured_media":482492,"template":"","meta":[],"product_brand":[],"product_cat":[4191],"product_tag":[],"class_list":{"0":"post-638420","1":"product","2":"type-product","3":"status-publish","4":"has-post-thumbnail","6":"product_cat-longsleeves-sweatshirts","7":"pa_brand-craft-teamwear","8":"pa_brand-type-sportswear","9":"pa_filter-color-orange","10":"pa_filter-color-violet","12":"first","13":"instock","14":"sale","15":"taxable","16":"shipping-taxable","17":"purchasable","18":"product-type-variable","19":"add-to-wishlist-before_image"},"exclude_global_add_ons":[],"addons":[],"acf":[],"_links":{"self":[{"href":"https:\/\/shop.kustom.ch\/fr\/wp-json\/wp\/v2\/product\/638420"}],"collection":[{"href":"https:\/\/shop.kustom.ch\/fr\/wp-json\/wp\/v2\/product"}],"about":[{"href":"https:\/\/shop.kustom.ch\/fr\/wp-json\/wp\/v2\/types\/product"}],"wp:featuredmedia":[{"embeddable":true,"href":"https:\/\/shop.kustom.ch\/fr\/wp-json\/wp\/v2\/media\/482492"}],"wp:attachment":[{"href":"https:\/\/shop.kustom.ch\/fr\/wp-json\/wp\/v2\/media?parent=638420"}],"wp:term":[{"taxonomy":"product_brand","embeddable":true,"href":"https:\/\/shop.kustom.ch\/fr\/wp-json\/wp\/v2\/product_brand?post=638420"},{"taxonomy":"product_cat","embeddable":true,"href":"https:\/\/shop.kustom.ch\/fr\/wp-json\/wp\/v2\/product_cat?post=638420"},{"taxonomy":"product_tag","embeddable":true,"href":"https:\/\/shop.kustom.ch\/fr\/wp-json\/wp\/v2\/product_tag?post=638420"}],"curies":[{"name":"wp","href":"https:\/\/api.w.org\/{rel}","templated":true}]}}