{"id":638365,"date":"2025-03-22T03:50:35","date_gmt":"2025-03-22T02:50:35","guid":{"rendered":"https:\/\/shop.kustom.ch\/?post_type=product&#038;p=638365"},"modified":"2026-03-27T13:51:48","modified_gmt":"2026-03-27T12:51:48","slug":"evolve-2-0-brushed-hood-jacket-m","status":"publish","type":"product","link":"https:\/\/shop.kustom.ch\/fr\/produit\/evolve-2-0-brushed-hood-jacket-m\/","title":{"rendered":"Veste \u00e0 capuche Evolve 2.0 Brushed M"},"content":{"rendered":"<p>La veste \u00e0 capuche Evolve 2.0 est une veste de couche interm\u00e9diaire extensible et r\u00e9sistante qui offre une excellente \u00e9vacuation de l'humidit\u00e9 lors des s\u00e9ances d'entra\u00eenement intensives.<\/p>\n<p>Cette veste \u00e0 capuche polyvalente est fabriqu\u00e9e dans un tissu polyester doux et fonctionnel avec un int\u00e9rieur bross\u00e9 pour plus de confort. La capuche \u00e0 double \u00e9paisseur et le bord c\u00f4te au bas du dos conf\u00e8rent \u00e0 la veste son aspect d\u00e9contract\u00e9. Fabriqu\u00e9 \u00e0 partir de fibres recycl\u00e9es, ce v\u00eatement repr\u00e9sente la nouvelle g\u00e9n\u00e9ration de v\u00eatements d'\u00e9quipe con\u00e7us pour r\u00e9duire l'empreinte \u00e9cologique. En outre, la veste \u00e0 capuche s\u00e9duit par son design \u00e9pur\u00e9 qui lui conf\u00e8re un look intemporel et offre beaucoup de place pour les logos et les \u00e9cussons.<\/p>\n<p>- Fabriqu\u00e9 \u00e0 partir de polyester recycl\u00e9<br \/>\n- Int\u00e9rieur bross\u00e9 pour plus de confort<br \/>\n- bord-c\u00f4te au bas du dos<br \/>\n- Capuche \u00e0 double \u00e9paisseur<br \/>\n- fermeture \u00e9clair sur toute la longueur \u00e0 l'avant<br \/>\n- Deux poches lat\u00e9rales avec fermeture \u00e9clair<\/p>\n<p>Mati\u00e8re : 100% polyester recycl\u00e9<\/p>","protected":false},"excerpt":{"rendered":"<p>Die Evolve 2.0 Hood Jacket ist eine dehnbare und strapazierf\u00e4hige Mittelschichtjacke, die bei intensiven Trainingseinheiten einen hervorragenden Feuchtigkeitstransport bietet. Diese vielseitige Kapuzenjacke besteht aus einem weichen und funktionalen Polyestergewebe mit geb\u00fcrsteter Innenseite f\u00fcr mehr Tragekomfort. Die doppellagige Kapuze und das Rippb\u00fcndchen am unteren R\u00fcckenbereich verleihen der Jacke ihren l\u00e4ssigen Ausdruck. Dieses aus recycelten Fasern hergestellte [&hellip;]<\/p>\n","protected":false},"featured_media":627840,"template":"","meta":[],"product_brand":[],"product_cat":[4184],"product_tag":[],"class_list":{"0":"post-638365","1":"product","2":"type-product","3":"status-publish","4":"has-post-thumbnail","6":"product_cat-hoodies-pullover","7":"pa_brand-craft-teamwear","8":"pa_brand-type-sportswear","9":"pa_filter-color-blau","10":"pa_filter-color-gruen","11":"pa_filter-color-rot","12":"pa_filter-color-schwarz","14":"first","15":"instock","16":"sale","17":"taxable","18":"shipping-taxable","19":"purchasable","20":"product-type-variable","21":"add-to-wishlist-before_image"},"exclude_global_add_ons":[],"addons":[],"acf":[],"_links":{"self":[{"href":"https:\/\/shop.kustom.ch\/fr\/wp-json\/wp\/v2\/product\/638365"}],"collection":[{"href":"https:\/\/shop.kustom.ch\/fr\/wp-json\/wp\/v2\/product"}],"about":[{"href":"https:\/\/shop.kustom.ch\/fr\/wp-json\/wp\/v2\/types\/product"}],"wp:featuredmedia":[{"embeddable":true,"href":"https:\/\/shop.kustom.ch\/fr\/wp-json\/wp\/v2\/media\/627840"}],"wp:attachment":[{"href":"https:\/\/shop.kustom.ch\/fr\/wp-json\/wp\/v2\/media?parent=638365"}],"wp:term":[{"taxonomy":"product_brand","embeddable":true,"href":"https:\/\/shop.kustom.ch\/fr\/wp-json\/wp\/v2\/product_brand?post=638365"},{"taxonomy":"product_cat","embeddable":true,"href":"https:\/\/shop.kustom.ch\/fr\/wp-json\/wp\/v2\/product_cat?post=638365"},{"taxonomy":"product_tag","embeddable":true,"href":"https:\/\/shop.kustom.ch\/fr\/wp-json\/wp\/v2\/product_tag?post=638365"}],"curies":[{"name":"wp","href":"https:\/\/api.w.org\/{rel}","templated":true}]}}