{"id":638188,"date":"2025-03-22T03:49:51","date_gmt":"2025-03-22T02:49:51","guid":{"rendered":"https:\/\/shop.kustom.ch\/?post_type=product&#038;p=638188"},"modified":"2026-03-27T16:05:32","modified_gmt":"2026-03-27T15:05:32","slug":"endurance-2-m","status":"publish","type":"product","link":"https:\/\/shop.kustom.ch\/fr\/produit\/endurance-2-m\/","title":{"rendered":"Endurance 2 M"},"content":{"rendered":"<p>La chaussure polyvalente Endurance 2 se caract\u00e9rise par une meilleure respirabilit\u00e9 et des caract\u00e9ristiques de vitesse am\u00e9lior\u00e9es, offrant un excellent confort et d'excellentes performances, ce qui en fait la chaussure id\u00e9ale pour un grand nombre de coureurs et de courses quotidiennes sur diff\u00e9rents terrains et dans diff\u00e9rentes conditions.<\/p>\n<p>Cette chaussure de course haute performance est dot\u00e9e d'une semelle interm\u00e9diaire Px-Foam\u2122 sur toute la longueur, optimis\u00e9e pour une foul\u00e9e dynamique des orteils et un atterrissage en douceur, favorisant une foul\u00e9e plus efficace. De plus, la nouvelle empeigne en maille, plus rapide, s'adapte \u00e0 votre pied et vous offre un confort et un soutien incomparables \u00e0 chaque foul\u00e9e agile. Avec son design fin et a\u00e9rodynamique, cette chaussure polyvalente se distingue par sa vitesse et son agilit\u00e9 et vous aide \u00e0 atteindre vos objectifs plus rapidement. Con\u00e7ue pour les routes et les sentiers faciles, Endurance 2 offre un confort exceptionnel d\u00e8s le d\u00e9ballage. C'est donc le choix ultime pour les athl\u00e8tes de haut niveau et les passionn\u00e9s de course \u00e0 pied qui recherchent un compagnon fiable pour les s\u00e9ances de course quotidiennes.<\/p>\n<p>Xx Foam\u2122<br \/>\nPx Foam\u2122 est un mat\u00e9riau de semelle interm\u00e9diaire ultral\u00e9ger qui se caract\u00e9rise par un excellent retour d'\u00e9nergie, un amortissement des chocs et une grande flexibilit\u00e9. Ce mat\u00e9riau innovant est fabriqu\u00e9 avec un seul agent moussant naturel et ne contient aucun agent de r\u00e9ticulation chimique, ce qui garantit un processus non toxique. En outre, les mat\u00e9riaux bruts et finis sont enti\u00e8rement r\u00e9utilisables. La mousse haute performance a une densit\u00e9 extr\u00eamement faible, ce qui la rend jusqu'\u00e0 20 % plus l\u00e9g\u00e8re que l'EVA traditionnel. Ce poids r\u00e9duit, combin\u00e9 \u00e0 un retour \u00e9lastique explosif, rend Px Foam\u2122 parfait pour chaque course.<\/p>\n<p>Craft Endurance Fit\u00ae<br \/>\nLa forme Craft Endurance Fit\u00ae dispose d'un contrefort \u00e9troit au talon, d'un pont de soutien au milieu du pied et d'une zone spacieuse \u00e0 l'avant-pied. Le talon \u00e9troit assure un bon maintien sans glisser et une stabilit\u00e9 in\u00e9gal\u00e9e sur tous les terrains. Le pont m\u00e9tatarsien offre un ajustement s\u00fbr qui renforce la confiance \u00e0 chaque pas. L'avant-pied spacieux permet un mouvement naturel des orteils et des m\u00e9tatarsiens, ce qui offre encore plus de confort.<\/p>\n<p>Laur\u00e9ats<br \/>\nSon pr\u00e9d\u00e9cesseur, le PRO Endurance, a \u00e9t\u00e9 \u00e9lu meilleure chaussure pour la course de fond par Outside Magazine. \u00abVous aurez du mal \u00e0 trouver une chaussure neutre plus confortable et rembourr\u00e9e qui donne une sensation de vie\u00bb.\u00bb<\/p>\n<p>- Nouvelle empeigne monobloc en maille, plus respirante et plus flexible<br \/>\n- Semelle interm\u00e9diaire Px-Foam\u2122 : restitution d'\u00e9nergie sup\u00e9rieure<br \/>\n- Design profil\u00e9 pour un poids r\u00e9duit et un confort de premi\u00e8re classe<br \/>\n- Semelle ext\u00e9rieure \u00e0 haute traction pour la route et les sentiers faciles<br \/>\n- Dessus et lacets compos\u00e9s \u00e0 55 % de mat\u00e9riaux recycl\u00e9s<br \/>\nCraft Endurance Fit\u00ae<br \/>\n- Poids : 260 g en taille UK8<br \/>\n- Talon 38 mm, avant-pied 29 mm, semelle int\u00e9rieure incluse<br \/>\n- Lamage : 9 mm<\/p>\n<p>Mat\u00e9riaux : Upper 42% Polyester Recycl\u00e9, 32% Polyester, 22% Thermoplastic urethanes, 4% Nylon, Padding 100% Polyester, Lining 100% Polyester, Insole Board 75% Polyester Recycl\u00e9, 25% Polyester, semelle int\u00e9rieure 50% Polyester recycl\u00e9, 50% Polyester, lacets 100% Polyester recycl\u00e9, semelle interm\u00e9diaire 100% ETPU Foam, semelle ext\u00e9rieure 100% Rubber<\/p>","protected":false},"excerpt":{"rendered":"<p>Der vielseitige Endurance 2 zeichnet sich durch verbesserte Atmungsaktivit\u00e4t und verbesserte Geschwindigkeitsmerkmale aus und bietet exzellenten Komfort und Leistung, was ihn zum idealen Schuh f\u00fcr eine Vielzahl von L\u00e4ufern und Alltagsl\u00e4ufen auf unterschiedlichem Terrain und bei verschiedenen Bedingungen macht. Dieser High-Performance-Laufschuh verf\u00fcgt \u00fcber eine durchgehende Px-Foam\u2122-Zwischensohle, die f\u00fcr einen dynamischen Zehenabdruck und eine weiche Landung [&hellip;]<\/p>\n","protected":false},"featured_media":706430,"template":"","meta":[],"product_brand":[],"product_cat":[4197],"product_tag":[],"class_list":{"0":"post-638188","1":"product","2":"type-product","3":"status-publish","4":"has-post-thumbnail","6":"product_cat-schuhe-sandalen","7":"pa_brand-craft","8":"pa_brand-type-sportswear","9":"pa_filter-color-blau","10":"pa_filter-color-grau","11":"pa_filter-color-schwarz","13":"first","14":"instock","15":"sale","16":"taxable","17":"shipping-taxable","18":"purchasable","19":"product-type-variable","20":"add-to-wishlist-before_image"},"exclude_global_add_ons":[],"addons":[],"acf":[],"_links":{"self":[{"href":"https:\/\/shop.kustom.ch\/fr\/wp-json\/wp\/v2\/product\/638188"}],"collection":[{"href":"https:\/\/shop.kustom.ch\/fr\/wp-json\/wp\/v2\/product"}],"about":[{"href":"https:\/\/shop.kustom.ch\/fr\/wp-json\/wp\/v2\/types\/product"}],"wp:featuredmedia":[{"embeddable":true,"href":"https:\/\/shop.kustom.ch\/fr\/wp-json\/wp\/v2\/media\/706430"}],"wp:attachment":[{"href":"https:\/\/shop.kustom.ch\/fr\/wp-json\/wp\/v2\/media?parent=638188"}],"wp:term":[{"taxonomy":"product_brand","embeddable":true,"href":"https:\/\/shop.kustom.ch\/fr\/wp-json\/wp\/v2\/product_brand?post=638188"},{"taxonomy":"product_cat","embeddable":true,"href":"https:\/\/shop.kustom.ch\/fr\/wp-json\/wp\/v2\/product_cat?post=638188"},{"taxonomy":"product_tag","embeddable":true,"href":"https:\/\/shop.kustom.ch\/fr\/wp-json\/wp\/v2\/product_tag?post=638188"}],"curies":[{"name":"wp","href":"https:\/\/api.w.org\/{rel}","templated":true}]}}