{"id":638104,"date":"2025-03-22T03:48:30","date_gmt":"2025-03-22T02:48:30","guid":{"rendered":"https:\/\/shop.kustom.ch\/?post_type=product&#038;p=638104"},"modified":"2026-03-27T14:03:01","modified_gmt":"2026-03-27T13:03:01","slug":"core-explore-softshell-jacket-2-w","status":"publish","type":"product","link":"https:\/\/shop.kustom.ch\/fr\/produit\/core-explore-softshell-jacket-2-w\/","title":{"rendered":"CORE Explore Softshell Jacket 2 W"},"content":{"rendered":"<p>La CORE Explore Softshell Jacket 2 est une veste softshell polyvalente qui convient aussi bien aux activit\u00e9s de plein air qu'\u00e0 la vie quotidienne.<\/p>\n<p>Cette veste d'ext\u00e9rieur confortable est fabriqu\u00e9e en tissu softshell coupe-vent et d\u00e9perlant, avec un int\u00e9rieur bross\u00e9 et un haut degr\u00e9 d'\u00e9lasticit\u00e9 pour une meilleure isolation et une libert\u00e9 de mouvement optimale. De plus, la veste dispose d'une capuche amovible, d'un dos l\u00e9g\u00e8rement inclin\u00e9 et d'un cordon de serrage \u00e0 l'ourlet inf\u00e9rieur pour un ajustement personnalis\u00e9. Elle dispose \u00e9galement de deux poches lat\u00e9rales zipp\u00e9es et d'une poche int\u00e9rieure zipp\u00e9e pour ranger en toute s\u00e9curit\u00e9 carte, boussole, cl\u00e9s, t\u00e9l\u00e9phone, barre \u00e9nerg\u00e9tique, etc. <\/p>\n<p>- Mati\u00e8re softshell coupe-vent et d\u00e9perlante en polyester recycl\u00e9<br \/>\n- face int\u00e9rieure bross\u00e9e<br \/>\n- Capuche amovible avec boutons-pression et cordon de serrage<br \/>\n- Cordon de serrage \u00e0 l'ourlet<br \/>\n- Deux poches lat\u00e9rales \u00e0 fermeture \u00e9clair<br \/>\n- poche int\u00e9rieure avec fermeture \u00e9clair<br \/>\n- Coupe normale<\/p>\n<p>Mat\u00e9riau : recto : 100% polyester recycl\u00e9. Centre 100% polyur\u00e9thane. Dos : 100% polyester<\/p>","protected":false},"excerpt":{"rendered":"<p>Das CORE Explore Softshell Jacket 2 ist eine vielseitige Softshell-Jacke, die sowohl f\u00fcr Outdoor-Aktivit\u00e4ten als auch f\u00fcr den Alltag geeignet ist. Diese bequeme Outdoor-Jacke besteht aus einem wind- und wasserabweisenden Softshell-Gewebe mit geb\u00fcrsteter Innenseite und hohem Stretchanteil f\u00fcr verbesserte Isolierung sowie optimale Bewegungsfreiheit. Ausserdem verf\u00fcgt die Jacke \u00fcber eine abnehmbare Kapuze, einen leicht abfallenden R\u00fccken [&hellip;]<\/p>\n","protected":false},"featured_media":480888,"template":"","meta":[],"product_brand":[],"product_cat":[4186],"product_tag":[],"class_list":{"0":"post-638104","1":"product","2":"type-product","3":"status-publish","4":"has-post-thumbnail","6":"product_cat-jacken","7":"pa_brand-craft-retail-sportswear","8":"pa_brand-type-sportswear","9":"pa_filter-color-blau","10":"pa_filter-color-gruen","11":"pa_filter-color-schwarz","13":"first","14":"instock","15":"sale","16":"taxable","17":"shipping-taxable","18":"purchasable","19":"product-type-variable","20":"add-to-wishlist-before_image"},"exclude_global_add_ons":[],"addons":[],"acf":[],"_links":{"self":[{"href":"https:\/\/shop.kustom.ch\/fr\/wp-json\/wp\/v2\/product\/638104"}],"collection":[{"href":"https:\/\/shop.kustom.ch\/fr\/wp-json\/wp\/v2\/product"}],"about":[{"href":"https:\/\/shop.kustom.ch\/fr\/wp-json\/wp\/v2\/types\/product"}],"wp:featuredmedia":[{"embeddable":true,"href":"https:\/\/shop.kustom.ch\/fr\/wp-json\/wp\/v2\/media\/480888"}],"wp:attachment":[{"href":"https:\/\/shop.kustom.ch\/fr\/wp-json\/wp\/v2\/media?parent=638104"}],"wp:term":[{"taxonomy":"product_brand","embeddable":true,"href":"https:\/\/shop.kustom.ch\/fr\/wp-json\/wp\/v2\/product_brand?post=638104"},{"taxonomy":"product_cat","embeddable":true,"href":"https:\/\/shop.kustom.ch\/fr\/wp-json\/wp\/v2\/product_cat?post=638104"},{"taxonomy":"product_tag","embeddable":true,"href":"https:\/\/shop.kustom.ch\/fr\/wp-json\/wp\/v2\/product_tag?post=638104"}],"curies":[{"name":"wp","href":"https:\/\/api.w.org\/{rel}","templated":true}]}}