{"id":638078,"date":"2025-03-22T03:48:18","date_gmt":"2025-03-22T02:48:18","guid":{"rendered":"https:\/\/shop.kustom.ch\/?post_type=product&#038;p=638078"},"modified":"2026-03-27T14:34:00","modified_gmt":"2026-03-27T13:34:00","slug":"core-explore-lt-insulation-jkt-m","status":"publish","type":"product","link":"https:\/\/shop.kustom.ch\/fr\/produit\/core-explore-lt-insulation-jkt-m\/","title":{"rendered":"Core Explore Lt. Insulation Jkt M"},"content":{"rendered":"<p>La veste CORE Explore Light Insulation Jacket est un compl\u00e9ment polyvalent \u00e0 la garde-robe des passionn\u00e9s d'activit\u00e9s de plein air. Elle offre de la chaleur et peut \u00eatre emball\u00e9e de mani\u00e8re particuli\u00e8rement peu encombrante pour une multitude d'aventures et un usage quotidien.<\/p>\n<p>Cette veste chaude et fonctionnelle est dot\u00e9e d'une isolation l\u00e9g\u00e8re en polyester souffl\u00e9 qui fournit une chaleur remarquable et capte efficacement la chaleur du corps pour que vous soyez au chaud et \u00e0 l'aise dans des conditions fra\u00eeches. Le rembourrage en polyester est tr\u00e8s fonctionnel et s\u00e8che rapidement, de sorte que la transpiration et les pluies inattendues ne sont pas un probl\u00e8me. Sa l\u00e9g\u00e8ret\u00e9 permet de la ranger dans une petite poche ou un sac \u00e0 dos, ce qui permet de s'adapter rapidement \u00e0 une chute rapide de la temp\u00e9rature en cours de route. La veste dispose en outre d'une capuche amovible, d'une poche de poitrine zipp\u00e9e et de deux poches lat\u00e9rales zipp\u00e9es pour ranger en toute s\u00e9curit\u00e9 les ustensiles importants comme les cl\u00e9s, le t\u00e9l\u00e9phone et les barres \u00e9nerg\u00e9tiques. Que vous exploriez l'arri\u00e8re-pays ou que vous g\u00e9riez simplement votre quotidien, cette veste est un choix fiable pour rester au chaud et prot\u00e9g\u00e9 dans diff\u00e9rents environnements de plein air. Extr\u00eamement polyvalente, elle est parfaite comme veste \u00e0 superposer par temps froid ou comme v\u00eatement autonome par temps plus doux.<\/p>\n<p>- Ext\u00e9rieur tiss\u00e9 en polyester recycl\u00e9<br \/>\n- Isolation l\u00e9g\u00e8re en polyester souffl\u00e9<br \/>\n- Design matelass\u00e9 sur le corps, les manches et la capuche<br \/>\n- Capuche amovible avec fermeture \u00e0 bouton-pression<br \/>\n- Deux poches lat\u00e9rales avec fermeture \u00e9clair<br \/>\n- poche de poitrine avec fermeture \u00e0 glissi\u00e8re<br \/>\n- \u00c9lastique avec cordon de serrage \u00e0 la taille<br \/>\n- Coupe normale<\/p>\n<p>Mat\u00e9riau : Corps : 100% polyamide recycl\u00e9. Doublure : 100% polyester<\/p>","protected":false},"excerpt":{"rendered":"<p>Das CORE Explore Light Insulation Jacket ist eine vielseitige Erg\u00e4nzung f\u00fcr die Garderobe von Outdoor-Enthusiasten. Sie bietet W\u00e4rme und ist besonders raumsparend verpackbar f\u00fcr eine Vielzahl von Abenteuern und den t\u00e4glichen Gebrauch. Diese warme und funktionelle Jacke verf\u00fcgt \u00fcber eine leichte, eingeblasene Polyester-Isolierung, die f\u00fcr bemerkenswerte W\u00e4rme sorgt und die K\u00f6rperw\u00e4rme effektiv einf\u00e4ngt, damit es [&hellip;]<\/p>\n","protected":false},"featured_media":480809,"template":"","meta":[],"product_brand":[],"product_cat":[4186],"product_tag":[],"class_list":{"0":"post-638078","1":"product","2":"type-product","3":"status-publish","4":"has-post-thumbnail","6":"product_cat-jacken","7":"pa_brand-craft-retail-sportswear","8":"pa_brand-type-sportswear","9":"pa_filter-color-blau","10":"pa_filter-color-gruen","11":"pa_filter-color-schwarz","13":"first","14":"instock","15":"sale","16":"taxable","17":"shipping-taxable","18":"purchasable","19":"product-type-variable","20":"add-to-wishlist-before_image"},"exclude_global_add_ons":[],"addons":[],"acf":[],"_links":{"self":[{"href":"https:\/\/shop.kustom.ch\/fr\/wp-json\/wp\/v2\/product\/638078"}],"collection":[{"href":"https:\/\/shop.kustom.ch\/fr\/wp-json\/wp\/v2\/product"}],"about":[{"href":"https:\/\/shop.kustom.ch\/fr\/wp-json\/wp\/v2\/types\/product"}],"wp:featuredmedia":[{"embeddable":true,"href":"https:\/\/shop.kustom.ch\/fr\/wp-json\/wp\/v2\/media\/480809"}],"wp:attachment":[{"href":"https:\/\/shop.kustom.ch\/fr\/wp-json\/wp\/v2\/media?parent=638078"}],"wp:term":[{"taxonomy":"product_brand","embeddable":true,"href":"https:\/\/shop.kustom.ch\/fr\/wp-json\/wp\/v2\/product_brand?post=638078"},{"taxonomy":"product_cat","embeddable":true,"href":"https:\/\/shop.kustom.ch\/fr\/wp-json\/wp\/v2\/product_cat?post=638078"},{"taxonomy":"product_tag","embeddable":true,"href":"https:\/\/shop.kustom.ch\/fr\/wp-json\/wp\/v2\/product_tag?post=638078"}],"curies":[{"name":"wp","href":"https:\/\/api.w.org\/{rel}","templated":true}]}}