{"id":638043,"date":"2025-03-22T03:48:00","date_gmt":"2025-03-22T02:48:00","guid":{"rendered":"https:\/\/shop.kustom.ch\/?post_type=product&#038;p=638043"},"modified":"2026-03-27T14:46:55","modified_gmt":"2026-03-27T13:46:55","slug":"core-explore-fleece-midlayer-w","status":"publish","type":"product","link":"https:\/\/shop.kustom.ch\/fr\/produit\/core-explore-fleece-midlayer-w\/","title":{"rendered":"CORE Explore Fleece Midlayer W"},"content":{"rendered":"<p>Le CORE Explore Fleece Midlayer est un pull-over isolant en laine polaire avec une demi-fermeture \u00e0 glissi\u00e8re qui vous garde au chaud et \u00e0 l'aise lors de vos sorties en plein air lorsqu'il fait frais.<\/p>\n<p>Ce pull chaud \u00e0 col roul\u00e9 est fabriqu\u00e9 dans un tissu micropolaire thermique qui est gratt\u00e9 des deux c\u00f4t\u00e9s pour une isolation optimale. Le v\u00eatement est \u00e9galement dot\u00e9 de trous pour les pouces aux extr\u00e9mit\u00e9s des manches et d'un garage \u00e0 fermeture \u00e9clair au niveau du col pour un confort optimal. Le pull \u00e0 col roul\u00e9 peut \u00eatre utilis\u00e9 comme v\u00eatement autonome lorsque les temp\u00e9ratures sont plus douces ou comme couche interm\u00e9diaire sous une veste shell lors des froides journ\u00e9es d'hiver.<\/p>\n<p>- Micro-polaire thermique en polyester recycl\u00e9<br \/>\n- Bross\u00e9 des deux c\u00f4t\u00e9s<br \/>\n- Pull \u00e0 col roul\u00e9 avec demi-zip \u00e0 l'arri\u00e8re<br \/>\n- garage \u00e0 zip sur le col<br \/>\n- trou pour le pouce aux extr\u00e9mit\u00e9s des manches<br \/>\n- Coupe normale<\/p>\n<p>Mati\u00e8re : 100% polyester recycl\u00e9<\/p>","protected":false},"excerpt":{"rendered":"<p>Der CORE Explore Fleece Midlayer ist ein isolierender Fleece-Pullover mit halbem Reissverschluss, der Sie bei k\u00fchlen Outdoor-Ausfl\u00fcgen warm und gem\u00fctlich h\u00e4lt. Dieser warme Rollkragenpullover besteht aus einem thermischen Mikrofleece-Stoff, der f\u00fcr optimale Isolierung beidseitig aufgeraut ist. Das Kleidungsst\u00fcck verf\u00fcgt ausserdem \u00fcber Daumenl\u00f6cher an den \u00c4rmelenden und eine Reissverschlussgarage am Kragen f\u00fcr optimalen Komfort. De Rollkragenpullover [&hellip;]<\/p>\n","protected":false},"featured_media":480616,"template":"","meta":[],"product_brand":[],"product_cat":[4184],"product_tag":[],"class_list":{"0":"post-638043","1":"product","2":"type-product","3":"status-publish","4":"has-post-thumbnail","6":"product_cat-hoodies-pullover","7":"pa_brand-craft-retail-sportswear","8":"pa_brand-type-sportswear","9":"pa_filter-color-blau","10":"pa_filter-color-gruen","11":"pa_filter-color-schwarz","13":"first","14":"instock","15":"sale","16":"taxable","17":"shipping-taxable","18":"purchasable","19":"product-type-variable","20":"add-to-wishlist-before_image"},"exclude_global_add_ons":[],"addons":[],"acf":[],"_links":{"self":[{"href":"https:\/\/shop.kustom.ch\/fr\/wp-json\/wp\/v2\/product\/638043"}],"collection":[{"href":"https:\/\/shop.kustom.ch\/fr\/wp-json\/wp\/v2\/product"}],"about":[{"href":"https:\/\/shop.kustom.ch\/fr\/wp-json\/wp\/v2\/types\/product"}],"wp:featuredmedia":[{"embeddable":true,"href":"https:\/\/shop.kustom.ch\/fr\/wp-json\/wp\/v2\/media\/480616"}],"wp:attachment":[{"href":"https:\/\/shop.kustom.ch\/fr\/wp-json\/wp\/v2\/media?parent=638043"}],"wp:term":[{"taxonomy":"product_brand","embeddable":true,"href":"https:\/\/shop.kustom.ch\/fr\/wp-json\/wp\/v2\/product_brand?post=638043"},{"taxonomy":"product_cat","embeddable":true,"href":"https:\/\/shop.kustom.ch\/fr\/wp-json\/wp\/v2\/product_cat?post=638043"},{"taxonomy":"product_tag","embeddable":true,"href":"https:\/\/shop.kustom.ch\/fr\/wp-json\/wp\/v2\/product_tag?post=638043"}],"curies":[{"name":"wp","href":"https:\/\/api.w.org\/{rel}","templated":true}]}}