{"id":638034,"date":"2025-03-22T03:47:52","date_gmt":"2025-03-22T02:47:52","guid":{"rendered":"https:\/\/shop.kustom.ch\/?post_type=product&#038;p=638034"},"modified":"2026-03-27T13:24:44","modified_gmt":"2026-03-27T12:24:44","slug":"core-essence-nordic-jacket-w","status":"publish","type":"product","link":"https:\/\/shop.kustom.ch\/fr\/produit\/core-essence-nordic-jacket-w\/","title":{"rendered":"Veste nordique Core Essence W"},"content":{"rendered":"<p>Veste de ski de fond en mati\u00e8re \u00e9lastique \u00e0 3 couches, r\u00e9sistante au vent et \u00e0 l'eau, pour l'entra\u00eenement par temps froid.<\/p>\n<p>- Tissu \u00e9lastique 3 couches Ventair 8000\/8000 r\u00e9sistant au vent et \u00e0 l'eau<br \/>\n- Jersey \u00e9lastique dans le dos et sous les manches pour une ventilation optimale<br \/>\n- Bande \u00e9lastique aux extr\u00e9mit\u00e9s des manches et \u00e0 la taille pour un ajustement pr\u00e9cis<br \/>\n- Deux poches lat\u00e9rales cach\u00e9es avec fermeture \u00e9clair<br \/>\n- fermeture \u00e9clair r\u00e9versible \u00e0 l'avant<br \/>\n- polaire gratt\u00e9e \u00e0 l'int\u00e9rieur du col pour une sensation agr\u00e9able sur la peau<br \/>\n- Logo Craft sur la poitrine gauche<br \/>\n- Logo Craft \u00e0 six points \u00e0 l'arri\u00e8re<\/p>\n<p>Mat\u00e9riau : corps : face avant 100% polyester recycl\u00e9. Centre : 100% polyur\u00e9thane. Dos : 100% polyester. Dos sup\u00e9rieur : 100% polyester recycl\u00e9. Empi\u00e8cements lat\u00e9raux : 100% polyester recycl\u00e9.<\/p>","protected":false},"excerpt":{"rendered":"<p>Langlaufjacke aus elastischem, wind- und wasserfestem 3-Lagen-Material f\u00fcr das Training an kalten Tagen. \u2022 Elastisches, wind- und wasserfestes 3-Lagen-Material Ventair 8000\/8000 \u2022 Elastischer Jersey auf der R\u00fcckseite und unter den \u00c4rmeln f\u00fcr optimale Ventilation \u2022 Elastisches Band an den \u00c4rmelenden und am Bund f\u00fcr einen passgenauen Sitz \u2022 Zwei verdeckte Seitentaschen mit Reissverschluss \u2022 Wendereissverschluss [&hellip;]<\/p>\n","protected":false},"featured_media":627367,"template":"","meta":[],"product_brand":[],"product_cat":[4186],"product_tag":[],"class_list":{"0":"post-638034","1":"product","2":"type-product","3":"status-publish","4":"has-post-thumbnail","6":"product_cat-jacken","7":"pa_brand-craft-retail-sportswear","8":"pa_brand-type-sportswear","9":"pa_filter-color-grau","11":"first","12":"instock","13":"sale","14":"taxable","15":"shipping-taxable","16":"purchasable","17":"product-type-variable","18":"add-to-wishlist-before_image"},"exclude_global_add_ons":[],"addons":[],"acf":[],"_links":{"self":[{"href":"https:\/\/shop.kustom.ch\/fr\/wp-json\/wp\/v2\/product\/638034"}],"collection":[{"href":"https:\/\/shop.kustom.ch\/fr\/wp-json\/wp\/v2\/product"}],"about":[{"href":"https:\/\/shop.kustom.ch\/fr\/wp-json\/wp\/v2\/types\/product"}],"wp:featuredmedia":[{"embeddable":true,"href":"https:\/\/shop.kustom.ch\/fr\/wp-json\/wp\/v2\/media\/627367"}],"wp:attachment":[{"href":"https:\/\/shop.kustom.ch\/fr\/wp-json\/wp\/v2\/media?parent=638034"}],"wp:term":[{"taxonomy":"product_brand","embeddable":true,"href":"https:\/\/shop.kustom.ch\/fr\/wp-json\/wp\/v2\/product_brand?post=638034"},{"taxonomy":"product_cat","embeddable":true,"href":"https:\/\/shop.kustom.ch\/fr\/wp-json\/wp\/v2\/product_cat?post=638034"},{"taxonomy":"product_tag","embeddable":true,"href":"https:\/\/shop.kustom.ch\/fr\/wp-json\/wp\/v2\/product_tag?post=638034"}],"curies":[{"name":"wp","href":"https:\/\/api.w.org\/{rel}","templated":true}]}}