{"id":637992,"date":"2025-03-22T03:47:07","date_gmt":"2025-03-22T02:47:07","guid":{"rendered":"https:\/\/shop.kustom.ch\/?post_type=product&#038;p=637992"},"modified":"2026-03-27T13:53:11","modified_gmt":"2026-03-27T12:53:11","slug":"core-dry-shaftless-sock-5-pack","status":"publish","type":"product","link":"https:\/\/shop.kustom.ch\/fr\/produit\/core-dry-shaftless-sock-5-pack\/","title":{"rendered":"CORE Dry Shaftless Chaussettes 5-pack"},"content":{"rendered":"<p>CORE Dry Shaftless Sock est une chaussette d'entra\u00eenement sans tige, fonctionnelle, avec un excellent transfert d'humidit\u00e9, une a\u00e9ration et un soutien de la vo\u00fbte plantaire. Orteils et talon renforc\u00e9s.<\/p>\n<p>- Soutien de la vo\u00fbte plantaire<br \/>\n- Couture d'orteil plate<br \/>\n- Orteils et talon renforc\u00e9s<br \/>\n- Lot de 5<\/p>\n<p>Mati\u00e8re : 62% polyamide recycl\u00e9, 36% polyamide, 2% \u00e9lasthanne<\/p>","protected":false},"excerpt":{"rendered":"<p>CORE Dry Shaftless Sock ist eine schaftlose, funktionelle Trainingssocke mit hervorragendem Feuchtigkeitstransport, Bel\u00fcftung und Fussgew\u00f6lbeunterst\u00fctzung. Verst\u00e4rkte Zehen- und Fersenpartie. \u2022 Unterst\u00fctzung des Fussgew\u00f6lbes \u2022 Flache Zehennaht \u2022 Verst\u00e4rkte Zehen- und Fersenpartie \u2022 5er-Pack Material: 62% Recycling-Polyamide, 36% Polyamid, 2% Elasthan<\/p>","protected":false},"featured_media":627286,"template":"","meta":[],"product_brand":[],"product_cat":[4199],"product_tag":[],"class_list":{"0":"post-637992","1":"product","2":"type-product","3":"status-publish","4":"has-post-thumbnail","6":"product_cat-socken","7":"pa_brand-craft-retail-sportswear","8":"pa_brand-type-sportswear","9":"pa_filter-color-schwarz","10":"pa_filter-color-weiss","12":"first","13":"instock","14":"sale","15":"taxable","16":"shipping-taxable","17":"purchasable","18":"product-type-variable","19":"add-to-wishlist-before_image"},"exclude_global_add_ons":[],"addons":[],"acf":[],"_links":{"self":[{"href":"https:\/\/shop.kustom.ch\/fr\/wp-json\/wp\/v2\/product\/637992"}],"collection":[{"href":"https:\/\/shop.kustom.ch\/fr\/wp-json\/wp\/v2\/product"}],"about":[{"href":"https:\/\/shop.kustom.ch\/fr\/wp-json\/wp\/v2\/types\/product"}],"wp:featuredmedia":[{"embeddable":true,"href":"https:\/\/shop.kustom.ch\/fr\/wp-json\/wp\/v2\/media\/627286"}],"wp:attachment":[{"href":"https:\/\/shop.kustom.ch\/fr\/wp-json\/wp\/v2\/media?parent=637992"}],"wp:term":[{"taxonomy":"product_brand","embeddable":true,"href":"https:\/\/shop.kustom.ch\/fr\/wp-json\/wp\/v2\/product_brand?post=637992"},{"taxonomy":"product_cat","embeddable":true,"href":"https:\/\/shop.kustom.ch\/fr\/wp-json\/wp\/v2\/product_cat?post=637992"},{"taxonomy":"product_tag","embeddable":true,"href":"https:\/\/shop.kustom.ch\/fr\/wp-json\/wp\/v2\/product_tag?post=637992"}],"curies":[{"name":"wp","href":"https:\/\/api.w.org\/{rel}","templated":true}]}}