{"id":637949,"date":"2025-03-22T03:46:37","date_gmt":"2025-03-22T02:46:37","guid":{"rendered":"https:\/\/shop.kustom.ch\/?post_type=product&#038;p=637949"},"modified":"2026-03-27T13:50:22","modified_gmt":"2026-03-27T12:50:22","slug":"core-dry-high-sock-3-pack","status":"publish","type":"product","link":"https:\/\/shop.kustom.ch\/fr\/produit\/core-dry-high-sock-3-pack\/","title":{"rendered":"CORE Chaussettes hautes Dry 3-Pack"},"content":{"rendered":"<p>CORE Dry High Sock est une chaussette d'entra\u00eenement fonctionnelle avec un excellent transport de l'humidit\u00e9, une ventilation et un soutien de la vo\u00fbte plantaire. Orteils et talon renforc\u00e9s.<\/p>\n<p>- Soutien de la vo\u00fbte plantaire<br \/>\n- Couture d'orteil plate<br \/>\n- Orteils et talon renforc\u00e9s<br \/>\n- Lot de 3<\/p>\n<p>Mati\u00e8re : 58% polyamide recycl\u00e9, 39% polyamide, 3% \u00e9lasthanne<\/p>","protected":false},"excerpt":{"rendered":"<p>CORE Dry High Sock ist eine funktionelle Trainingssocke mit hervorragendem Feuchtigkeitstransport, Bel\u00fcftung und Fussgew\u00f6lbeunterst\u00fctzung. Verst\u00e4rkte Zehen- und Fersenpartie. \u2022 Unterst\u00fctzung des Fussgew\u00f6lbes \u2022 Flache Zehennaht \u2022 Verst\u00e4rkte Zehen- und Fersenpartie \u2022 3er-Pack Material: 58% Recycling-Polyamid, 39% Polyamid, 3% Elasthan<\/p>","protected":false},"featured_media":627241,"template":"","meta":[],"product_brand":[],"product_cat":[4199],"product_tag":[],"class_list":{"0":"post-637949","1":"product","2":"type-product","3":"status-publish","4":"has-post-thumbnail","6":"product_cat-socken","7":"pa_brand-craft-retail-sportswear","8":"pa_brand-type-sportswear","9":"pa_filter-color-schwarz","10":"pa_filter-color-weiss","12":"first","13":"instock","14":"sale","15":"taxable","16":"shipping-taxable","17":"purchasable","18":"product-type-variable","19":"add-to-wishlist-before_image"},"exclude_global_add_ons":[],"addons":[],"acf":[],"_links":{"self":[{"href":"https:\/\/shop.kustom.ch\/fr\/wp-json\/wp\/v2\/product\/637949"}],"collection":[{"href":"https:\/\/shop.kustom.ch\/fr\/wp-json\/wp\/v2\/product"}],"about":[{"href":"https:\/\/shop.kustom.ch\/fr\/wp-json\/wp\/v2\/types\/product"}],"wp:featuredmedia":[{"embeddable":true,"href":"https:\/\/shop.kustom.ch\/fr\/wp-json\/wp\/v2\/media\/627241"}],"wp:attachment":[{"href":"https:\/\/shop.kustom.ch\/fr\/wp-json\/wp\/v2\/media?parent=637949"}],"wp:term":[{"taxonomy":"product_brand","embeddable":true,"href":"https:\/\/shop.kustom.ch\/fr\/wp-json\/wp\/v2\/product_brand?post=637949"},{"taxonomy":"product_cat","embeddable":true,"href":"https:\/\/shop.kustom.ch\/fr\/wp-json\/wp\/v2\/product_cat?post=637949"},{"taxonomy":"product_tag","embeddable":true,"href":"https:\/\/shop.kustom.ch\/fr\/wp-json\/wp\/v2\/product_tag?post=637949"}],"curies":[{"name":"wp","href":"https:\/\/api.w.org\/{rel}","templated":true}]}}