{"id":637931,"date":"2025-03-22T03:46:14","date_gmt":"2025-03-22T02:46:14","guid":{"rendered":"https:\/\/shop.kustom.ch\/?post_type=product&#038;p=637931"},"modified":"2026-03-27T13:59:46","modified_gmt":"2026-03-27T12:59:46","slug":"core-bike-subz-lumen-jacket-2-m","status":"publish","type":"product","link":"https:\/\/shop.kustom.ch\/fr\/produit\/core-bike-subz-lumen-jacket-2-m\/","title":{"rendered":"Veste Core Bike SubZ Lumen 2 M"},"content":{"rendered":"<p>La veste CORE SubZ Lumen 2 est une veste de v\u00e9lo chaude, coupe-vent et d\u00e9perlante avec des d\u00e9tails r\u00e9fl\u00e9chissants, qui offre un grand confort lors des sorties dans des conditions froides.<\/p>\n<p>La veste est fabriqu\u00e9e dans un tissu softshell \u00e0 3 couches, qui offre une excellente protection contre les intemp\u00e9ries, et l'int\u00e9rieur est bross\u00e9 pour garantir une meilleure isolation lors des froides journ\u00e9es d'automne et d'hiver. La veste de v\u00e9lo dispose en outre de nombreux imprim\u00e9s et d\u00e9tails r\u00e9fl\u00e9chissants ainsi que de quatre poches arri\u00e8re offrant suffisamment de place pour les barres \u00e9nerg\u00e9tiques, le t\u00e9l\u00e9phone portable, les cl\u00e9s, etc.<\/p>\n<p>- Tissu Softshell coupe-vent et d\u00e9perlant (WP 8.000\/MVP 8.000)<br \/>\n- Int\u00e9rieur bross\u00e9 pour plus de chaleur et de confort<br \/>\n- Impressions et d\u00e9tails r\u00e9fl\u00e9chissants<br \/>\n- Quatre poches arri\u00e8re (dont une avec fermeture \u00e9clair)<br \/>\n- la pince en silicone \u00e0 l'arri\u00e8re maintient la veste en place<br \/>\n- Coupe normale<\/p>\n<p>Mat\u00e9riau : corps : 100% polyester recycl\u00e9<\/p>","protected":false},"excerpt":{"rendered":"<p>Die CORE SubZ Lumen 2 Jacke ist eine warme, winddichte und wasserabweisende Fahrradjacke mit reflektierenden Details, die bei Fahrten unter kalten Bedingungen grossen Komfort bietet. Die Jacke besteht aus einem 3-lagigen Softshell-Gewebe, das einen hervorragenden Wetterschutz bietet, und ist innen geb\u00fcrstet, um an kalten Herbst- und Wintertagen eine bessere Isolierung zu gew\u00e4hrleisten. Die Fahrradjacke verf\u00fcgt [&hellip;]<\/p>\n","protected":false},"featured_media":480333,"template":"","meta":[],"product_brand":[],"product_cat":[4186],"product_tag":[],"class_list":{"0":"post-637931","1":"product","2":"type-product","3":"status-publish","4":"has-post-thumbnail","6":"product_cat-jacken","7":"pa_brand-craft-retail-sportswear","8":"pa_brand-type-sportswear","9":"pa_filter-color-gelb","11":"first","12":"instock","13":"sale","14":"taxable","15":"shipping-taxable","16":"purchasable","17":"product-type-variable","18":"add-to-wishlist-before_image"},"exclude_global_add_ons":[],"addons":[],"acf":[],"_links":{"self":[{"href":"https:\/\/shop.kustom.ch\/fr\/wp-json\/wp\/v2\/product\/637931"}],"collection":[{"href":"https:\/\/shop.kustom.ch\/fr\/wp-json\/wp\/v2\/product"}],"about":[{"href":"https:\/\/shop.kustom.ch\/fr\/wp-json\/wp\/v2\/types\/product"}],"wp:featuredmedia":[{"embeddable":true,"href":"https:\/\/shop.kustom.ch\/fr\/wp-json\/wp\/v2\/media\/480333"}],"wp:attachment":[{"href":"https:\/\/shop.kustom.ch\/fr\/wp-json\/wp\/v2\/media?parent=637931"}],"wp:term":[{"taxonomy":"product_brand","embeddable":true,"href":"https:\/\/shop.kustom.ch\/fr\/wp-json\/wp\/v2\/product_brand?post=637931"},{"taxonomy":"product_cat","embeddable":true,"href":"https:\/\/shop.kustom.ch\/fr\/wp-json\/wp\/v2\/product_cat?post=637931"},{"taxonomy":"product_tag","embeddable":true,"href":"https:\/\/shop.kustom.ch\/fr\/wp-json\/wp\/v2\/product_tag?post=637931"}],"curies":[{"name":"wp","href":"https:\/\/api.w.org\/{rel}","templated":true}]}}