{"id":637770,"date":"2025-03-22T03:44:56","date_gmt":"2025-03-22T02:44:56","guid":{"rendered":"https:\/\/shop.kustom.ch\/?post_type=product&#038;p=637770"},"modified":"2026-03-27T14:13:51","modified_gmt":"2026-03-27T13:13:51","slug":"community-2-0-shorts-m","status":"publish","type":"product","link":"https:\/\/shop.kustom.ch\/fr\/produit\/community-2-0-shorts-m\/","title":{"rendered":"Short Community 2.0 M"},"content":{"rendered":"<p>Le short Community 2.0 associe une coupe d\u00e9contract\u00e9e mais athl\u00e9tique \u00e0 un style sportif, id\u00e9al pour les moments de d\u00e9tente en dehors du terrain. Ce short d\u00e9contract\u00e9 est compos\u00e9 d'un m\u00e9lange doux de polyester recycl\u00e9 et de coton bio, avec un int\u00e9rieur bross\u00e9. Ils procurent une sensation de souplesse et de confort et stimulent l'esprit d'\u00e9quipe. Le short se caract\u00e9rise par un design \u00e9pur\u00e9 et offre suffisamment de place pour les \u00e9cussons et les logos des sponsors.<\/p>\n<p>- Tissu doux en polyester recycl\u00e9 et coton bio<br \/>\n- face int\u00e9rieure bross\u00e9e<br \/>\n- Cordon de serrage \u00e0 la taille<br \/>\n- Deux poches lat\u00e9rales<br \/>\n- Un design clair pour les armoiries et les logos<br \/>\n- Coupe normale<\/p>\n<p>Mat\u00e9riau : Solid colors : 60% Cotton-Organic 40% Polyester-Recycled<br \/>\nCouleurs m\u00e9lang\u00e9es : 63% Coton-Organic 31% Polyester-Recycled 6% Viscose<\/p>","protected":false},"excerpt":{"rendered":"<p>Die Community 2.0 Shorts kombinieren eine entspannte und dennoch athletische Passform im sportlichen Stil, ideal f\u00fcr entspannte Momente abseits des Spielfelds. Diese l\u00e4ssigen Shorts bestehen aus einer weichen Mischung aus recyceltem Polyester und Bio-Baumwolle und verf\u00fcgen \u00fcber eine geb\u00fcrstete Innenseite. Sie sorgen f\u00fcr ein geschmeidiges Tragegef\u00fchl sowie hohen Komfort und beleben den Teamgeist. Die Shorts [&hellip;]<\/p>\n","protected":false},"featured_media":481388,"template":"","meta":[],"product_brand":[],"product_cat":[4198],"product_tag":[],"class_list":{"0":"post-637770","1":"product","2":"type-product","3":"status-publish","4":"has-post-thumbnail","6":"product_cat-shorts","7":"pa_brand-craft-teamwear","8":"pa_brand-type-sportswear","9":"pa_filter-color-blau","10":"pa_filter-color-grau","11":"pa_filter-color-schwarz","13":"first","14":"instock","15":"sale","16":"taxable","17":"shipping-taxable","18":"purchasable","19":"product-type-variable","20":"add-to-wishlist-before_image"},"exclude_global_add_ons":[],"addons":[],"acf":[],"_links":{"self":[{"href":"https:\/\/shop.kustom.ch\/fr\/wp-json\/wp\/v2\/product\/637770"}],"collection":[{"href":"https:\/\/shop.kustom.ch\/fr\/wp-json\/wp\/v2\/product"}],"about":[{"href":"https:\/\/shop.kustom.ch\/fr\/wp-json\/wp\/v2\/types\/product"}],"wp:featuredmedia":[{"embeddable":true,"href":"https:\/\/shop.kustom.ch\/fr\/wp-json\/wp\/v2\/media\/481388"}],"wp:attachment":[{"href":"https:\/\/shop.kustom.ch\/fr\/wp-json\/wp\/v2\/media?parent=637770"}],"wp:term":[{"taxonomy":"product_brand","embeddable":true,"href":"https:\/\/shop.kustom.ch\/fr\/wp-json\/wp\/v2\/product_brand?post=637770"},{"taxonomy":"product_cat","embeddable":true,"href":"https:\/\/shop.kustom.ch\/fr\/wp-json\/wp\/v2\/product_cat?post=637770"},{"taxonomy":"product_tag","embeddable":true,"href":"https:\/\/shop.kustom.ch\/fr\/wp-json\/wp\/v2\/product_tag?post=637770"}],"curies":[{"name":"wp","href":"https:\/\/api.w.org\/{rel}","templated":true}]}}