{"id":637769,"date":"2025-03-22T03:44:56","date_gmt":"2025-03-22T02:44:56","guid":{"rendered":"https:\/\/shop.kustom.ch\/?post_type=product&#038;p=637769"},"modified":"2026-04-16T10:15:16","modified_gmt":"2026-04-16T09:15:16","slug":"community-2-0-r-neck-w","status":"publish","type":"product","link":"https:\/\/shop.kustom.ch\/fr\/produit\/community-2-0-r-neck-w\/","title":{"rendered":"Community 2.0 R Neck W"},"content":{"rendered":"<p>Le Community 2.0 Roundneck est un sweat-shirt moderne \u00e0 la coupe normale et au look sportif pour les moments de d\u00e9tente en dehors du terrain. Ce sweat d\u00e9contract\u00e9 est compos\u00e9 d'un m\u00e9lange doux de polyester recycl\u00e9 et de coton bio et dispose d'un int\u00e9rieur bross\u00e9. Il procure une sensation de souplesse et de confort et ravive l'esprit d'\u00e9quipe. Le v\u00eatement se caract\u00e9rise par un design \u00e9pur\u00e9 et offre suffisamment de place pour les \u00e9cussons et les logos des sponsors.<\/p>\n<p>- Tissu doux en polyester recycl\u00e9 et coton bio<br \/>\n- face int\u00e9rieure bross\u00e9e<br \/>\n- encolure, poignets et ourlet inf\u00e9rieur en tricot c\u00f4tel\u00e9<br \/>\n- Col rond<br \/>\n- Un design clair pour les armoiries et les logos<br \/>\n- Coupe normale<\/p>\n<p>Mat\u00e9riau : Solid colors : 60% Cotton-Organic 40% Polyester-Recycled<br \/>\nCouleurs m\u00e9lang\u00e9es : 63% Coton-Organic 31% Polyester-Recycled 6% Viscose<\/p>","protected":false},"excerpt":{"rendered":"<p>Der Community 2.0 Roundneck ist ein modernes Sweatshirt mit normaler Passform und sportlichem Look f\u00fcr entspannte Momente abseits des Spielfelds. Dieser l\u00e4ssige Pullover besteht aus einer weichen Mischung aus recyceltem Polyester und Bio-Baumwolle und verf\u00fcgt \u00fcber eine geb\u00fcrstete Innenseite. Er sorgt f\u00fcr ein geschmeidiges Tragegef\u00fchl sowie hohen Komfort und belebt den Teamgeist. Das Kleidungsst\u00fcck zeichnet [&hellip;]<\/p>\n","protected":false},"featured_media":481084,"template":"","meta":[],"product_brand":[],"product_cat":[4191],"product_tag":[],"class_list":{"0":"post-637769","1":"product","2":"type-product","3":"status-publish","4":"has-post-thumbnail","6":"product_cat-longsleeves-sweatshirts","7":"pa_brand-craft-teamwear","8":"pa_brand-type-sportswear","9":"pa_filter-color-blau","10":"pa_filter-color-grau","11":"pa_filter-color-schwarz","13":"first","14":"instock","15":"sale","16":"taxable","17":"shipping-taxable","18":"purchasable","19":"product-type-variable","20":"add-to-wishlist-before_image"},"exclude_global_add_ons":[],"addons":[],"acf":[],"_links":{"self":[{"href":"https:\/\/shop.kustom.ch\/fr\/wp-json\/wp\/v2\/product\/637769"}],"collection":[{"href":"https:\/\/shop.kustom.ch\/fr\/wp-json\/wp\/v2\/product"}],"about":[{"href":"https:\/\/shop.kustom.ch\/fr\/wp-json\/wp\/v2\/types\/product"}],"wp:featuredmedia":[{"embeddable":true,"href":"https:\/\/shop.kustom.ch\/fr\/wp-json\/wp\/v2\/media\/481084"}],"wp:attachment":[{"href":"https:\/\/shop.kustom.ch\/fr\/wp-json\/wp\/v2\/media?parent=637769"}],"wp:term":[{"taxonomy":"product_brand","embeddable":true,"href":"https:\/\/shop.kustom.ch\/fr\/wp-json\/wp\/v2\/product_brand?post=637769"},{"taxonomy":"product_cat","embeddable":true,"href":"https:\/\/shop.kustom.ch\/fr\/wp-json\/wp\/v2\/product_cat?post=637769"},{"taxonomy":"product_tag","embeddable":true,"href":"https:\/\/shop.kustom.ch\/fr\/wp-json\/wp\/v2\/product_tag?post=637769"}],"curies":[{"name":"wp","href":"https:\/\/api.w.org\/{rel}","templated":true}]}}