{"id":637619,"date":"2025-03-22T03:44:02","date_gmt":"2025-03-22T02:44:02","guid":{"rendered":"https:\/\/shop.kustom.ch\/?post_type=product&#038;p=637619"},"modified":"2026-03-27T13:34:01","modified_gmt":"2026-03-27T12:34:01","slug":"community-2-0-logo-fz-hoodie-w","status":"publish","type":"product","link":"https:\/\/shop.kustom.ch\/fr\/produit\/community-2-0-logo-fz-hoodie-w\/","title":{"rendered":"Community 2.0 Logo FZ Hoodie W"},"content":{"rendered":"<p>Le sweat \u00e0 capuche Community 2.0 Logo FZ associe une coupe d\u00e9contract\u00e9e mais athl\u00e9tique \u00e0 une expression sportive, id\u00e9ale pour les moments de d\u00e9tente en dehors du terrain. Ce sweat \u00e0 capuche d\u00e9contract\u00e9 \u00e0 fermeture \u00e9clair int\u00e9grale est fabriqu\u00e9 \u00e0 partir d'un m\u00e9lange doux de polyester recycl\u00e9 et de coton bio, avec un int\u00e9rieur bross\u00e9. Il assure une sensation de souplesse et un grand confort et ravive l'esprit d'\u00e9quipe. Gr\u00e2ce \u00e0 son design \u00e9pur\u00e9, il convient parfaitement au branding avec les logos du club, des sponsors ou de l'entreprise.<\/p>\n<p>- Tissu doux en polyester recycl\u00e9 et coton bio<br \/>\n- face int\u00e9rieure bross\u00e9e<br \/>\n- Fermeture \u00e0 glissi\u00e8re sur toute la longueur<br \/>\n- Deux poches lat\u00e9rales<br \/>\n- Logo contrast\u00e9 sur la poitrine<br \/>\n- Coupe normale<\/p>\n<p>Mat\u00e9riau : Solid colors : 60% Cotton-Organic 40% Polyester-Recycled<br \/>\nCouleurs m\u00e9lang\u00e9es : 63% Coton-Organic 31% Polyester-Recycled 6% Viscose<\/p>","protected":false},"excerpt":{"rendered":"<p>Der Community 2.0 Logo FZ Hoodie kombiniert eine entspannte und dennoch athletische Passform mit einem sportlichen Ausdruck, ideal f\u00fcr entspannte Momente abseits des Spielfelds. Dieser l\u00e4ssige Kapuzenpullover mit durchgehendem Reissverschluss ist aus einer weichen Mischung aus recyceltem Polyester und Bio-Baumwolle gefertigt und verf\u00fcgt \u00fcber eine geb\u00fcrstete Innenseite. Er sorgt f\u00fcr ein geschmeidiges Tragegef\u00fchl sowie grossartigen [&hellip;]<\/p>\n","protected":false},"featured_media":480991,"template":"","meta":[],"product_brand":[],"product_cat":[4184],"product_tag":[],"class_list":{"0":"post-637619","1":"product","2":"type-product","3":"status-publish","4":"has-post-thumbnail","6":"product_cat-hoodies-pullover","7":"pa_brand-craft-teamwear","8":"pa_brand-type-sportswear","9":"pa_filter-color-blau","10":"pa_filter-color-grau","11":"pa_filter-color-rot","12":"pa_filter-color-schwarz","14":"first","15":"instock","16":"sale","17":"taxable","18":"shipping-taxable","19":"purchasable","20":"product-type-variable","21":"add-to-wishlist-before_image"},"exclude_global_add_ons":[],"addons":[],"acf":[],"_links":{"self":[{"href":"https:\/\/shop.kustom.ch\/fr\/wp-json\/wp\/v2\/product\/637619"}],"collection":[{"href":"https:\/\/shop.kustom.ch\/fr\/wp-json\/wp\/v2\/product"}],"about":[{"href":"https:\/\/shop.kustom.ch\/fr\/wp-json\/wp\/v2\/types\/product"}],"wp:featuredmedia":[{"embeddable":true,"href":"https:\/\/shop.kustom.ch\/fr\/wp-json\/wp\/v2\/media\/480991"}],"wp:attachment":[{"href":"https:\/\/shop.kustom.ch\/fr\/wp-json\/wp\/v2\/media?parent=637619"}],"wp:term":[{"taxonomy":"product_brand","embeddable":true,"href":"https:\/\/shop.kustom.ch\/fr\/wp-json\/wp\/v2\/product_brand?post=637619"},{"taxonomy":"product_cat","embeddable":true,"href":"https:\/\/shop.kustom.ch\/fr\/wp-json\/wp\/v2\/product_cat?post=637619"},{"taxonomy":"product_tag","embeddable":true,"href":"https:\/\/shop.kustom.ch\/fr\/wp-json\/wp\/v2\/product_tag?post=637619"}],"curies":[{"name":"wp","href":"https:\/\/api.w.org\/{rel}","templated":true}]}}