{"id":637556,"date":"2025-03-22T03:43:36","date_gmt":"2025-03-22T02:43:36","guid":{"rendered":"https:\/\/shop.kustom.ch\/?post_type=product&#038;p=637556"},"modified":"2026-04-16T10:17:07","modified_gmt":"2026-04-16T09:17:07","slug":"community-2-0-hoodie-m","status":"publish","type":"product","link":"https:\/\/shop.kustom.ch\/fr\/produit\/community-2-0-hoodie-m\/","title":{"rendered":"Sweat \u00e0 capuche Community 2.0 M"},"content":{"rendered":"<p>Le sweat \u00e0 capuche Community 2.0 associe une coupe d\u00e9contract\u00e9e mais athl\u00e9tique \u00e0 une expression sportive, id\u00e9ale pour les moments de d\u00e9tente en dehors du terrain. Ce sweat \u00e0 capuche d\u00e9contract\u00e9 est compos\u00e9 d'un m\u00e9lange doux de polyester recycl\u00e9 et de coton bio, avec un int\u00e9rieur bross\u00e9. Il assure une sensation de souplesse et un grand confort et ravive l'esprit d'\u00e9quipe. Gr\u00e2ce \u00e0 son design \u00e9pur\u00e9, il est parfait pour le branding avec les logos du club, des sponsors ou de l'entreprise.<\/p>\n<p>- Tissu doux en polyester recycl\u00e9 et coton bio<br \/>\n- face int\u00e9rieure bross\u00e9e<br \/>\n- Poche kangourou \u00e0 l'avant<br \/>\n- Coupe normale<\/p>\n<p>Mat\u00e9riau : Couleurs solides : 60% Cotton-Organic, 40% Polyester-Recycled<br \/>\nCouleurs m\u00e9lang\u00e9es : 63% Cotton-Organic, 31% Polyester-Recycled, 6% Viscose<\/p>","protected":false},"excerpt":{"rendered":"<p>Der Community 2.0 Hoodie kombiniert eine entspannte und dennoch athletische Passform mit einem sportlichen Ausdruck, ideal f\u00fcr entspannte Momente abseits des Spielfelds. Dieser l\u00e4ssige Kapuzenpullover besteht aus einer weichen Mischung aus recyceltem Polyester und Bio-Baumwolle und weist eine geb\u00fcrstete Innenseite auf. Er sorgt f\u00fcr ein geschmeidiges Tragegef\u00fchl und hohen Komfort und belebt den Teamgeist. Durch [&hellip;]<\/p>\n","protected":false},"featured_media":481644,"template":"","meta":[],"product_brand":[],"product_cat":[4184],"product_tag":[],"class_list":{"0":"post-637556","1":"product","2":"type-product","3":"status-publish","4":"has-post-thumbnail","6":"product_cat-hoodies-pullover","7":"pa_brand-craft-teamwear","8":"pa_brand-type-sportswear","9":"pa_filter-color-blau","10":"pa_filter-color-grau","11":"pa_filter-color-gruen","12":"pa_filter-color-schwarz","14":"first","15":"instock","16":"sale","17":"taxable","18":"shipping-taxable","19":"purchasable","20":"product-type-variable","21":"add-to-wishlist-before_image"},"exclude_global_add_ons":[],"addons":[],"acf":[],"_links":{"self":[{"href":"https:\/\/shop.kustom.ch\/fr\/wp-json\/wp\/v2\/product\/637556"}],"collection":[{"href":"https:\/\/shop.kustom.ch\/fr\/wp-json\/wp\/v2\/product"}],"about":[{"href":"https:\/\/shop.kustom.ch\/fr\/wp-json\/wp\/v2\/types\/product"}],"wp:featuredmedia":[{"embeddable":true,"href":"https:\/\/shop.kustom.ch\/fr\/wp-json\/wp\/v2\/media\/481644"}],"wp:attachment":[{"href":"https:\/\/shop.kustom.ch\/fr\/wp-json\/wp\/v2\/media?parent=637556"}],"wp:term":[{"taxonomy":"product_brand","embeddable":true,"href":"https:\/\/shop.kustom.ch\/fr\/wp-json\/wp\/v2\/product_brand?post=637556"},{"taxonomy":"product_cat","embeddable":true,"href":"https:\/\/shop.kustom.ch\/fr\/wp-json\/wp\/v2\/product_cat?post=637556"},{"taxonomy":"product_tag","embeddable":true,"href":"https:\/\/shop.kustom.ch\/fr\/wp-json\/wp\/v2\/product_tag?post=637556"}],"curies":[{"name":"wp","href":"https:\/\/api.w.org\/{rel}","templated":true}]}}