{"id":637502,"date":"2025-03-22T03:43:04","date_gmt":"2025-03-22T02:43:04","guid":{"rendered":"https:\/\/shop.kustom.ch\/?post_type=product&#038;p=637502"},"modified":"2026-03-27T14:16:36","modified_gmt":"2026-03-27T13:16:36","slug":"community-2-0-function-hoodie-m","status":"publish","type":"product","link":"https:\/\/shop.kustom.ch\/fr\/produit\/community-2-0-function-hoodie-m\/","title":{"rendered":"Community 2.0 Function Hoodie M"},"content":{"rendered":"<p>Transmettez l'esprit d'\u00e9quipe \u00e0 vos fans et supporters avec le sweat \u00e0 capuche Community 2.0 Function, un sweat \u00e0 capuche classique con\u00e7u pour construire et renforcer votre communaut\u00e9. Ce sweat \u00e0 capuche styl\u00e9 et polyvalent est fabriqu\u00e9 en polyester fonctionnel et recycl\u00e9 et offre une coupe superbe et une libert\u00e9 de mouvement exceptionnelle. Une combinaison parfaite de v\u00eatements d'\u00e9quipe et d'articles de fan.<\/p>\n<p>- Fabriqu\u00e9 \u00e0 partir de polyester recycl\u00e9<br \/>\n- Poignets et ourlet en tricot c\u00f4tel\u00e9<br \/>\n- Poche kangourou \u00e0 l'avant<br \/>\n- Coupe normale<\/p>\n<p>Mati\u00e8re : 100% polyester recycl\u00e9<\/p>","protected":false},"excerpt":{"rendered":"<p>\u00dcbertragen Sie den Teamgeist auf die Fans und Unterst\u00fctzer mit dem Community 2.0 Function Hoodie, einem klassischen Kapuzenpulli, der darauf ausgelegt ist, Ihre Community aufzubauen und zu st\u00e4rken. Dieser stylische und vielseitige Kapuzenpullover besteht aus funktionellem und recyceltem Polyester und bietet eine tolle Passform sowie aussergew\u00f6hnliche Bewegungsfreiheit. Eine perfekte Kombination aus Teamkleidung und Fanartikeln. \u2022 [&hellip;]<\/p>\n","protected":false},"featured_media":481422,"template":"","meta":[],"product_brand":[],"product_cat":[4184],"product_tag":[],"class_list":{"0":"post-637502","1":"product","2":"type-product","3":"status-publish","4":"has-post-thumbnail","6":"product_cat-hoodies-pullover","7":"pa_brand-craft-teamwear","8":"pa_brand-type-sportswear","9":"pa_filter-color-blau","10":"pa_filter-color-schwarz","12":"first","13":"instock","14":"sale","15":"taxable","16":"shipping-taxable","17":"purchasable","18":"product-type-variable","19":"add-to-wishlist-before_image"},"exclude_global_add_ons":[],"addons":[],"acf":[],"_links":{"self":[{"href":"https:\/\/shop.kustom.ch\/fr\/wp-json\/wp\/v2\/product\/637502"}],"collection":[{"href":"https:\/\/shop.kustom.ch\/fr\/wp-json\/wp\/v2\/product"}],"about":[{"href":"https:\/\/shop.kustom.ch\/fr\/wp-json\/wp\/v2\/types\/product"}],"wp:featuredmedia":[{"embeddable":true,"href":"https:\/\/shop.kustom.ch\/fr\/wp-json\/wp\/v2\/media\/481422"}],"wp:attachment":[{"href":"https:\/\/shop.kustom.ch\/fr\/wp-json\/wp\/v2\/media?parent=637502"}],"wp:term":[{"taxonomy":"product_brand","embeddable":true,"href":"https:\/\/shop.kustom.ch\/fr\/wp-json\/wp\/v2\/product_brand?post=637502"},{"taxonomy":"product_cat","embeddable":true,"href":"https:\/\/shop.kustom.ch\/fr\/wp-json\/wp\/v2\/product_cat?post=637502"},{"taxonomy":"product_tag","embeddable":true,"href":"https:\/\/shop.kustom.ch\/fr\/wp-json\/wp\/v2\/product_tag?post=637502"}],"curies":[{"name":"wp","href":"https:\/\/api.w.org\/{rel}","templated":true}]}}