{"id":637451,"date":"2025-03-22T03:42:28","date_gmt":"2025-03-22T02:42:28","guid":{"rendered":"https:\/\/shop.kustom.ch\/?post_type=product&#038;p=637451"},"modified":"2026-03-27T14:22:31","modified_gmt":"2026-03-27T13:22:31","slug":"community-2-0-craft-hoodie-jr","status":"publish","type":"product","link":"https:\/\/shop.kustom.ch\/fr\/produit\/community-2-0-craft-hoodie-jr\/","title":{"rendered":"Community 2.0 Craft Hoodie JR"},"content":{"rendered":"<p>Le sweat \u00e0 capuche Community 2.0 Logo combine une coupe d\u00e9contract\u00e9e mais athl\u00e9tique avec une expression sportive, id\u00e9ale pour les moments de d\u00e9tente en dehors du terrain. Fabriqu\u00e9 \u00e0 partir d'un m\u00e9lange doux de polyester recycl\u00e9 et de coton biologique.<\/p>\n<p>Mati\u00e8re : coton 60%, polyester recycl\u00e9 40%<\/p>","protected":false},"excerpt":{"rendered":"<p>Der Community 2.0 Logo Hoodie kombiniert einen l\u00e4ssigen, aber athletischen Schnitt mit einem sportlichen Ausdruck, ideal f\u00fcr Momente der Entspannung abseits des Spielfelds. Hergestellt aus einer weichen Mischung aus recyceltem Polyester und Bio-Baumwolle. Material: 60% Baumwolle, 40% Recycling-Polyester<\/p>","protected":false},"featured_media":482599,"template":"","meta":[],"product_brand":[],"product_cat":[4184],"product_tag":[],"class_list":{"0":"post-637451","1":"product","2":"type-product","3":"status-publish","4":"has-post-thumbnail","6":"product_cat-hoodies-pullover","7":"pa_brand-craft-teamwear","8":"pa_brand-type-sportswear","9":"pa_filter-color-blau","10":"pa_filter-color-grau","11":"pa_filter-color-schwarz","13":"first","14":"instock","15":"sale","16":"taxable","17":"shipping-taxable","18":"purchasable","19":"product-type-variable","20":"add-to-wishlist-before_image"},"exclude_global_add_ons":[],"addons":[],"acf":[],"_links":{"self":[{"href":"https:\/\/shop.kustom.ch\/fr\/wp-json\/wp\/v2\/product\/637451"}],"collection":[{"href":"https:\/\/shop.kustom.ch\/fr\/wp-json\/wp\/v2\/product"}],"about":[{"href":"https:\/\/shop.kustom.ch\/fr\/wp-json\/wp\/v2\/types\/product"}],"wp:featuredmedia":[{"embeddable":true,"href":"https:\/\/shop.kustom.ch\/fr\/wp-json\/wp\/v2\/media\/482599"}],"wp:attachment":[{"href":"https:\/\/shop.kustom.ch\/fr\/wp-json\/wp\/v2\/media?parent=637451"}],"wp:term":[{"taxonomy":"product_brand","embeddable":true,"href":"https:\/\/shop.kustom.ch\/fr\/wp-json\/wp\/v2\/product_brand?post=637451"},{"taxonomy":"product_cat","embeddable":true,"href":"https:\/\/shop.kustom.ch\/fr\/wp-json\/wp\/v2\/product_cat?post=637451"},{"taxonomy":"product_tag","embeddable":true,"href":"https:\/\/shop.kustom.ch\/fr\/wp-json\/wp\/v2\/product_tag?post=637451"}],"curies":[{"name":"wp","href":"https:\/\/api.w.org\/{rel}","templated":true}]}}