{"id":637450,"date":"2025-03-22T03:42:28","date_gmt":"2025-03-22T02:42:28","guid":{"rendered":"https:\/\/shop.kustom.ch\/?post_type=product&#038;p=637450"},"modified":"2026-03-27T14:07:40","modified_gmt":"2026-03-27T13:07:40","slug":"collective-structure-shorts-m","status":"publish","type":"product","link":"https:\/\/shop.kustom.ch\/fr\/produit\/collective-structure-shorts-m\/","title":{"rendered":"Short Structure Collective M"},"content":{"rendered":"<p>Les shorts Collective Structure sont des shorts d'entra\u00eenement confortables au charme intemporel, qui s'int\u00e8grent sans probl\u00e8me de l'utilisation sportive \u00e0 la vie quotidienne.<\/p>\n<p>Compos\u00e9 d'un tissu polyester tiss\u00e9 tr\u00e8s \u00e9lastique et d'une surface \u00e0 la structure jacquard, ce short d\u00e9contract\u00e9 offre \u00e0 la fois confort, performance et style. Une taille \u00e9lastique avec un cordon de serrage r\u00e9glable assure un ajustement parfait, tandis que deux poches lat\u00e9rales et une poche arri\u00e8re zipp\u00e9e offrent des possibilit\u00e9s de rangement pratiques. L'expression d'un savoir-faire de haut niveau jusque dans les moindres d\u00e9tails.<\/p>\n<p>- Tissu stretch tiss\u00e9 en polyester recycl\u00e9 et \u00e9lasthanne<br \/>\n- surface structur\u00e9e Jacquard<br \/>\n- Cordon de serrage r\u00e9glable \u00e0 la taille<br \/>\n- Deux poches lat\u00e9rales<br \/>\n- Poche arri\u00e8re avec fermeture \u00e9clair<br \/>\n- Coupe normale<\/p>\n<p>Mati\u00e8re : 89% polyester recycl\u00e9, 11% \u00e9lasthanne<\/p>","protected":false},"excerpt":{"rendered":"<p>Collective Structure Shorts sind bequeme Trainingsshorts mit zeitlosem Reiz, die sich nahtlos vom sportlichen Einsatz in den Alltag integrieren lassen. Diese l\u00e4ssigen Shorts bestehen aus einem gewebten Polyesterstoff mit hoher Elastizit\u00e4t und einer Oberfl\u00e4che mit Jacquardstruktur und bieten Komfort, Leistung und Stil gleichermassen. Ein elastischer Bund mit verstellbarem Kordelzug sorgt f\u00fcr eine perfekte Passform, w\u00e4hrend [&hellip;]<\/p>\n","protected":false},"featured_media":626620,"template":"","meta":[],"product_brand":[],"product_cat":[4198],"product_tag":[],"class_list":{"0":"post-637450","1":"product","2":"type-product","3":"status-publish","4":"has-post-thumbnail","6":"product_cat-shorts","7":"pa_brand-craft-retail-sportswear","8":"pa_brand-type-sportswear","9":"pa_filter-color-schwarz","11":"first","12":"instock","13":"sale","14":"taxable","15":"shipping-taxable","16":"purchasable","17":"product-type-variable","18":"add-to-wishlist-before_image"},"exclude_global_add_ons":[],"addons":[],"acf":[],"_links":{"self":[{"href":"https:\/\/shop.kustom.ch\/fr\/wp-json\/wp\/v2\/product\/637450"}],"collection":[{"href":"https:\/\/shop.kustom.ch\/fr\/wp-json\/wp\/v2\/product"}],"about":[{"href":"https:\/\/shop.kustom.ch\/fr\/wp-json\/wp\/v2\/types\/product"}],"wp:featuredmedia":[{"embeddable":true,"href":"https:\/\/shop.kustom.ch\/fr\/wp-json\/wp\/v2\/media\/626620"}],"wp:attachment":[{"href":"https:\/\/shop.kustom.ch\/fr\/wp-json\/wp\/v2\/media?parent=637450"}],"wp:term":[{"taxonomy":"product_brand","embeddable":true,"href":"https:\/\/shop.kustom.ch\/fr\/wp-json\/wp\/v2\/product_brand?post=637450"},{"taxonomy":"product_cat","embeddable":true,"href":"https:\/\/shop.kustom.ch\/fr\/wp-json\/wp\/v2\/product_cat?post=637450"},{"taxonomy":"product_tag","embeddable":true,"href":"https:\/\/shop.kustom.ch\/fr\/wp-json\/wp\/v2\/product_tag?post=637450"}],"curies":[{"name":"wp","href":"https:\/\/api.w.org\/{rel}","templated":true}]}}