{"id":637449,"date":"2025-03-22T03:42:27","date_gmt":"2025-03-22T02:42:27","guid":{"rendered":"https:\/\/shop.kustom.ch\/?post_type=product&#038;p=637449"},"modified":"2026-03-27T14:06:02","modified_gmt":"2026-03-27T13:06:02","slug":"collective-structure-pants-m","status":"publish","type":"product","link":"https:\/\/shop.kustom.ch\/fr\/produit\/collective-structure-pants-m\/","title":{"rendered":"Collective Structure Pants M"},"content":{"rendered":"<p>Les pantalons Structure Collective sont des pantalons d'entra\u00eenement confortables au charme intemporel, qui s'int\u00e8grent sans probl\u00e8me de l'utilisation sportive \u00e0 la vie quotidienne.<\/p>\n<p>Compos\u00e9 d'un tissu polyester tiss\u00e9 \u00e0 haute \u00e9lasticit\u00e9 et d'une surface \u00e0 la structure jacquard, ce pantalon de loisirs offre \u00e0 la fois confort, performance et style. Une taille \u00e9lastique avec un cordon de serrage r\u00e9glable assure un ajustement parfait, tandis que deux poches lat\u00e9rales et une poche arri\u00e8re zipp\u00e9e offrent des possibilit\u00e9s de rangement pratiques. L'expression d'un savoir-faire de haut niveau jusque dans les moindres d\u00e9tails.<\/p>\n<p>- Tissu stretch tiss\u00e9 en polyester recycl\u00e9 et \u00e9lasthanne<br \/>\n- surface structur\u00e9e Jacquard<br \/>\n- Cordon de serrage r\u00e9glable \u00e0 la taille<br \/>\n- Deux poches lat\u00e9rales<br \/>\n- Poche arri\u00e8re avec fermeture \u00e9clair<br \/>\n- Coupe normale<\/p>\n<p>Mati\u00e8re : 89% polyester recycl\u00e9, 11% \u00e9lasthanne<\/p>","protected":false},"excerpt":{"rendered":"<p>Collective Structure Pants sind bequeme Trainingshosen mit zeitlosem Reiz, die sich nahtlos vom sportlichen Einsatz in den Alltag integrieren lassen. Diese Freizeithose besteht aus einem gewebten Polyesterstoff mit hoher Elastizit\u00e4t und einer Oberfl\u00e4che mit Jacquardstruktur und bietet Komfort, Leistung und Stil gleichermassen. Ein elastischer Bund mit verstellbarem Kordelzug sorgt f\u00fcr eine perfekte Passform, w\u00e4hrend zwei [&hellip;]<\/p>\n","protected":false},"featured_media":626609,"template":"","meta":[],"product_brand":[],"product_cat":[4185],"product_tag":[],"class_list":{"0":"post-637449","1":"product","2":"type-product","3":"status-publish","4":"has-post-thumbnail","6":"product_cat-hosen","7":"pa_brand-craft-retail-sportswear","8":"pa_brand-type-sportswear","9":"pa_filter-color-schwarz","11":"first","12":"instock","13":"sale","14":"taxable","15":"shipping-taxable","16":"purchasable","17":"product-type-variable","18":"add-to-wishlist-before_image"},"exclude_global_add_ons":[],"addons":[],"acf":[],"_links":{"self":[{"href":"https:\/\/shop.kustom.ch\/fr\/wp-json\/wp\/v2\/product\/637449"}],"collection":[{"href":"https:\/\/shop.kustom.ch\/fr\/wp-json\/wp\/v2\/product"}],"about":[{"href":"https:\/\/shop.kustom.ch\/fr\/wp-json\/wp\/v2\/types\/product"}],"wp:featuredmedia":[{"embeddable":true,"href":"https:\/\/shop.kustom.ch\/fr\/wp-json\/wp\/v2\/media\/626609"}],"wp:attachment":[{"href":"https:\/\/shop.kustom.ch\/fr\/wp-json\/wp\/v2\/media?parent=637449"}],"wp:term":[{"taxonomy":"product_brand","embeddable":true,"href":"https:\/\/shop.kustom.ch\/fr\/wp-json\/wp\/v2\/product_brand?post=637449"},{"taxonomy":"product_cat","embeddable":true,"href":"https:\/\/shop.kustom.ch\/fr\/wp-json\/wp\/v2\/product_cat?post=637449"},{"taxonomy":"product_tag","embeddable":true,"href":"https:\/\/shop.kustom.ch\/fr\/wp-json\/wp\/v2\/product_tag?post=637449"}],"curies":[{"name":"wp","href":"https:\/\/api.w.org\/{rel}","templated":true}]}}