{"id":637448,"date":"2025-03-22T03:42:27","date_gmt":"2025-03-22T02:42:27","guid":{"rendered":"https:\/\/shop.kustom.ch\/?post_type=product&#038;p=637448"},"modified":"2026-03-27T14:22:28","modified_gmt":"2026-03-27T13:22:28","slug":"collective-ss-tee-w","status":"publish","type":"product","link":"https:\/\/shop.kustom.ch\/fr\/produit\/collective-ss-tee-w\/","title":{"rendered":"Collective SS Tee W"},"content":{"rendered":"<p>Collective Tee est un t-shirt d'entra\u00eenement d'une douceur exceptionnelle, au design intemporel, qui passe sans effort de l'entra\u00eenement \u00e0 la vie quotidienne - et vous offre confort et style tout au long de la journ\u00e9e.<\/p>\n<p>Con\u00e7u pour un confort optimal, ce t-shirt d'entra\u00eenement polyvalent est fabriqu\u00e9 dans un tissu polyester extensible \u00e0 la surface rugueuse, qui offre une sensation de douceur luxueuse et une excellente r\u00e9gulation de la temp\u00e9rature corporelle. Il est \u00e9galement dot\u00e9 de manches raglan et d'un ourlet arrondi pour une silhouette f\u00e9minine et incarne une finition exquise dans chaque d\u00e9tail.<\/p>\n<p>- Tissu stretch tr\u00e8s doux en polyester recycl\u00e9 et \u00e9lasthanne<br \/>\n- Surface liss\u00e9e<br \/>\n- manches raglan<br \/>\n- Fond arrondi<br \/>\n- Coupe normale<\/p>\n<p>Mati\u00e8re : 90% polyester recycl\u00e9, 10% \u00e9lasthanne<\/p>","protected":false},"excerpt":{"rendered":"<p>Collective Tee ist ein aussergew\u00f6hnlich weiches Trainings-T-Shirt mit zeitlosem Design, das sich m\u00fchelos vom Training in den Alltag integrieren l\u00e4sst \u2013 und Ihnen den ganzen Tag \u00fcber Komfort und Stil bietet. Dieses vielseitige Trainings-T-Shirt wurde f\u00fcr ultimativen Komfort entworfen und besteht aus einem dehnbaren Polyester-Mischgewebe mit aufgerauter Oberfl\u00e4che, das sich luxuri\u00f6s weich anf\u00fchlt und eine [&hellip;]<\/p>\n","protected":false},"featured_media":626588,"template":"","meta":[],"product_brand":[],"product_cat":[4201],"product_tag":[],"class_list":{"0":"post-637448","1":"product","2":"type-product","3":"status-publish","4":"has-post-thumbnail","6":"product_cat-t-shirts","7":"pa_brand-craft-retail-sportswear","8":"pa_brand-type-sportswear","9":"pa_filter-color-braun","10":"pa_filter-color-grau","11":"pa_filter-color-schwarz","13":"first","14":"instock","15":"sale","16":"taxable","17":"shipping-taxable","18":"purchasable","19":"product-type-variable","20":"add-to-wishlist-before_image"},"exclude_global_add_ons":[],"addons":[],"acf":[],"_links":{"self":[{"href":"https:\/\/shop.kustom.ch\/fr\/wp-json\/wp\/v2\/product\/637448"}],"collection":[{"href":"https:\/\/shop.kustom.ch\/fr\/wp-json\/wp\/v2\/product"}],"about":[{"href":"https:\/\/shop.kustom.ch\/fr\/wp-json\/wp\/v2\/types\/product"}],"wp:featuredmedia":[{"embeddable":true,"href":"https:\/\/shop.kustom.ch\/fr\/wp-json\/wp\/v2\/media\/626588"}],"wp:attachment":[{"href":"https:\/\/shop.kustom.ch\/fr\/wp-json\/wp\/v2\/media?parent=637448"}],"wp:term":[{"taxonomy":"product_brand","embeddable":true,"href":"https:\/\/shop.kustom.ch\/fr\/wp-json\/wp\/v2\/product_brand?post=637448"},{"taxonomy":"product_cat","embeddable":true,"href":"https:\/\/shop.kustom.ch\/fr\/wp-json\/wp\/v2\/product_cat?post=637448"},{"taxonomy":"product_tag","embeddable":true,"href":"https:\/\/shop.kustom.ch\/fr\/wp-json\/wp\/v2\/product_tag?post=637448"}],"curies":[{"name":"wp","href":"https:\/\/api.w.org\/{rel}","templated":true}]}}