{"id":637389,"date":"2025-03-22T03:42:05","date_gmt":"2025-03-22T02:42:05","guid":{"rendered":"https:\/\/shop.kustom.ch\/?post_type=product&#038;p=637389"},"modified":"2026-04-20T12:08:02","modified_gmt":"2026-04-20T11:08:02","slug":"collective-singlet-w","status":"publish","type":"product","link":"https:\/\/shop.kustom.ch\/fr\/produit\/collective-singlet-w\/","title":{"rendered":"Collective Singlet W"},"content":{"rendered":"<p>Le singlet Collective est un singlet d'entra\u00eenement exceptionnellement doux au design intemporel qui s'int\u00e8gre facilement de l'entra\u00eenement \u00e0 la vie de tous les jours et qui vous permet d'\u00eatre \u00e0 l'aise et \u00e9l\u00e9gante tout au long de la journ\u00e9e.<\/p>\n<p>Ce maillot de corps d'entra\u00eenement polyvalent est con\u00e7u pour un confort ultime et est fabriqu\u00e9 dans un m\u00e9lange de polyester extensible avec une surface rugueuse qui est luxueusement douce au toucher et permet une excellente r\u00e9gulation de la temp\u00e9rature corporelle. Il dispose \u00e9galement d'un dos nageur et d'un ourlet arrondi pour une silhouette f\u00e9minine et incarne une finition exquise dans chaque d\u00e9tail.<\/p>\n<p>- Tissu stretch tr\u00e8s doux en polyester recycl\u00e9 et \u00e9lasthanne<br \/>\n- Surface liss\u00e9e<br \/>\n- dos de racer<br \/>\n- Fond arrondi<br \/>\n- Coupe normale<\/p>\n<p>Mati\u00e8re : 90% polyester recycl\u00e9, 10% \u00e9lasthanne<\/p>","protected":false},"excerpt":{"rendered":"<p>Das Collective Singlet ist ein aussergew\u00f6hnlich weiches Trainings-Singlet mit zeitlosem Design, das sich problemlos vom Training in den Alltag integrieren l\u00e4sst und daf\u00fcr sorgt, dass Sie den ganzen Tag \u00fcber bequem und stilvoll unterwegs sind. Dieses vielseitige Trainingsunterhemd ist f\u00fcr ultimativen Komfort konzipiert und aus einer dehnbaren Polyestermischung mit aufgerauter Oberfl\u00e4che gefertigt, die sich luxuri\u00f6s [&hellip;]<\/p>\n","protected":false},"featured_media":626568,"template":"","meta":[],"product_brand":[],"product_cat":[4202],"product_tag":[],"class_list":{"0":"post-637389","1":"product","2":"type-product","3":"status-publish","4":"has-post-thumbnail","6":"product_cat-tank-tops","7":"pa_brand-craft-retail-sportswear","8":"pa_brand-type-sportswear","9":"pa_filter-color-blau","10":"pa_filter-color-grau","11":"pa_filter-color-schwarz","13":"first","14":"instock","15":"sale","16":"taxable","17":"shipping-taxable","18":"purchasable","19":"product-type-variable","20":"add-to-wishlist-before_image"},"exclude_global_add_ons":[],"addons":[],"acf":[],"_links":{"self":[{"href":"https:\/\/shop.kustom.ch\/fr\/wp-json\/wp\/v2\/product\/637389"}],"collection":[{"href":"https:\/\/shop.kustom.ch\/fr\/wp-json\/wp\/v2\/product"}],"about":[{"href":"https:\/\/shop.kustom.ch\/fr\/wp-json\/wp\/v2\/types\/product"}],"wp:featuredmedia":[{"embeddable":true,"href":"https:\/\/shop.kustom.ch\/fr\/wp-json\/wp\/v2\/media\/626568"}],"wp:attachment":[{"href":"https:\/\/shop.kustom.ch\/fr\/wp-json\/wp\/v2\/media?parent=637389"}],"wp:term":[{"taxonomy":"product_brand","embeddable":true,"href":"https:\/\/shop.kustom.ch\/fr\/wp-json\/wp\/v2\/product_brand?post=637389"},{"taxonomy":"product_cat","embeddable":true,"href":"https:\/\/shop.kustom.ch\/fr\/wp-json\/wp\/v2\/product_cat?post=637389"},{"taxonomy":"product_tag","embeddable":true,"href":"https:\/\/shop.kustom.ch\/fr\/wp-json\/wp\/v2\/product_tag?post=637389"}],"curies":[{"name":"wp","href":"https:\/\/api.w.org\/{rel}","templated":true}]}}