{"id":637331,"date":"2025-03-22T03:41:33","date_gmt":"2025-03-22T02:41:33","guid":{"rendered":"https:\/\/shop.kustom.ch\/?post_type=product&#038;p=637331"},"modified":"2026-03-27T14:19:31","modified_gmt":"2026-03-27T13:19:31","slug":"collective-relaxed-ss-tee-m","status":"publish","type":"product","link":"https:\/\/shop.kustom.ch\/fr\/produit\/collective-relaxed-ss-tee-m\/","title":{"rendered":"Collective Relaxed SS Tee M"},"content":{"rendered":"<p>Le Collective Relaxed Tee est un t-shirt d'entra\u00eenement doux au design intemporel qui convient sans couture aussi bien \u00e0 l'entra\u00eenement qu'aux loisirs. <\/p>\n<p>Ce t-shirt extr\u00eamement confortable est fabriqu\u00e9 dans un m\u00e9lange de coton doux et a une coupe d\u00e9contract\u00e9e pour un look polyvalent. Ce t-shirt d'athl\u00e9tisme est le choix parfait pour tous ceux qui exigent \u00e0 la fois fonctionnalit\u00e9 et style dans leur vie quotidienne. Une expression de l'artisanat de haut niveau jusque dans les moindres d\u00e9tails.<\/p>\n<p>- Tissu stretch doux en coton bio et \u00e9lasthanne<br \/>\n- Coupe d\u00e9contract\u00e9e<\/p>\n<p>Mati\u00e8re : 93% coton biologique, 7% \u00e9lasthanne<\/p>","protected":false},"excerpt":{"rendered":"<p>Das Collective Relaxed Tee ist ein weiches Trainings-T-Shirt mit zeitlosem Design, das sich nahtlos sowohl f\u00fcrs Training als auch f\u00fcr die Freizeit eignet. Dieses \u00e4usserst bequeme T-Shirt besteht aus einem weichen Baumwollmischgewebe und hat eine entspannte Passform f\u00fcr einen vielseitigen Look. Dieses T-Shirt aus dem Bereich Athleisure ist die perfekte Wahl f\u00fcr alle, die in [&hellip;]<\/p>\n","protected":false},"featured_media":626509,"template":"","meta":[],"product_brand":[],"product_cat":[4201],"product_tag":[],"class_list":{"0":"post-637331","1":"product","2":"type-product","3":"status-publish","4":"has-post-thumbnail","6":"product_cat-t-shirts","7":"pa_brand-craft-retail-sportswear","8":"pa_brand-type-sportswear","9":"pa_filter-color-blau","10":"pa_filter-color-schwarz","11":"pa_filter-color-weiss","13":"first","14":"instock","15":"sale","16":"taxable","17":"shipping-taxable","18":"purchasable","19":"product-type-variable","20":"add-to-wishlist-before_image"},"exclude_global_add_ons":[],"addons":[],"acf":[],"_links":{"self":[{"href":"https:\/\/shop.kustom.ch\/fr\/wp-json\/wp\/v2\/product\/637331"}],"collection":[{"href":"https:\/\/shop.kustom.ch\/fr\/wp-json\/wp\/v2\/product"}],"about":[{"href":"https:\/\/shop.kustom.ch\/fr\/wp-json\/wp\/v2\/types\/product"}],"wp:featuredmedia":[{"embeddable":true,"href":"https:\/\/shop.kustom.ch\/fr\/wp-json\/wp\/v2\/media\/626509"}],"wp:attachment":[{"href":"https:\/\/shop.kustom.ch\/fr\/wp-json\/wp\/v2\/media?parent=637331"}],"wp:term":[{"taxonomy":"product_brand","embeddable":true,"href":"https:\/\/shop.kustom.ch\/fr\/wp-json\/wp\/v2\/product_brand?post=637331"},{"taxonomy":"product_cat","embeddable":true,"href":"https:\/\/shop.kustom.ch\/fr\/wp-json\/wp\/v2\/product_cat?post=637331"},{"taxonomy":"product_tag","embeddable":true,"href":"https:\/\/shop.kustom.ch\/fr\/wp-json\/wp\/v2\/product_tag?post=637331"}],"curies":[{"name":"wp","href":"https:\/\/api.w.org\/{rel}","templated":true}]}}